{"id":7593,"date":"2014-09-16T18:09:43","date_gmt":"2014-09-16T18:09:43","guid":{"rendered":"https:\/\/ritosa.click.si\/?post_type=product&#038;p=7593"},"modified":"2025-07-21T18:15:35","modified_gmt":"2025-07-21T16:15:35","slug":"poganjalec-cruzee","status":"publish","type":"product","link":"https:\/\/ritosa.click.si\/hr\/ducan\/biciklizam\/kotaci\/djecji-bicikli-2\/otroski-poganjalci\/poganjalec-cruzee\/","title":{"rendered":"Guralica Cruzee"},"content":{"rendered":"<p>Cruzee je inovativan i estetski ugodan autosjedalica, savr\u0161en za malu djecu koja u\u010de voziti. Dizajniran je za igru i prilago\u0111ava se djetetovom rastu kako bi se osiguralo sigurno i ugodno iskustvo vo\u017enje.<\/p>\n<p><strong>Glavne zna\u010dajke:<\/strong><\/p>\n<ul>\n<li><strong>Izuzetno lagan:<\/strong> Te\u017ei samo 1,9 kg, \u0161to ga \u010dini jednim od najlak\u0161ih romobila - djeca ga mogu lako upravljati i nositi.<\/li>\n<li><strong>Podesiva veli\u010dina:<\/strong>\u00a0Podesivo sjedalo i visina upravlja\u010da - prilago\u0111ava se razli\u010ditim visinama i raste s djetetom.<\/li>\n<li><strong>Izdr\u017eljivo:<\/strong> Aluminijski okvir otporan na hr\u0111u osigurava dugi vijek trajanja.<\/li>\n<li><strong>Udobnost i sigurnost:<\/strong> Mekani rukohvati po cijeloj \u0161irini upravlja\u010da i podstavljeno sjedalo osiguravaju udobnu vo\u017enju. Nizak profil omogu\u0107uje djetetu da obje noge stavi na tlo - vi\u0161e stabilnosti i samopouzdanja.<\/li>\n<li><strong>Bez odr\u017eavanja:<\/strong> Kota\u010di od EVA pjene koji su otporni na probijanje i ne zahtijevaju odr\u017eavanje - savr\u0161en izbor za bezbri\u017ene roditelje.<\/li>\n<\/ul>\n<p>Prikladan za djecu od 1,5 do 5 godina, Cruzee razvija ravnote\u017eu i koordinaciju te olak\u0161ava prijelaz na pravi bicikl.<\/p>\n<p><strong><span style=\"text-decoration: underline\">UPOZORENJA<\/span><\/strong><\/p>\n<ul>\n<li><strong><em>Obavezno no\u0161enje za\u0161titne opreme! (kaciga, \u0161titnici za zglobove, laktove i koljena)<\/em><\/strong><\/li>\n<li><strong><em>Predmet nije namijenjen za upotrebu u prometu!<\/em><\/strong><\/li>\n<li><strong><em>Prije upotrebe obavezno pro\u010ditajte upute za uporabu i upozorenja.<\/em><\/strong><\/li>\n<li><strong><em>Igra\u010dka<\/em>\u00a0<em>koristite s oprezom jer je potrebno puno vje\u0161tine kako biste izbjegli padove ili sudare,\u00a0<\/em><em>\u0161to bi moglo uzrokovati ozljedu korisnika ili tre\u0107e strane.<\/em><\/strong><\/li>\n<\/ul>\n<h5><\/h5>","protected":false},"excerpt":{"rendered":"<p>Dje\u010dji romobil Cruzee izuzetno je lagan i izdr\u017eljiv, dizajniran za djecu od 18 mjeseci do 5 godina. S podesivim sjedalom i upravlja\u010dem, aluminijskim okvirom otpornim na hr\u0111u i gumama od EVA pjene koje ne zahtijevaju odr\u017eavanje - osigurava sigurnu, zabavnu i bezbri\u017enu vo\u017enju te poti\u010de razvoj ravnote\u017ee i koordinacije, za lak\u0161i prelazak na bicikl s pedalama.<\/p>","protected":false},"featured_media":7610,"template":"","meta":{"_acf_changed":false,"inline_featured_image":false,"_monsterinsights_skip_tracking":false,"_monsterinsights_sitenote_active":false,"_monsterinsights_sitenote_note":"","_monsterinsights_sitenote_category":0},"product_brand":[1204],"product_cat":[566],"product_tag":[1198,1202,1007],"class_list":{"0":"post-7593","1":"product","2":"type-product","3":"status-publish","4":"has-post-thumbnail","6":"product_brand-cruzee","7":"product_cat-otroski-poganjalci","8":"product_tag-otroci","9":"product_tag-otroska-kolesa","10":"product_tag-otrosko-kolo","11":"pa_barva-crna","12":"pa_barva-modra","13":"pa_barva-oranzna","14":"pa_barva-rdeca","15":"pa_barva-roza","16":"pa_barva-srebrna","17":"pa_barva-zelena","18":"pa_barva-zlata","20":"first","21":"instock","22":"sale","23":"taxable","24":"shipping-taxable","25":"purchasable","26":"product-type-variable"},"acf":[],"aioseo_notices":[],"_links":{"self":[{"href":"https:\/\/ritosa.click.si\/hr\/wp-json\/wp\/v2\/product\/7593","targetHints":{"allow":["GET"]}}],"collection":[{"href":"https:\/\/ritosa.click.si\/hr\/wp-json\/wp\/v2\/product"}],"about":[{"href":"https:\/\/ritosa.click.si\/hr\/wp-json\/wp\/v2\/types\/product"}],"wp:featuredmedia":[{"embeddable":true,"href":"https:\/\/ritosa.click.si\/hr\/wp-json\/wp\/v2\/media\/7610"}],"wp:attachment":[{"href":"https:\/\/ritosa.click.si\/hr\/wp-json\/wp\/v2\/media?parent=7593"}],"wp:term":[{"taxonomy":"product_brand","embeddable":true,"href":"https:\/\/ritosa.click.si\/hr\/wp-json\/wp\/v2\/product_brand?post=7593"},{"taxonomy":"product_cat","embeddable":true,"href":"https:\/\/ritosa.click.si\/hr\/wp-json\/wp\/v2\/product_cat?post=7593"},{"taxonomy":"product_tag","embeddable":true,"href":"https:\/\/ritosa.click.si\/hr\/wp-json\/wp\/v2\/product_tag?post=7593"}],"curies":[{"name":"radni list","href":"https:\/\/api.w.org\/{rel}","templated":true}]}}