{"id":7589,"date":"2014-07-28T14:35:12","date_gmt":"2014-07-28T14:35:12","guid":{"rendered":"https:\/\/ritosa.click.si\/?post_type=product&#038;p=7589"},"modified":"2025-08-28T16:19:09","modified_gmt":"2025-08-28T14:19:09","slug":"stenski-nosilec-za-6-koles","status":"publish","type":"product","link":"https:\/\/ritosa.click.si\/hr\/ducan\/biciklizam\/nosilci-koles\/za-dom\/stenski-nosilec-za-6-koles\/","title":{"rendered":"Zidni nosa\u010d za 6 bicikala"},"content":{"rendered":"<p>Nosa\u010d za bicikle za pohranu bicikala u spremi\u0161tima za bicikle, u ku\u0107i, stambenim zgradama itd. Postavlja se na okomiti zid i omogu\u0107uje vam vje\u0161anje do \u0161est bicikala.<\/p>\n<p>Dimenzije: \u0161irina 130 cm.<\/p>\n<p>Razmak izme\u0111u kuka 24 cm.<\/p>","protected":false},"excerpt":{"rendered":"<p>PROVJERITE ROK DOSTAVE<\/p>\n<p>Nosa\u010d za bicikle za pohranu bicikala u spremi\u0161tima za bicikle, u ku\u0107i, stambenim zgradama itd. Postavlja se na okomiti zid i omogu\u0107uje vam vje\u0161anje do \u0161est bicikala.<\/p>","protected":false},"featured_media":7590,"template":"","meta":{"_acf_changed":false,"inline_featured_image":false},"product_brand":[],"product_cat":[528],"product_tag":[1271,1269,1270,1268],"class_list":{"0":"post-7589","1":"product","2":"type-product","3":"status-publish","4":"has-post-thumbnail","6":"product_cat-za-dom","7":"product_tag-nosilec-koles-za-na-steno","8":"product_tag-stenski-nosilec","9":"product_tag-stenski-nosilec-za-6-koles","10":"product_tag-stenski-nosilec-za-kolesa","12":"first","13":"instock","14":"taxable","15":"shipping-taxable","16":"purchasable","17":"product-type-simple"},"acf":[],"_links":{"self":[{"href":"https:\/\/ritosa.click.si\/hr\/wp-json\/wp\/v2\/product\/7589","targetHints":{"allow":["GET"]}}],"collection":[{"href":"https:\/\/ritosa.click.si\/hr\/wp-json\/wp\/v2\/product"}],"about":[{"href":"https:\/\/ritosa.click.si\/hr\/wp-json\/wp\/v2\/types\/product"}],"wp:featuredmedia":[{"embeddable":true,"href":"https:\/\/ritosa.click.si\/hr\/wp-json\/wp\/v2\/media\/7590"}],"wp:attachment":[{"href":"https:\/\/ritosa.click.si\/hr\/wp-json\/wp\/v2\/media?parent=7589"}],"wp:term":[{"taxonomy":"product_brand","embeddable":true,"href":"https:\/\/ritosa.click.si\/hr\/wp-json\/wp\/v2\/product_brand?post=7589"},{"taxonomy":"product_cat","embeddable":true,"href":"https:\/\/ritosa.click.si\/hr\/wp-json\/wp\/v2\/product_cat?post=7589"},{"taxonomy":"product_tag","embeddable":true,"href":"https:\/\/ritosa.click.si\/hr\/wp-json\/wp\/v2\/product_tag?post=7589"}],"curies":[{"name":"radni list","href":"https:\/\/api.w.org\/{rel}","templated":true}]}}