{"id":7579,"date":"2014-03-25T21:54:13","date_gmt":"2014-03-25T21:54:13","guid":{"rendered":"https:\/\/ritosa.click.si\/?post_type=product&#038;p=7579"},"modified":"2026-03-23T11:15:36","modified_gmt":"2026-03-23T10:15:36","slug":"ensko-mestno-kolo-26-vintage-6p","status":"publish","type":"product","link":"https:\/\/ritosa.click.si\/hr\/ducan\/biciklizam\/kotaci\/mestna-kolesa\/ensko-mestno-kolo-26-vintage-6p\/","title":{"rendered":"\u017denski gradski bicikl 26\u2033 Vintage \u2013 6p"},"content":{"rendered":"<p><strong>\u017dena<\/strong><strong> meso<\/strong><strong>Da<\/strong> <strong>bicikl<\/strong> <strong>26\u2033\u00a0<\/strong><strong>Vijak<\/strong><strong>dob<\/strong><strong> \u2013<\/strong><strong> 6<\/strong><strong> pritisnite<\/strong><strong>tav<\/strong><\/p>\n<p><strong>OKVIR:<\/strong> Hi-ten<br \/>\n<strong>VILICA:<\/strong> Hi-ten<br \/>\n<strong>KO\u010cNICE:<\/strong> Aluminijske V-ko\u010dnice<br \/>\n<strong>RU\u010cICE KO\u010cNICA:<\/strong> Aluminij<br \/>\n<strong>PRSTENI:<\/strong> Aluminij<br \/>\n<strong>PRIJENOS:<\/strong> Shimano TY21<br \/>\n<strong>RU\u010cICE MJENJA\u010cA:<\/strong> Shimano Revoshift<br \/>\n<strong>UPRAVLJANJE:<\/strong> Aluminij<br \/>\n<strong>NOSA\u010c UPRAVLJA\u010cA:<\/strong> Aluminij<br \/>\n<strong>PODR\u0160KA SJEDALA:<\/strong> Aluminij<br \/>\n<strong>KASETA:<\/strong> Shimano, 6 brzina<br \/>\n<strong>VOZA\u010c:<\/strong> Aluminij, jednostruki<br \/>\n<strong>PRIBOR:<\/strong> Svjetla, postolje, nosa\u010d za prtljagu, nosa\u010d ko\u0161are<br \/>\n<strong>GUME:<\/strong> 26\u00d71,3\/8<br \/>\n<strong>TE\u017dINA:<\/strong> 16,5 kg<\/p>","protected":false},"excerpt":{"rendered":"<p>\u017denski gradski bicikl 26\u2033 Vintage \u2013 6 brzina<\/p>","protected":false},"featured_media":7580,"template":"","meta":{"_acf_changed":false,"inline_featured_image":false},"product_brand":[681],"product_cat":[500],"product_tag":[1199],"class_list":{"0":"post-7579","1":"product","2":"type-product","3":"status-publish","4":"has-post-thumbnail","6":"product_brand-speedcross","7":"product_cat-mestna-kolesa","8":"product_tag-zenske","10":"first","11":"onbackorder","12":"taxable","13":"shipping-taxable","14":"purchasable","15":"product-type-simple"},"acf":[],"_links":{"self":[{"href":"https:\/\/ritosa.click.si\/hr\/wp-json\/wp\/v2\/product\/7579","targetHints":{"allow":["GET"]}}],"collection":[{"href":"https:\/\/ritosa.click.si\/hr\/wp-json\/wp\/v2\/product"}],"about":[{"href":"https:\/\/ritosa.click.si\/hr\/wp-json\/wp\/v2\/types\/product"}],"wp:featuredmedia":[{"embeddable":true,"href":"https:\/\/ritosa.click.si\/hr\/wp-json\/wp\/v2\/media\/7580"}],"wp:attachment":[{"href":"https:\/\/ritosa.click.si\/hr\/wp-json\/wp\/v2\/media?parent=7579"}],"wp:term":[{"taxonomy":"product_brand","embeddable":true,"href":"https:\/\/ritosa.click.si\/hr\/wp-json\/wp\/v2\/product_brand?post=7579"},{"taxonomy":"product_cat","embeddable":true,"href":"https:\/\/ritosa.click.si\/hr\/wp-json\/wp\/v2\/product_cat?post=7579"},{"taxonomy":"product_tag","embeddable":true,"href":"https:\/\/ritosa.click.si\/hr\/wp-json\/wp\/v2\/product_tag?post=7579"}],"curies":[{"name":"radni list","href":"https:\/\/api.w.org\/{rel}","templated":true}]}}