{"id":7569,"date":"2014-02-06T10:21:44","date_gmt":"2014-02-06T10:21:44","guid":{"rendered":"https:\/\/ritosa.click.si\/?post_type=product&#038;p=7569"},"modified":"2026-03-14T10:36:56","modified_gmt":"2026-03-14T09:36:56","slug":"sedez-treking-bravo-soft","status":"publish","type":"product","link":"https:\/\/ritosa.click.si\/hr\/ducan\/biciklizam\/oprema-za-biciklizam\/dodatna-oprema-in-rezervni-deli\/sedezi\/sedez-treking-bravo-soft\/","title":{"rendered":"Treking sjedalo Selle Montegrappa Bravo Soft"},"content":{"rendered":"<ul>\n<li>Pogodno za: Trekking bicikle, gradske bicikle te za one koji stavljaju udobnost na prvo mjesto na brdskim biciklima.<\/li>\n<li>Navlaka: Sinteti\u010dka ko\u017ea<\/li>\n<li>Mere: 275&#215;180 mm<\/li>\n<li>Masa: 660 gr<\/li>\n<\/ul>","protected":false},"excerpt":{"rendered":"<p>Bravo mekano trekking sjedalo. Trekking sjedalo za udobnu vo\u017enju u gradu i na stazama izvan grada. Vrlo mekano sjedalo pogodno za mu\u0161karce i \u017eene, nudi zaista udobnu dugotrajnu vo\u017enju.<\/p>","protected":false},"featured_media":21599,"template":"","meta":{"_acf_changed":false,"inline_featured_image":false},"product_brand":[2264],"product_cat":[541],"product_tag":[1200],"class_list":{"0":"post-7569","1":"product","2":"type-product","3":"status-publish","4":"has-post-thumbnail","6":"product_brand-selle-monte-grappa","7":"product_cat-sedezi","8":"product_tag-moski","10":"first","11":"instock","12":"taxable","13":"shipping-taxable","14":"purchasable","15":"product-type-simple"},"acf":[],"_links":{"self":[{"href":"https:\/\/ritosa.click.si\/hr\/wp-json\/wp\/v2\/product\/7569","targetHints":{"allow":["GET"]}}],"collection":[{"href":"https:\/\/ritosa.click.si\/hr\/wp-json\/wp\/v2\/product"}],"about":[{"href":"https:\/\/ritosa.click.si\/hr\/wp-json\/wp\/v2\/types\/product"}],"wp:featuredmedia":[{"embeddable":true,"href":"https:\/\/ritosa.click.si\/hr\/wp-json\/wp\/v2\/media\/21599"}],"wp:attachment":[{"href":"https:\/\/ritosa.click.si\/hr\/wp-json\/wp\/v2\/media?parent=7569"}],"wp:term":[{"taxonomy":"product_brand","embeddable":true,"href":"https:\/\/ritosa.click.si\/hr\/wp-json\/wp\/v2\/product_brand?post=7569"},{"taxonomy":"product_cat","embeddable":true,"href":"https:\/\/ritosa.click.si\/hr\/wp-json\/wp\/v2\/product_cat?post=7569"},{"taxonomy":"product_tag","embeddable":true,"href":"https:\/\/ritosa.click.si\/hr\/wp-json\/wp\/v2\/product_tag?post=7569"}],"curies":[{"name":"radni list","href":"https:\/\/api.w.org\/{rel}","templated":true}]}}