{"id":7567,"date":"2014-02-03T12:02:37","date_gmt":"2014-02-03T12:02:37","guid":{"rendered":"https:\/\/ritosa.click.si\/?post_type=product&#038;p=7567"},"modified":"2025-09-05T09:50:51","modified_gmt":"2025-09-05T07:50:51","slug":"nastavljiva-nogica-alu-otroska-12-18","status":"publish","type":"product","link":"https:\/\/ritosa.click.si\/hr\/ducan\/biciklizam\/oprema-za-biciklizam\/dodatna-oprema-in-rezervni-deli\/nogice-stojalo-za-kolesa\/nastavljiva-nogica-alu-otroska-12-18\/","title":{"rendered":"Podesiva aluminijska noga \u2013 dje\u010dja 12\u00a8-18\u00a8"},"content":{"rendered":"<p id=\"tw-target-text\" class=\"tw-data-text tw-text-large tw-ta\" dir=\"ltr\" style=\"text-align: left\"><span class=\"Y2IQFc\" lang=\"sl\" xml:lang=\"sl\">Iznimno lagani ACID stoje\u0107i stalak FM ROOKIE EASY S savr\u0161eno pristaje svim dje\u010djim biciklima CUBE s ravnim su\u010deljem za monta\u017eu. Veli\u010dina S idealna je za bicikle s kota\u010dima od 12\u2033 do 18\u2033. S ve\u0107im radijusom i mekim rubovima, dizajniran je kako bi odgovarao izgledu dje\u010djih bicikala CUBE. Duljina se mo\u017ee podesiti bez alata.<\/span><\/p>\n<p class=\"tw-data-text tw-text-large tw-ta\" dir=\"ltr\" style=\"text-align: left\"><span class=\"Y2IQFc\" lang=\"sl\" xml:lang=\"sl\">Zna\u010dajke:<\/span><\/p>\n<ul>\n<li data-start=\"463\" data-end=\"552\">Pogodno za sve CUBE bicikle s ravnim nosa\u010dem; za veli\u010dine kota\u010da od 12\u201d do 18\u201d<\/li>\n<li data-start=\"555\" data-end=\"573\">Lagana konstrukcija<\/li>\n<li data-start=\"576\" data-end=\"607\">Podesiva duljina bez alata<\/li>\n<li data-start=\"610\" data-end=\"653\"><strong data-start=\"610\" data-end=\"623\">Veli\u010dina:<\/strong> Za dje\u010dje bicikle od 12\u201d do 18\u201d<\/li>\n<li data-start=\"656\" data-end=\"688\"><strong data-start=\"656\" data-end=\"669\">Materijal:<\/strong> Aluminij, plastika<\/li>\n<li data-start=\"691\" data-end=\"706\"><strong data-start=\"691\" data-end=\"700\">Te\u017eina:<\/strong> 132 g<\/li>\n<li data-start=\"709\" data-end=\"740\"><strong data-start=\"709\" data-end=\"734\">Maksimalno optere\u0107enje:<\/strong> 25 kg<\/li>\n<\/ul>\n<p>&nbsp;<\/p>","protected":false},"excerpt":{"rendered":"<p>Veli\u010dina S: 30,5-46,5 cm<\/p>","protected":false},"featured_media":7568,"template":"","meta":{"_acf_changed":false,"inline_featured_image":false,"_monsterinsights_skip_tracking":false,"_monsterinsights_sitenote_active":false,"_monsterinsights_sitenote_note":"","_monsterinsights_sitenote_category":0},"product_brand":[1192],"product_cat":[565],"product_tag":[1329,1389,1198],"class_list":{"0":"post-7567","1":"product","2":"type-product","3":"status-publish","4":"has-post-thumbnail","6":"product_brand-cube","7":"product_cat-nogice-stojalo-za-kolesa","8":"product_tag-nogica-cube","9":"product_tag-nogica-za-otrosko-kolo","10":"product_tag-otroci","12":"first","13":"instock","14":"taxable","15":"shipping-taxable","16":"purchasable","17":"product-type-simple"},"acf":[],"aioseo_notices":[],"_links":{"self":[{"href":"https:\/\/ritosa.click.si\/hr\/wp-json\/wp\/v2\/product\/7567","targetHints":{"allow":["GET"]}}],"collection":[{"href":"https:\/\/ritosa.click.si\/hr\/wp-json\/wp\/v2\/product"}],"about":[{"href":"https:\/\/ritosa.click.si\/hr\/wp-json\/wp\/v2\/types\/product"}],"wp:featuredmedia":[{"embeddable":true,"href":"https:\/\/ritosa.click.si\/hr\/wp-json\/wp\/v2\/media\/7568"}],"wp:attachment":[{"href":"https:\/\/ritosa.click.si\/hr\/wp-json\/wp\/v2\/media?parent=7567"}],"wp:term":[{"taxonomy":"product_brand","embeddable":true,"href":"https:\/\/ritosa.click.si\/hr\/wp-json\/wp\/v2\/product_brand?post=7567"},{"taxonomy":"product_cat","embeddable":true,"href":"https:\/\/ritosa.click.si\/hr\/wp-json\/wp\/v2\/product_cat?post=7567"},{"taxonomy":"product_tag","embeddable":true,"href":"https:\/\/ritosa.click.si\/hr\/wp-json\/wp\/v2\/product_tag?post=7567"}],"curies":[{"name":"radni list","href":"https:\/\/api.w.org\/{rel}","templated":true}]}}