{"id":7561,"date":"2014-02-03T11:28:24","date_gmt":"2014-02-03T11:28:24","guid":{"rendered":"https:\/\/ritosa.click.si\/?post_type=product&#038;p=7561"},"modified":"2025-09-09T12:47:30","modified_gmt":"2025-09-09T10:47:30","slug":"nogica-ursus-alu-z-gumico","status":"publish","type":"product","link":"https:\/\/ritosa.click.si\/hr\/ducan\/biciklizam\/oprema-za-biciklizam\/dodatna-oprema-in-rezervni-deli\/nogice-stojalo-za-kolesa\/nogica-ursus-alu-z-gumico\/","title":{"rendered":"Nogar Ursus Alu s gumom"},"content":{"rendered":"<p>Ursus aluminijski nogar s gumom za kota\u010de od 28\".<\/p>\n<p>S mogu\u0107no\u0161\u0107u rezanja (ozna\u010dena veli\u010dina kota\u010da), pogodno i za sve manje kota\u010de. Centralna ugradnja s vijkom, \u0161iroka potporna guma.<\/p>","protected":false},"excerpt":{"rendered":"<p>Ursus aluminijski nogar za 28\" kota\u010de.<\/p>\n<p>Dostupno samo u sivoj boji.<\/p>","protected":false},"featured_media":7564,"template":"","meta":{"_acf_changed":false,"inline_featured_image":false,"_monsterinsights_skip_tracking":false,"_monsterinsights_sitenote_active":false,"_monsterinsights_sitenote_note":"","_monsterinsights_sitenote_category":0},"product_brand":[],"product_cat":[565],"product_tag":[1425],"class_list":{"0":"post-7561","1":"product","2":"type-product","3":"status-publish","4":"has-post-thumbnail","6":"product_cat-nogice-stojalo-za-kolesa","7":"product_tag-aluminijasta-nogica","8":"pa_barva-crna","9":"pa_barva-siva","11":"first","12":"instock","13":"taxable","14":"shipping-taxable","15":"purchasable","16":"product-type-simple"},"acf":[],"aioseo_notices":[],"_links":{"self":[{"href":"https:\/\/ritosa.click.si\/hr\/wp-json\/wp\/v2\/product\/7561","targetHints":{"allow":["GET"]}}],"collection":[{"href":"https:\/\/ritosa.click.si\/hr\/wp-json\/wp\/v2\/product"}],"about":[{"href":"https:\/\/ritosa.click.si\/hr\/wp-json\/wp\/v2\/types\/product"}],"wp:featuredmedia":[{"embeddable":true,"href":"https:\/\/ritosa.click.si\/hr\/wp-json\/wp\/v2\/media\/7564"}],"wp:attachment":[{"href":"https:\/\/ritosa.click.si\/hr\/wp-json\/wp\/v2\/media?parent=7561"}],"wp:term":[{"taxonomy":"product_brand","embeddable":true,"href":"https:\/\/ritosa.click.si\/hr\/wp-json\/wp\/v2\/product_brand?post=7561"},{"taxonomy":"product_cat","embeddable":true,"href":"https:\/\/ritosa.click.si\/hr\/wp-json\/wp\/v2\/product_cat?post=7561"},{"taxonomy":"product_tag","embeddable":true,"href":"https:\/\/ritosa.click.si\/hr\/wp-json\/wp\/v2\/product_tag?post=7561"}],"curies":[{"name":"radni list","href":"https:\/\/api.w.org\/{rel}","templated":true}]}}