{"id":7519,"date":"2013-04-03T12:46:00","date_gmt":"2013-04-03T12:46:00","guid":{"rendered":"https:\/\/ritosa.click.si\/?post_type=product&#038;p=7519"},"modified":"2025-08-21T11:03:41","modified_gmt":"2025-08-21T09:03:41","slug":"citniki-roces-set-black-otroski","status":"publish","type":"product","link":"https:\/\/ritosa.click.si\/hr\/ducan\/rolerji\/otroski-rolerji\/citniki-roces-set-black-otroski\/","title":{"rendered":"Roces set \u0161titnika crne boje za djecu"},"content":{"rendered":"<p>Dje\u010dji set \u0161titnika za role ROCES crni<\/p>\n<div><span style=\"font-family: Verdana;font-size: 10pt\">Roces \u0161titnici za role <span style=\"font-family: Verdana;font-size: 10pt\"><span style=\"font-family: Verdana;font-size: 10pt\">Trodijelni: \u0161titnici za laktove, zape\u0161\u0107a i koljena.<\/span><\/span><\/span><\/div>\n<div><span style=\"font-family: Verdana;font-size: 10pt\"><span style=\"font-family: Verdana;font-size: 10pt;font-weight: bold\">Veli\u010dina<\/span>MJR<\/span><\/div>\n<div><\/div>\n<div><span style=\"font-family: Verdana;font-size: 10pt\">\u0160titnike mo\u017eete nabaviti u na\u0161oj internetskoj trgovini, a tako\u0111er i u na\u0161em biciklisti\u010dkom centru Rito\u0161a u Izoli.<\/span><\/div>","protected":false},"excerpt":{"rendered":"<p>Dje\u010dji set \u0161titnika za role ROCES crni<\/p>","protected":false},"featured_media":7521,"template":"","meta":{"_acf_changed":false,"inline_featured_image":false},"product_brand":[684],"product_cat":[583,521],"product_tag":[1198,1230,1228,1229,1234],"class_list":{"0":"post-7519","1":"product","2":"type-product","3":"status-publish","4":"has-post-thumbnail","6":"product_brand-roces","7":"product_cat-otroski-rolerji","8":"product_cat-scitniki","9":"product_tag-otroci","10":"product_tag-scitniki-roces","11":"product_tag-scitniki-za-otroke","12":"product_tag-scitniki-za-rolanje","13":"product_tag-set-scitnikov-za-otroke","14":"pa_velikost-mrj","16":"first","17":"instock","18":"sale","19":"taxable","20":"shipping-taxable","21":"purchasable","22":"product-type-variable"},"acf":[],"_links":{"self":[{"href":"https:\/\/ritosa.click.si\/hr\/wp-json\/wp\/v2\/product\/7519","targetHints":{"allow":["GET"]}}],"collection":[{"href":"https:\/\/ritosa.click.si\/hr\/wp-json\/wp\/v2\/product"}],"about":[{"href":"https:\/\/ritosa.click.si\/hr\/wp-json\/wp\/v2\/types\/product"}],"wp:featuredmedia":[{"embeddable":true,"href":"https:\/\/ritosa.click.si\/hr\/wp-json\/wp\/v2\/media\/7521"}],"wp:attachment":[{"href":"https:\/\/ritosa.click.si\/hr\/wp-json\/wp\/v2\/media?parent=7519"}],"wp:term":[{"taxonomy":"product_brand","embeddable":true,"href":"https:\/\/ritosa.click.si\/hr\/wp-json\/wp\/v2\/product_brand?post=7519"},{"taxonomy":"product_cat","embeddable":true,"href":"https:\/\/ritosa.click.si\/hr\/wp-json\/wp\/v2\/product_cat?post=7519"},{"taxonomy":"product_tag","embeddable":true,"href":"https:\/\/ritosa.click.si\/hr\/wp-json\/wp\/v2\/product_tag?post=7519"}],"curies":[{"name":"radni list","href":"https:\/\/api.w.org\/{rel}","templated":true}]}}