{"id":7517,"date":"2013-02-04T13:48:42","date_gmt":"2013-02-04T13:48:42","guid":{"rendered":"https:\/\/ritosa.click.si\/?post_type=product&#038;p=7517"},"modified":"2025-06-27T11:19:19","modified_gmt":"2025-06-27T09:19:19","slug":"trenazer-rock-and-roll","status":"publish","type":"product","link":"https:\/\/ritosa.click.si\/hr\/ducan\/biciklizam\/trenazer-rock-and-roll\/","title":{"rendered":"Trena\u017eer Rock and Roll"},"content":{"rendered":"<p>\u00a0<\/p>\n<p>Kinetic Rock and Roll trena\u017eer je jedini koji omogu\u0107uje naginjanje lijevo i desno te vo\u017enju stoje\u0107i. Jedinstveni trena\u017eer na kojem mo\u017eemo bez straha trenirati \u010dak i sa svim &quot;karbonskim&quot; biciklima. PA\u017dNJA! Prilikom kupnje trena\u017eera - gumena guma za trena\u017eer po va\u0161em izboru - gratis.\t\t<br \/>\n\u00a0<\/p>\n<p>Proizvo\u0111a\u010d Kurt Kintetic stvorio je jedinstveni trena\u017eer na kojem mo\u017eemo trenirati bez straha, \u010dak i sa svim &quot;karbonskim&quot; biciklima.<\/p>\n<p>Jedinstveni na\u010din monta\u017ee kota\u010da i struktura Rock&#039;n&#039;roll trena\u017eera eliminiraju vibracije koje bi mogle o\u0161tetiti okvir. To se posebno odnosi na vo\u017enju stoje\u0107i. Kota\u010d se naginje lijevo i desno, \u0161to omogu\u0107uje bo\u010dne pokrete kao na cesti. Ko\u010dioni sustav temelji se na magnetima, \u0161to gotovo onemogu\u0107uje curenje ulja. Ko\u010dnicu hladi 80 aluminijskih rebara za hla\u0111enje, a te\u0161ki i veliki zama\u0161njak omogu\u0107uje glatku i u\u010dinkovitu vo\u017enju. Le\u017ee\u0107i kota\u010d mo\u017ee se zamijeniti jo\u0161 ve\u0107im. Prilikom kori\u0161tenja Rock&#039;n&#039;roll trena\u017eera preporu\u010duje se kori\u0161tenje posebnog postolja za prednji kota\u010d koji omogu\u0107uje pomicanje prednjeg kota\u010da. Jaka zelena boja za\u0161ti\u0107eni je znak po kojem mo\u017eemo brzo prepoznati Kurt Kinetic trena\u017eere.<\/p>\n<p>\u00a0<\/p>\n<p><strong>Prednosti Kurt Kinetic Rock&#039;n&#039;roll trena\u017eera:<\/strong><\/p>\n<ul>\n<li>Realisti\u010dna vo\u017enja u zatvorenom prostoru<\/li>\n<\/ul>\n<ul>\n<li>Snaga mi\u0161i\u0107a trupa odr\u017eava pravilnu ravnote\u017eu tijekom vo\u017enje<\/li>\n<\/ul>\n<ul>\n<li>\u010cini svakog biciklista ja\u010dim i br\u017eim<\/li>\n<\/ul>\n<ul>\n<li>Mjerljiva i ponovljiva radna optere\u0107enja<\/li>\n<\/ul>\n<ul>\n<li>Funkcija zaklju\u010davanja za konvencionalnu upotrebu<\/li>\n<\/ul>\n<ul>\n<li>Brzo otpu\u0161tanje stezaljke i zaklju\u010davanja s polugom za zaklju\u010davanje bicikla osigurava jednostavnu ugradnju<\/li>\n<\/ul>\n<ul>\n<li>Odvojive noge za jednostavno skladi\u0161tenje<\/li>\n<\/ul>\n<ul>\n<li>Noga po mjeri<\/li>\n<\/ul>\n<ul>\n<li>Bezuvjetno do\u017eivotno jamstvo<\/li>\n<\/ul>\n<ul>\n<li>Okretni prsten za podizanje preporu\u010duje se za kori\u0161tenje s Rock &amp; Roll Trainerom.<\/li>\n<\/ul>\n<p>\u00a0<\/p>\n<p><em><strong>Naziv proizvoda<\/strong><\/em>Kinetic od Kurta Rock&#039;n&#039;rolla<br \/>\n<em><strong>Boja<\/strong>:<\/em> Zelena<br \/>\n<em><strong>Rebra za hla\u0111enje<\/strong><\/em>Aluminij, 80 komada<br \/>\n<em><strong>Materijal<\/strong><\/em>\u010celik, aluminij<\/p>\n<p>\u00a0<\/p>\n<p>\u00a0<img decoding=\"async\" title=\"KINETI\u010cKI TRENER T-016 ROCK AND ROLL\" alt=\"KINETI\u010cKI TRENER T-016 ROCK AND ROLL\" src=\"http:\/\/www.factorystore.si\/media\/catalog\/product\/cache\/1\/image\/265x265\/17f82f742ffe127f42dca9de82fb58b1\/t\/-\/t-016_rocknroll2_lib_1_1.jpg\" id=\"image\" \/><\/p>\n<p style=\"\" class=\"Framecontents\">Servis i trgovina biciklima Rito\u0161a nudi vam bicikle GT, SPECIALIZED, SCOTT, MERIDA, CULT, CENTURION, AUTHOR, AURORA, ...<\/p>\n<p style=\"\" class=\"Framecontents\">Biciklisti\u010dki centar<span style=\"\">\u00a0 <\/span>RITO\u0160A najve\u0107i biciklisti\u010dki centar na Obali<\/p>\n<p class=\"Framecontents\">Kajuhova ulica 28 6310 IZOLA<\/p>\n<p class=\"Framecontents\">Telefon: 05-6401 240<\/p>\n<p class=\"Framecontents\">web stranica:<span style=\"\">\u00a0   <\/span><a href=\"http:\/\/www.ritosa.si\/\"><span style=\"\">www.ritosa.si<\/span><\/a><\/p>\n<p>\u00a0<\/p>","protected":false},"excerpt":{"rendered":"<p>\u00a0<\/p>","protected":false},"featured_media":7518,"template":"","meta":{"_acf_changed":false,"inline_featured_image":false},"product_brand":[672,673],"product_cat":[1185],"product_tag":[],"class_list":{"0":"post-7517","1":"product","2":"type-product","3":"status-publish","4":"has-post-thumbnail","6":"product_brand-author","7":"product_brand-specialized","8":"product_cat-kolesarstvo","10":"first","11":"instock","12":"taxable","13":"shipping-taxable","14":"purchasable","15":"product-type-simple"},"acf":[],"_links":{"self":[{"href":"https:\/\/ritosa.click.si\/hr\/wp-json\/wp\/v2\/product\/7517","targetHints":{"allow":["GET"]}}],"collection":[{"href":"https:\/\/ritosa.click.si\/hr\/wp-json\/wp\/v2\/product"}],"about":[{"href":"https:\/\/ritosa.click.si\/hr\/wp-json\/wp\/v2\/types\/product"}],"wp:featuredmedia":[{"embeddable":true,"href":"https:\/\/ritosa.click.si\/hr\/wp-json\/wp\/v2\/media\/7518"}],"wp:attachment":[{"href":"https:\/\/ritosa.click.si\/hr\/wp-json\/wp\/v2\/media?parent=7517"}],"wp:term":[{"taxonomy":"product_brand","embeddable":true,"href":"https:\/\/ritosa.click.si\/hr\/wp-json\/wp\/v2\/product_brand?post=7517"},{"taxonomy":"product_cat","embeddable":true,"href":"https:\/\/ritosa.click.si\/hr\/wp-json\/wp\/v2\/product_cat?post=7517"},{"taxonomy":"product_tag","embeddable":true,"href":"https:\/\/ritosa.click.si\/hr\/wp-json\/wp\/v2\/product_tag?post=7517"}],"curies":[{"name":"radni list","href":"https:\/\/api.w.org\/{rel}","templated":true}]}}