{"id":7515,"date":"2013-01-28T13:02:35","date_gmt":"2013-01-28T13:02:35","guid":{"rendered":"https:\/\/ritosa.click.si\/?post_type=product&#038;p=7515"},"modified":"2025-09-22T11:30:10","modified_gmt":"2025-09-22T09:30:10","slug":"tlacilka-topeak-mini-dual-dxg","status":"publish","type":"product","link":"https:\/\/ritosa.click.si\/hr\/ducan\/biciklizam\/oprema-za-biciklizam\/dodatna-oprema-in-rezervni-deli\/kolesarske-tlacilke-pumpe\/tlacilka-topeak-mini-dual-dxg\/","title":{"rendered":"Pumpa \u2013 TOPEAK MINI DUAL DXG"},"content":{"rendered":"<p>Mo\u0107na mini pumpa s manometrom ima dvostruko pumpanje i pametnu glavu koja se prilago\u0111ava Presta i auto ventilima.<\/p>\n<ul>\n<li>Glava: SmartHead<\/li>\n<li>Ku\u0107i\u0161te: aluminij<\/li>\n<li>Kapacitet: 120 psi \/ 8 bara<\/li>\n<li>Veli\u010dina: (D x \u0160 x V) 23,1 x 4,7 x 3,2 cm<\/li>\n<li>Te\u017eina: 170 g<\/li>\n<li>Ostalo: nosa\u010d za pri\u010dvr\u0161\u0107ivanje pumpe na okvir bicikla<\/li>\n<\/ul>\n<p>Mini pumpe Topeak mo\u017eete naru\u010diti u na\u0161oj online trgovini ili ih preuzeti u na\u0161em biciklisti\u010dkom centru Rito\u0161a u Izoli.<\/p>","protected":false},"excerpt":{"rendered":"<p>Mo\u0107na mini pumpa s manometrom ima dvostruko pumpanje i pametnu glavu koja se prilago\u0111ava Presta i auto ventilima.<\/p>","protected":false},"featured_media":7516,"template":"","meta":{"_acf_changed":false,"inline_featured_image":false,"_monsterinsights_skip_tracking":false,"_monsterinsights_sitenote_active":false,"_monsterinsights_sitenote_note":"","_monsterinsights_sitenote_category":0},"product_brand":[1395],"product_cat":[533],"product_tag":[1599,1595,1597,1554],"class_list":{"0":"post-7515","1":"product","2":"type-product","3":"status-publish","4":"has-post-thumbnail","6":"product_brand-topeak","7":"product_cat-kolesarske-tlacilke-pumpe","8":"product_tag-pumpa","9":"product_tag-tlacilka","10":"product_tag-tlacilka-topeak","11":"product_tag-topeak","13":"first","14":"instock","15":"sale","16":"taxable","17":"shipping-taxable","18":"purchasable","19":"product-type-simple"},"acf":[],"aioseo_notices":[],"_links":{"self":[{"href":"https:\/\/ritosa.click.si\/hr\/wp-json\/wp\/v2\/product\/7515","targetHints":{"allow":["GET"]}}],"collection":[{"href":"https:\/\/ritosa.click.si\/hr\/wp-json\/wp\/v2\/product"}],"about":[{"href":"https:\/\/ritosa.click.si\/hr\/wp-json\/wp\/v2\/types\/product"}],"wp:featuredmedia":[{"embeddable":true,"href":"https:\/\/ritosa.click.si\/hr\/wp-json\/wp\/v2\/media\/7516"}],"wp:attachment":[{"href":"https:\/\/ritosa.click.si\/hr\/wp-json\/wp\/v2\/media?parent=7515"}],"wp:term":[{"taxonomy":"product_brand","embeddable":true,"href":"https:\/\/ritosa.click.si\/hr\/wp-json\/wp\/v2\/product_brand?post=7515"},{"taxonomy":"product_cat","embeddable":true,"href":"https:\/\/ritosa.click.si\/hr\/wp-json\/wp\/v2\/product_cat?post=7515"},{"taxonomy":"product_tag","embeddable":true,"href":"https:\/\/ritosa.click.si\/hr\/wp-json\/wp\/v2\/product_tag?post=7515"}],"curies":[{"name":"radni list","href":"https:\/\/api.w.org\/{rel}","templated":true}]}}