{"id":7509,"date":"2013-01-28T12:33:51","date_gmt":"2013-01-28T12:33:51","guid":{"rendered":"https:\/\/ritosa.click.si\/?post_type=product&#038;p=7509"},"modified":"2025-09-22T11:21:11","modified_gmt":"2025-09-22T09:21:11","slug":"tlacilka-pumpa-za-doma-delavniska-topeak-joeblow-max","status":"publish","type":"product","link":"https:\/\/ritosa.click.si\/hr\/ducan\/biciklizam\/oprema-za-biciklizam\/dodatna-oprema-in-rezervni-deli\/kolesarske-tlacilke-pumpe\/tlacilka-pumpa-za-doma-delavniska-topeak-joeblow-max\/","title":{"rendered":"Pumpa - pumpa za ku\u0107nu radionicu TOPEAK JOEBLOW MAX"},"content":{"rendered":"<p>Osnovna Topeak podna pumpa izra\u0111ena je od \u010delika. Mo\u017ee se koristiti s Presta i auto ventilima. Uz pumpu dolazi i nastavak za napuhavanje jastuka i lopti.<\/p>\n<ul>\n<li>Glava: TwinHead\u2122 (dvostruka glava)<\/li>\n<li>Ku\u0107i\u0161te: obojeni \u010delik<\/li>\n<li>Mjera\u010d: analogni<\/li>\n<li>Kapacitet: 120 psi \/ 8 bara<\/li>\n<li>Veli\u010dina: (D x \u0160 x V) 12,7 x 24 x 67,5 cm<\/li>\n<li>Te\u017eina: 1,6 kg<\/li>\n<\/ul>\n<p>Pumpu Topeak JoeBlow mo\u017eete naru\u010diti u na\u0161oj online trgovini ili je preuzeti u na\u0161em biciklisti\u010dkom centru Rito\u0161a u Izoli.<\/p>","protected":false},"excerpt":{"rendered":"<p>Osnovna Topeak podna pumpa izra\u0111ena je od \u010delika. Mo\u017ee se koristiti s Presta i auto ventilima. Uz pumpu dolazi i nastavak za napuhavanje jastuka i lopti.<\/p>","protected":false},"featured_media":7510,"template":"","meta":{"_acf_changed":false,"inline_featured_image":false},"product_brand":[1395],"product_cat":[533],"product_tag":[1599,1598,1595,1600,1554],"class_list":{"0":"post-7509","1":"product","2":"type-product","3":"status-publish","4":"has-post-thumbnail","6":"product_brand-topeak","7":"product_cat-kolesarske-tlacilke-pumpe","8":"product_tag-pumpa","9":"product_tag-pumpa-za-kolo","10":"product_tag-tlacilka","11":"product_tag-tlacilka-za-kolo-topeak","12":"product_tag-topeak","14":"first","15":"instock","16":"sale","17":"taxable","18":"shipping-taxable","19":"purchasable","20":"product-type-simple"},"acf":[],"_links":{"self":[{"href":"https:\/\/ritosa.click.si\/hr\/wp-json\/wp\/v2\/product\/7509","targetHints":{"allow":["GET"]}}],"collection":[{"href":"https:\/\/ritosa.click.si\/hr\/wp-json\/wp\/v2\/product"}],"about":[{"href":"https:\/\/ritosa.click.si\/hr\/wp-json\/wp\/v2\/types\/product"}],"wp:featuredmedia":[{"embeddable":true,"href":"https:\/\/ritosa.click.si\/hr\/wp-json\/wp\/v2\/media\/7510"}],"wp:attachment":[{"href":"https:\/\/ritosa.click.si\/hr\/wp-json\/wp\/v2\/media?parent=7509"}],"wp:term":[{"taxonomy":"product_brand","embeddable":true,"href":"https:\/\/ritosa.click.si\/hr\/wp-json\/wp\/v2\/product_brand?post=7509"},{"taxonomy":"product_cat","embeddable":true,"href":"https:\/\/ritosa.click.si\/hr\/wp-json\/wp\/v2\/product_cat?post=7509"},{"taxonomy":"product_tag","embeddable":true,"href":"https:\/\/ritosa.click.si\/hr\/wp-json\/wp\/v2\/product_tag?post=7509"}],"curies":[{"name":"radni list","href":"https:\/\/api.w.org\/{rel}","templated":true}]}}