{"id":7442,"date":"2012-06-06T11:19:37","date_gmt":"2012-06-06T11:19:37","guid":{"rendered":"https:\/\/ritosa.click.si\/?post_type=product&#038;p=7442"},"modified":"2025-09-23T16:02:45","modified_gmt":"2025-09-23T14:02:45","slug":"vlecni-drog-trail-angel-za-otroska-kolesa","status":"publish","type":"product","link":"https:\/\/ritosa.click.si\/hr\/ducan\/biciklizam\/kotaci\/djecji-bicikli-2\/12\/vlecni-drog-trail-angel-za-otroska-kolesa\/","title":{"rendered":"Vu\u010dna \u0161ipka Trail Angel za dje\u010dje bicikle"},"content":{"rendered":"<p>Trail Angel je vu\u010dna kuka koja sigurno spaja dje\u010dji bicikl s odraslom osobom, omogu\u0107uju\u0107i roditeljima da vuku svoje dijete na dulje vo\u017enje, uzbrdo ili kada je dijete umorno. Pogodna je za djecu od 4 do 9 godina, pru\u017ea stabilno, sigurno i udobno iskustvo, s roditeljem u potpunoj kontroli smjera i brzine.<\/p>\n<p>Jednostavan je i jednostavan za kori\u0161tenje. Trail Angel se postavlja i pri\u010dvr\u0161\u0107uje samo jednim gumbom, a opet je siguran i pouzdan. Odgovara svim okvirima bicikala i ne zahtijeva dodatne dijelove za postavljanje na bicikl ili pode\u0161avanje nosa\u010da. Postavljanje traje samo 1 minutu i ve\u0107 mo\u017eete u\u017eivati u putovanju zajedno sa svojim djetetom.<\/p>\n<p>Kada vu\u010da nije potrebna, Trail Angel se lako sklapa i pri\u010dvr\u0161\u0107uje na bicikl za odrasle. Izvrstan je za obiteljske vo\u017enje biciklom, omogu\u0107uju\u0107i vam prebacivanje izme\u0111u samostalne vo\u017enje i vu\u010de.<\/p>\n<p><strong>Glavne zna\u010dajke:<\/strong><\/p>\n<ul>\n<li>Pogodno za dje\u010dje bicikle s kota\u010dima od 10-20&quot;<\/li>\n<li>Maksimalna te\u017eina djeteta: otprilike 30 kg<\/li>\n<li>Jednostavno pri\u010dvr\u0161\u0107ivanje i uklanjanje<\/li>\n<li>Kompaktno sklopivo kada se ne koristi<\/li>\n<li>Pove\u0107ava sigurnost i samopouzdanje prilikom zajedni\u010dke vo\u017enje<\/li>\n<li>Izdr\u017eljiva \u010deli\u010dna konstrukcija<\/li>\n<\/ul>\n<p>&nbsp;<\/p>\n<p><img decoding=\"async\" src=\"https:\/\/ritosa.si\/userfiles\/image\/angel2.jpg\" \/><\/p>","protected":false},"excerpt":{"rendered":"<p>Vu\u010dna kuka Peruzzo Trail Angel za dje\u010dje bicikle - omogu\u0107uje vam sigurno i jednostavno vu\u010denje djeteta na biciklu. Dostupna u crvenoj boji.<\/p>","protected":false},"featured_media":7444,"template":"","meta":{"_acf_changed":false,"inline_featured_image":false},"product_brand":[685],"product_cat":[643,644,645,538,524],"product_tag":[1198,1202,1007,1647,1648,1646,1649],"class_list":{"0":"post-7442","1":"product","2":"type-product","3":"status-publish","4":"has-post-thumbnail","6":"product_brand-peruzzo","7":"product_cat-643","8":"product_cat-644","9":"product_cat-645","10":"product_cat-otroski-sedezi","11":"product_cat-vozicki-in-prikolice","12":"product_tag-otroci","13":"product_tag-otroska-kolesa","14":"product_tag-otrosko-kolo","15":"product_tag-trail-angel","16":"product_tag-vlecni-drog","17":"product_tag-vlecni-drog-trail-angel","18":"product_tag-vlecni-drog-za-otroka","19":"pa_barva-rdeca","20":"pa_barva-rumena","22":"first","23":"instock","24":"sale","25":"taxable","26":"shipping-taxable","27":"purchasable","28":"product-type-simple"},"acf":[],"_links":{"self":[{"href":"https:\/\/ritosa.click.si\/hr\/wp-json\/wp\/v2\/product\/7442","targetHints":{"allow":["GET"]}}],"collection":[{"href":"https:\/\/ritosa.click.si\/hr\/wp-json\/wp\/v2\/product"}],"about":[{"href":"https:\/\/ritosa.click.si\/hr\/wp-json\/wp\/v2\/types\/product"}],"wp:featuredmedia":[{"embeddable":true,"href":"https:\/\/ritosa.click.si\/hr\/wp-json\/wp\/v2\/media\/7444"}],"wp:attachment":[{"href":"https:\/\/ritosa.click.si\/hr\/wp-json\/wp\/v2\/media?parent=7442"}],"wp:term":[{"taxonomy":"product_brand","embeddable":true,"href":"https:\/\/ritosa.click.si\/hr\/wp-json\/wp\/v2\/product_brand?post=7442"},{"taxonomy":"product_cat","embeddable":true,"href":"https:\/\/ritosa.click.si\/hr\/wp-json\/wp\/v2\/product_cat?post=7442"},{"taxonomy":"product_tag","embeddable":true,"href":"https:\/\/ritosa.click.si\/hr\/wp-json\/wp\/v2\/product_tag?post=7442"}],"curies":[{"name":"radni list","href":"https:\/\/api.w.org\/{rel}","templated":true}]}}