{"id":7419,"date":"2012-03-27T10:22:56","date_gmt":"2012-03-27T10:22:56","guid":{"rendered":"https:\/\/ritosa.click.si\/?post_type=product&#038;p=7419"},"modified":"2025-08-28T17:01:09","modified_gmt":"2025-08-28T15:01:09","slug":"nosilec-za-3-kolesa","status":"publish","type":"product","link":"https:\/\/ritosa.click.si\/hr\/ducan\/biciklizam\/nosilci-koles\/za-dom\/nosilec-za-3-kolesa\/","title":{"rendered":"Nosa\u010d za 3 bicikla"},"content":{"rendered":"<p>Podni nosa\u010d za bicikle za 3 bicikla, ispred trgovine, ispred stambene zgrade, ispred bara, ispred ku\u0107e ili u spremi\u0161tu za bicikle.<\/p>\n<p>Dimenzije: 770 mm x 410 mm<\/p>\n<p>Nosa\u010d je metalni i za\u0161ti\u0107en od hr\u0111e.<\/p>","protected":false},"excerpt":{"rendered":"<p>Nosa\u010d za 3 bicikla koji se montira na pod.<\/p>","protected":false},"featured_media":7420,"template":"","meta":{"_acf_changed":false,"inline_featured_image":false,"_monsterinsights_skip_tracking":false,"_monsterinsights_sitenote_active":false,"_monsterinsights_sitenote_note":"","_monsterinsights_sitenote_category":0},"product_brand":[],"product_cat":[528],"product_tag":[1285,1286],"class_list":{"0":"post-7419","1":"product","2":"type-product","3":"status-publish","4":"has-post-thumbnail","6":"product_cat-za-dom","7":"product_tag-nosilec-koles","8":"product_tag-nosilec-za-3-kolesa","10":"first","11":"instock","12":"sale","13":"taxable","14":"shipping-taxable","15":"purchasable","16":"product-type-simple"},"acf":[],"aioseo_notices":[],"_links":{"self":[{"href":"https:\/\/ritosa.click.si\/hr\/wp-json\/wp\/v2\/product\/7419","targetHints":{"allow":["GET"]}}],"collection":[{"href":"https:\/\/ritosa.click.si\/hr\/wp-json\/wp\/v2\/product"}],"about":[{"href":"https:\/\/ritosa.click.si\/hr\/wp-json\/wp\/v2\/types\/product"}],"wp:featuredmedia":[{"embeddable":true,"href":"https:\/\/ritosa.click.si\/hr\/wp-json\/wp\/v2\/media\/7420"}],"wp:attachment":[{"href":"https:\/\/ritosa.click.si\/hr\/wp-json\/wp\/v2\/media?parent=7419"}],"wp:term":[{"taxonomy":"product_brand","embeddable":true,"href":"https:\/\/ritosa.click.si\/hr\/wp-json\/wp\/v2\/product_brand?post=7419"},{"taxonomy":"product_cat","embeddable":true,"href":"https:\/\/ritosa.click.si\/hr\/wp-json\/wp\/v2\/product_cat?post=7419"},{"taxonomy":"product_tag","embeddable":true,"href":"https:\/\/ritosa.click.si\/hr\/wp-json\/wp\/v2\/product_tag?post=7419"}],"curies":[{"name":"radni list","href":"https:\/\/api.w.org\/{rel}","templated":true}]}}