{"id":7398,"date":"2011-12-16T13:01:37","date_gmt":"2011-12-16T13:01:37","guid":{"rendered":"https:\/\/ritosa.click.si\/?post_type=product&#038;p=7398"},"modified":"2025-09-18T12:58:45","modified_gmt":"2025-09-18T10:58:45","slug":"set-luci-prva-in-zadnja-topeak-combo","status":"publish","type":"product","link":"https:\/\/ritosa.click.si\/hr\/ducan\/biciklizam\/oprema-za-biciklizam\/dodatna-oprema-in-rezervni-deli\/luci-zarometi\/set-luci-prva-in-zadnja-topeak-combo\/","title":{"rendered":"Topeak set prednjih i stra\u017enjih svjetala"},"content":{"rendered":"<div class=\"product-collateral\">\n<div class=\"box-collateral box-description\">\n<p>Prednje svjetlo s tri sna\u017ene LED diode osvijetlit \u0107e vam put kada sunce za\u0111e. Stra\u017enje svjetlo s \u010detiri LED diode pru\u017ea \u0161irok kut osvjetljenja (220). Lako se pri\u010dvr\u0161\u0107uje na bicikl gumenim trakama.<\/p>\n<div class=\"std\">\n<p><strong>Prednje svjetlo:<\/strong><\/p>\n<ul>\n<li>\u017darulja: 3 svijetle LED diode<\/li>\n<li>Na\u010din rada: konstantan \/ trep\u0107u\u0107i<\/li>\n<li>CR2032 baterije (2) (uklju\u010dene)<\/li>\n<li>Trajanje baterije: 60 sati \/ 100 sati<\/li>\n<li>Osvjetljenje: 1,5 (Lux\/5M) \/ 0,8 (Lux\/10M)<\/li>\n<li>Veli\u010dina: (D x \u0160 x V) 5,8 x 3,5 x 3,5 cm<\/li>\n<li>Te\u017eina: 24 g<\/li>\n<\/ul>\n<p><strong>Stra\u017enje svjetlo:<\/strong><\/p>\n<ul>\n<li>\u017darulja: 4 crvene diode<\/li>\n<li>Na\u010din rada: konstantan \/ trep\u0107u\u0107i<\/li>\n<li>Baterija: CR2032 (2) (uklju\u010dena)<\/li>\n<li>Trajanje baterije: 60 sati \/ 100 sati<\/li>\n<li>Veli\u010dina: (D x \u0160 x V) 5,4 x 5,5 x 2,2 cm<\/li>\n<li>Te\u017eina 20 g<\/li>\n<\/ul>\n<\/div>\n<\/div>\n<\/div>","protected":false},"excerpt":{"rendered":"<p>Topeak HIGHLITE COMBO II SET set svjetala za bicikl<\/p>","protected":false},"featured_media":7399,"template":"","meta":{"_acf_changed":false,"inline_featured_image":false},"product_brand":[1395],"product_cat":[534],"product_tag":[1553,1552,1551,1554],"class_list":{"0":"post-7398","1":"product","2":"type-product","3":"status-publish","4":"has-post-thumbnail","6":"product_brand-topeak","7":"product_cat-luci-zarometi","8":"product_tag-luci-topeak","9":"product_tag-luci-za-na-kolo","10":"product_tag-set-luci-za-na-kolo","11":"product_tag-topeak","13":"first","14":"instock","15":"sale","16":"taxable","17":"shipping-taxable","18":"purchasable","19":"product-type-simple"},"acf":[],"_links":{"self":[{"href":"https:\/\/ritosa.click.si\/hr\/wp-json\/wp\/v2\/product\/7398","targetHints":{"allow":["GET"]}}],"collection":[{"href":"https:\/\/ritosa.click.si\/hr\/wp-json\/wp\/v2\/product"}],"about":[{"href":"https:\/\/ritosa.click.si\/hr\/wp-json\/wp\/v2\/types\/product"}],"wp:featuredmedia":[{"embeddable":true,"href":"https:\/\/ritosa.click.si\/hr\/wp-json\/wp\/v2\/media\/7399"}],"wp:attachment":[{"href":"https:\/\/ritosa.click.si\/hr\/wp-json\/wp\/v2\/media?parent=7398"}],"wp:term":[{"taxonomy":"product_brand","embeddable":true,"href":"https:\/\/ritosa.click.si\/hr\/wp-json\/wp\/v2\/product_brand?post=7398"},{"taxonomy":"product_cat","embeddable":true,"href":"https:\/\/ritosa.click.si\/hr\/wp-json\/wp\/v2\/product_cat?post=7398"},{"taxonomy":"product_tag","embeddable":true,"href":"https:\/\/ritosa.click.si\/hr\/wp-json\/wp\/v2\/product_tag?post=7398"}],"curies":[{"name":"radni list","href":"https:\/\/api.w.org\/{rel}","templated":true}]}}