{"id":7390,"date":"2011-10-01T10:53:01","date_gmt":"2011-10-01T10:53:01","guid":{"rendered":"https:\/\/ritosa.click.si\/?post_type=product&#038;p=7390"},"modified":"2025-08-28T16:47:48","modified_gmt":"2025-08-28T14:47:48","slug":"nosilec-za-5-koles","status":"publish","type":"product","link":"https:\/\/ritosa.click.si\/hr\/ducan\/biciklizam\/nosilci-koles\/za-dom\/nosilec-za-5-koles\/","title":{"rendered":"Nosa\u010d za 5 bicikala"},"content":{"rendered":"<p>Podni nosa\u010d za bicikle za 5 bicikala, ispred ku\u0107e, trgovine, bara ili za \u0161upu za bicikle.<\/p>\n<p>Dimenzija: 1400 mm x 410 mm<\/p>\n<p>Mo\u017eete ih vidjeti u\u017eivo u Biciklisti\u010dkom centru Rito\u0161a.<\/p>","protected":false},"excerpt":{"rendered":"<p>Nosa\u010d za 5 bicikala \u2013 montiran na pod<\/p>","protected":false},"featured_media":7391,"template":"","meta":{"_acf_changed":false,"inline_featured_image":false,"_monsterinsights_skip_tracking":false,"_monsterinsights_sitenote_active":false,"_monsterinsights_sitenote_note":"","_monsterinsights_sitenote_category":0},"product_brand":[],"product_cat":[528],"product_tag":[1284,1282,1283],"class_list":{"0":"post-7390","1":"product","2":"type-product","3":"status-publish","4":"has-post-thumbnail","6":"product_cat-za-dom","7":"product_tag-nosilec-za-5-koles","8":"product_tag-nosilec-za-kolesa","9":"product_tag-talni-nosilec-za-kolesa","11":"first","12":"instock","13":"sale","14":"taxable","15":"shipping-taxable","16":"purchasable","17":"product-type-simple"},"acf":[],"aioseo_notices":[],"_links":{"self":[{"href":"https:\/\/ritosa.click.si\/hr\/wp-json\/wp\/v2\/product\/7390","targetHints":{"allow":["GET"]}}],"collection":[{"href":"https:\/\/ritosa.click.si\/hr\/wp-json\/wp\/v2\/product"}],"about":[{"href":"https:\/\/ritosa.click.si\/hr\/wp-json\/wp\/v2\/types\/product"}],"wp:featuredmedia":[{"embeddable":true,"href":"https:\/\/ritosa.click.si\/hr\/wp-json\/wp\/v2\/media\/7391"}],"wp:attachment":[{"href":"https:\/\/ritosa.click.si\/hr\/wp-json\/wp\/v2\/media?parent=7390"}],"wp:term":[{"taxonomy":"product_brand","embeddable":true,"href":"https:\/\/ritosa.click.si\/hr\/wp-json\/wp\/v2\/product_brand?post=7390"},{"taxonomy":"product_cat","embeddable":true,"href":"https:\/\/ritosa.click.si\/hr\/wp-json\/wp\/v2\/product_cat?post=7390"},{"taxonomy":"product_tag","embeddable":true,"href":"https:\/\/ritosa.click.si\/hr\/wp-json\/wp\/v2\/product_tag?post=7390"}],"curies":[{"name":"radni list","href":"https:\/\/api.w.org\/{rel}","templated":true}]}}