{"id":7388,"date":"2011-10-01T10:19:51","date_gmt":"2011-10-01T10:19:51","guid":{"rendered":"https:\/\/ritosa.click.si\/?post_type=product&#038;p=7388"},"modified":"2026-03-30T09:03:07","modified_gmt":"2026-03-30T07:03:07","slug":"zracnice-za-invalidski-vozicek","status":"publish","type":"product","link":"https:\/\/ritosa.click.si\/hr\/ducan\/invalidski-pripomocki\/rezervni-deli-in-dodatna-oprema\/zracnice-za-invalidski-vozicek\/","title":{"rendered":"Zra\u010dni jastuci za invalidska kolica"},"content":{"rendered":"","protected":false},"excerpt":{"rendered":"<p>Zra\u010dnice za invalidska kolica s auto ventilom, razli\u010ditih veli\u010dina.<\/p>","protected":false},"featured_media":7389,"template":"","meta":{"_acf_changed":false,"inline_featured_image":false,"_monsterinsights_skip_tracking":false,"_monsterinsights_sitenote_active":false,"_monsterinsights_sitenote_note":"","_monsterinsights_sitenote_category":0},"product_brand":[],"product_cat":[554],"product_tag":[],"class_list":{"0":"post-7388","1":"product","2":"type-product","3":"status-publish","4":"has-post-thumbnail","6":"product_cat-rezervni-deli-in-dodatna-oprema","7":"pa_dimenzija-10-x-2","8":"pa_dimenzija-24-x-1","9":"pa_dimenzija-24-x-1-3-8","10":"pa_dimenzija-26-x-1-3-8-2","11":"pa_dimenzija-6-x-1-1-4","12":"pa_dimenzija-7-x-1-3-4","13":"pa_dimenzija-8-x-2-200-x-50","15":"first","16":"instock","17":"taxable","18":"shipping-taxable","19":"purchasable","20":"product-type-variable"},"acf":[],"aioseo_notices":[],"_links":{"self":[{"href":"https:\/\/ritosa.click.si\/hr\/wp-json\/wp\/v2\/product\/7388","targetHints":{"allow":["GET"]}}],"collection":[{"href":"https:\/\/ritosa.click.si\/hr\/wp-json\/wp\/v2\/product"}],"about":[{"href":"https:\/\/ritosa.click.si\/hr\/wp-json\/wp\/v2\/types\/product"}],"wp:featuredmedia":[{"embeddable":true,"href":"https:\/\/ritosa.click.si\/hr\/wp-json\/wp\/v2\/media\/7389"}],"wp:attachment":[{"href":"https:\/\/ritosa.click.si\/hr\/wp-json\/wp\/v2\/media?parent=7388"}],"wp:term":[{"taxonomy":"product_brand","embeddable":true,"href":"https:\/\/ritosa.click.si\/hr\/wp-json\/wp\/v2\/product_brand?post=7388"},{"taxonomy":"product_cat","embeddable":true,"href":"https:\/\/ritosa.click.si\/hr\/wp-json\/wp\/v2\/product_cat?post=7388"},{"taxonomy":"product_tag","embeddable":true,"href":"https:\/\/ritosa.click.si\/hr\/wp-json\/wp\/v2\/product_tag?post=7388"}],"curies":[{"name":"radni list","href":"https:\/\/api.w.org\/{rel}","templated":true}]}}