{"id":7380,"date":"2011-09-02T15:31:11","date_gmt":"2011-09-02T15:31:11","guid":{"rendered":"https:\/\/ritosa.click.si\/?post_type=product&#038;p=7380"},"modified":"2026-03-30T09:03:07","modified_gmt":"2026-03-30T07:03:07","slug":"tricikel-elektricni-20","status":"publish","type":"product","link":"https:\/\/ritosa.click.si\/hr\/ducan\/invalidski-pripomocki\/tricikli\/tricikel-elektricni-20\/","title":{"rendered":"Elektri\u010dni tricikl 20\u2033"},"content":{"rendered":"<p align=\"justify\">Tricikl za djecu i odrasle od 140 cm do 170 cm.<\/p>\n<ul>\n<li>Okvir: aluminij<\/li>\n<li>Vilice: hi-ten<\/li>\n<li>Prednja ko\u010dnica: aluminijski V-brake<\/li>\n<li>Zadnja ko\u010dnica: mehani\u010dki disk<\/li>\n<li>Ko\u010dione ru\u010dice: aluminij<\/li>\n<li>Mjenja\u010di: Shimano Revoshift<\/li>\n<li>Kaseta: Shimano 6 brzina<\/li>\n<li>Gonilica: hi-ten jednostruka<\/li>\n<li>Dodatna oprema: svjetla na baterije, blatobrani, stra\u017enja ko\u0161ara 56 \u00d7 52 \u00d7 23 cm<\/li>\n<li>Vanjske gume: 20\u00d71,95<\/li>\n<li>Maksimalna nosivost: 90 kg voza\u010d, 25 kg ko\u0161ara<\/li>\n<li>Te\u017eina: 28,5 kg<\/li>\n<\/ul>\n<p align=\"justify\">","protected":false},"excerpt":{"rendered":"<p>Elektri\u010dni tricikl (e-bicikl) 20\u2033 za djecu i odrasle s aluminijskim okvirom i 6 Shimano brzina pru\u017ea stabilnu, udobnu i sigurnu vo\u017enju. Opremljen je velikom stra\u017enjom ko\u0161arom za prijevoz namirnica ili prtljage, \u0161to ga \u010dini idealnim za vo\u017enju po gradu i svakodnevne obaveze.<\/p>","protected":false},"featured_media":21720,"template":"","meta":{"_acf_changed":false,"inline_featured_image":false},"product_brand":[],"product_cat":[496],"product_tag":[],"class_list":{"0":"post-7380","1":"product","2":"type-product","3":"status-publish","4":"has-post-thumbnail","6":"product_cat-tricikli","7":"pa_barva-modra","8":"pa_barva-rdeca","9":"pa_barva-srebrna","11":"first","12":"instock","13":"sale","14":"taxable","15":"shipping-taxable","16":"purchasable","17":"product-type-variable"},"acf":[],"_links":{"self":[{"href":"https:\/\/ritosa.click.si\/hr\/wp-json\/wp\/v2\/product\/7380","targetHints":{"allow":["GET"]}}],"collection":[{"href":"https:\/\/ritosa.click.si\/hr\/wp-json\/wp\/v2\/product"}],"about":[{"href":"https:\/\/ritosa.click.si\/hr\/wp-json\/wp\/v2\/types\/product"}],"wp:featuredmedia":[{"embeddable":true,"href":"https:\/\/ritosa.click.si\/hr\/wp-json\/wp\/v2\/media\/21720"}],"wp:attachment":[{"href":"https:\/\/ritosa.click.si\/hr\/wp-json\/wp\/v2\/media?parent=7380"}],"wp:term":[{"taxonomy":"product_brand","embeddable":true,"href":"https:\/\/ritosa.click.si\/hr\/wp-json\/wp\/v2\/product_brand?post=7380"},{"taxonomy":"product_cat","embeddable":true,"href":"https:\/\/ritosa.click.si\/hr\/wp-json\/wp\/v2\/product_cat?post=7380"},{"taxonomy":"product_tag","embeddable":true,"href":"https:\/\/ritosa.click.si\/hr\/wp-json\/wp\/v2\/product_tag?post=7380"}],"curies":[{"name":"radni list","href":"https:\/\/api.w.org\/{rel}","templated":true}]}}