{"id":7374,"date":"2011-06-01T09:34:40","date_gmt":"2011-06-01T09:34:40","guid":{"rendered":"https:\/\/ritosa.click.si\/?post_type=product&#038;p=7374"},"modified":"2026-03-30T09:03:07","modified_gmt":"2026-03-30T07:03:07","slug":"tricikel-special-20-alu-6-prestav","status":"publish","type":"product","link":"https:\/\/ritosa.click.si\/hr\/ducan\/invalidski-pripomocki\/tricikli\/tricikel-special-20-alu-6-prestav\/","title":{"rendered":"Tricikl Special 20\u201d - 6 brzina"},"content":{"rendered":"<p>Tricikl za djecu i odrasle od 140 cm do 170 cm.<\/p>\n<ul>\n<li>Okvir: aluminij<\/li>\n<li>Vilice: hi-ten<\/li>\n<li>Prednja ko\u010dnica: aluminijski V-brake<\/li>\n<li>Zadnja ko\u010dnica: mehani\u010dki disk<\/li>\n<li>Ko\u010dione ru\u010dice: aluminij s zaklju\u010davanjem<\/li>\n<li>Mjenja\u010di: Shimano Revoshift<\/li>\n<li>Kaseta: Shimano 6 brzina<\/li>\n<li>Gonilica: hi-ten jednostruka<\/li>\n<li>Dodatna oprema: svjetla na baterije, blatobrani, stra\u017enja ko\u0161ara 56 \u00d7 52 \u00d7 23 cm<\/li>\n<li>Vanjske gume: 20\u00d71,95<\/li>\n<li>Dimenzije: \u0161irina 67 cm, du\u017eina 172 cm, visina 75cm<\/li>\n<li>Maksimalna nosivost: 90 kg voza\u010d, 25 kg ko\u0161ara<\/li>\n<li>Te\u017eina: 20 kg<\/li>\n<\/ul>\n<p>&nbsp;<\/p>","protected":false},"excerpt":{"rendered":"<p>Tricikl (trokolica) 20\u2033 za odrasle s aluminijskim okvirom i 6 Shimano brzina pru\u017ea stabilnu, udobnu i sigurnu vo\u017enju. Opremljen je velikom stra\u017enjom ko\u0161arom za prijevoz namirnica ili prtljage, \u0161to ga \u010dini idealnim za vo\u017enju po gradu i svakodnevne obaveze.<\/p>\n<p>&nbsp;<\/p>","protected":false},"featured_media":21680,"template":"","meta":{"_acf_changed":false,"inline_featured_image":false,"_monsterinsights_skip_tracking":false,"_monsterinsights_sitenote_active":false,"_monsterinsights_sitenote_note":"","_monsterinsights_sitenote_category":0},"product_brand":[],"product_cat":[496],"product_tag":[2271,2268,2272],"class_list":{"0":"post-7374","1":"product","2":"type-product","3":"status-publish","4":"has-post-thumbnail","6":"product_cat-tricikli","7":"product_tag-tricikl","8":"product_tag-trikolo","9":"product_tag-trokolo","10":"pa_barva-rdeca","11":"pa_barva-srebrna","13":"first","14":"instock","15":"taxable","16":"shipping-taxable","17":"purchasable","18":"product-type-variable"},"acf":[],"aioseo_notices":[],"_links":{"self":[{"href":"https:\/\/ritosa.click.si\/hr\/wp-json\/wp\/v2\/product\/7374","targetHints":{"allow":["GET"]}}],"collection":[{"href":"https:\/\/ritosa.click.si\/hr\/wp-json\/wp\/v2\/product"}],"about":[{"href":"https:\/\/ritosa.click.si\/hr\/wp-json\/wp\/v2\/types\/product"}],"wp:featuredmedia":[{"embeddable":true,"href":"https:\/\/ritosa.click.si\/hr\/wp-json\/wp\/v2\/media\/21680"}],"wp:attachment":[{"href":"https:\/\/ritosa.click.si\/hr\/wp-json\/wp\/v2\/media?parent=7374"}],"wp:term":[{"taxonomy":"product_brand","embeddable":true,"href":"https:\/\/ritosa.click.si\/hr\/wp-json\/wp\/v2\/product_brand?post=7374"},{"taxonomy":"product_cat","embeddable":true,"href":"https:\/\/ritosa.click.si\/hr\/wp-json\/wp\/v2\/product_cat?post=7374"},{"taxonomy":"product_tag","embeddable":true,"href":"https:\/\/ritosa.click.si\/hr\/wp-json\/wp\/v2\/product_tag?post=7374"}],"curies":[{"name":"radni list","href":"https:\/\/api.w.org\/{rel}","templated":true}]}}