{"id":7372,"date":"2011-05-30T08:22:48","date_gmt":"2011-05-30T08:22:48","guid":{"rendered":"https:\/\/ritosa.click.si\/?post_type=product&#038;p=7372"},"modified":"2025-09-22T11:22:24","modified_gmt":"2025-09-22T09:22:24","slug":"tlacilka-pumpa-za-doma-delavniska-topeak-joeblow-sport-iii","status":"publish","type":"product","link":"https:\/\/ritosa.click.si\/hr\/ducan\/biciklizam\/oprema-za-biciklizam\/dodatna-oprema-in-rezervni-deli\/kolesarske-tlacilke-pumpe\/tlacilka-pumpa-za-doma-delavniska-topeak-joeblow-sport-iii\/","title":{"rendered":"Pumpa - pumpa za ku\u0107nu radionicu TOPEAK JOEBLOW SPORT III"},"content":{"rendered":"<p>Pumpa - pumpa za ku\u0107nu radionicu TOPEAK JOEBLOW SPORT - IZUZETNA PUMPA ZA SVE VENTILE. Izuzetna pumpa za cijelu obitelj, \u010dak \u0107e i djeca lako napuhati gume na svom biciklu, motoru, te napuhati jastuke i lopte.<\/p>\n<p>Pumpa ima dvostruki adapter tako da je mo\u017eete koristiti za sve ventile, ima manometar i izra\u0111ena je od aluminija.<\/p>\n<ul>\n<li>za Reginu - talijanske ventile<\/li>\n<li>za ventile standardnih automobila<\/li>\n<li>za Presta-French ventile<\/li>\n<li>za Dunlop \u2013 obi\u010dne klasi\u010dne ventile<\/li>\n<li>adapter za jastuk<\/li>\n<li>kemijska olovka<\/li>\n<\/ul>\n<p>Pumpu Topeak JoeBlow mo\u017eete naru\u010diti u na\u0161oj online trgovini ili je preuzeti u na\u0161em biciklisti\u010dkom centru Rito\u0161a u Izoli.<\/p>","protected":false},"excerpt":{"rendered":"<p>Pumpa - pumpa za ku\u0107nu radionicu TOPEAK JOEBLOW SPORT - IZUZETNA PUMPA ZA SVE VENTILE. Izuzetna pumpa za cijelu obitelj, \u010dak \u0107e i djeca lako napuhati gume na svom biciklu, motoru, te napuhati jastuke i lopte.<\/p>","protected":false},"featured_media":7373,"template":"","meta":{"_acf_changed":false,"inline_featured_image":false,"_monsterinsights_skip_tracking":false,"_monsterinsights_sitenote_active":false,"_monsterinsights_sitenote_note":"","_monsterinsights_sitenote_category":0},"product_brand":[1395],"product_cat":[533],"product_tag":[1598,1596,1595,1597,1554],"class_list":{"0":"post-7372","1":"product","2":"type-product","3":"status-publish","4":"has-post-thumbnail","6":"product_brand-topeak","7":"product_cat-kolesarske-tlacilke-pumpe","8":"product_tag-pumpa-za-kolo","9":"product_tag-pupa","10":"product_tag-tlacilka","11":"product_tag-tlacilka-topeak","12":"product_tag-topeak","14":"first","15":"instock","16":"sale","17":"taxable","18":"shipping-taxable","19":"purchasable","20":"product-type-simple"},"acf":[],"aioseo_notices":[],"_links":{"self":[{"href":"https:\/\/ritosa.click.si\/hr\/wp-json\/wp\/v2\/product\/7372","targetHints":{"allow":["GET"]}}],"collection":[{"href":"https:\/\/ritosa.click.si\/hr\/wp-json\/wp\/v2\/product"}],"about":[{"href":"https:\/\/ritosa.click.si\/hr\/wp-json\/wp\/v2\/types\/product"}],"wp:featuredmedia":[{"embeddable":true,"href":"https:\/\/ritosa.click.si\/hr\/wp-json\/wp\/v2\/media\/7373"}],"wp:attachment":[{"href":"https:\/\/ritosa.click.si\/hr\/wp-json\/wp\/v2\/media?parent=7372"}],"wp:term":[{"taxonomy":"product_brand","embeddable":true,"href":"https:\/\/ritosa.click.si\/hr\/wp-json\/wp\/v2\/product_brand?post=7372"},{"taxonomy":"product_cat","embeddable":true,"href":"https:\/\/ritosa.click.si\/hr\/wp-json\/wp\/v2\/product_cat?post=7372"},{"taxonomy":"product_tag","embeddable":true,"href":"https:\/\/ritosa.click.si\/hr\/wp-json\/wp\/v2\/product_tag?post=7372"}],"curies":[{"name":"radni list","href":"https:\/\/api.w.org\/{rel}","templated":true}]}}