{"id":7353,"date":"2010-05-18T12:56:00","date_gmt":"2010-05-18T12:56:00","guid":{"rendered":"https:\/\/ritosa.click.si\/?post_type=product&#038;p=7353"},"modified":"2025-09-05T11:26:02","modified_gmt":"2025-09-05T09:26:02","slug":"blatnik-pvc-otroski","status":"publish","type":"product","link":"https:\/\/ritosa.click.si\/hr\/ducan\/biciklizam\/oprema-za-biciklizam\/dodatna-oprema-in-rezervni-deli\/blatniki\/blatnik-pvc-otroski\/","title":{"rendered":"Blatnik ACID CUBE 65 29\u2033"},"content":{"rendered":"<p data-start=\"45\" data-end=\"102\">ACID blatobrani \u2013 potpuna za\u0161tita od ki\u0161e i blata<\/p>\n<p data-start=\"45\" data-end=\"102\">ACID blatobrani su odli\u010dan dodatak za za\u0161titu od vode i blata tijekom vo\u017enje. Prikladni su za ve\u0107inu brdskih bicikala od 29\u2033, s maksimalnom \u0161irinom guma do 2,35\u2033. Blatobrani su kompatibilni sa stra\u017enjim svjetlima ACID.<\/p>\n<p data-start=\"345\" data-end=\"361\"><strong data-start=\"345\" data-end=\"361\">Zna\u010dajke:<\/strong><\/p>\n<ul>\n<li data-start=\"365\" data-end=\"409\">Integrirani vodi\u010d za rasvjetne kabele<\/li>\n<li data-start=\"412\" data-end=\"465\">Kompatibilno sa sustavom <strong data-start=\"433\" data-end=\"465\">Integrirana stra\u017enja svjetla ACID<\/strong><\/li>\n<li data-start=\"468\" data-end=\"507\">Set: <strong data-start=\"477\" data-end=\"507\">prednji i stra\u017enji blatobran<\/strong><\/li>\n<li data-start=\"510\" data-end=\"525\"><strong data-start=\"510\" data-end=\"519\">Te\u017eina:<\/strong> 730 g<\/li>\n<li data-start=\"528\" data-end=\"564\">Pogodno za ve\u0107inu brdskih bicikala od 29&quot;<\/li>\n<li data-start=\"567\" data-end=\"604\">Maksimalna \u0161irina gume: <strong data-start=\"595\" data-end=\"604\">2,35\u2033<\/strong><\/li>\n<li data-start=\"607\" data-end=\"630\"><strong data-start=\"607\" data-end=\"630\">ACID adapter sustav<\/strong><\/li>\n<li data-start=\"633\" data-end=\"657\">FEM optimiziran dizajn<\/li>\n<li data-start=\"660\" data-end=\"703\"><strong data-start=\"660\" data-end=\"673\">Materijal:<\/strong> polipropilen, \u010delik, plastika<\/li>\n<\/ul>","protected":false},"excerpt":{"rendered":"<p>ACID blatobrani \u2013 za bicikle od 29\u201d<\/p>","protected":false},"featured_media":19307,"template":"","meta":{"_acf_changed":false,"inline_featured_image":false,"_monsterinsights_skip_tracking":false,"_monsterinsights_sitenote_active":false,"_monsterinsights_sitenote_note":"","_monsterinsights_sitenote_category":0},"product_brand":[1192],"product_cat":[552],"product_tag":[1323,1321],"class_list":{"0":"post-7353","1":"product","2":"type-product","3":"status-publish","4":"has-post-thumbnail","6":"product_brand-cube","7":"product_cat-blatniki","8":"product_tag-acid-blatniki","9":"product_tag-blatniki-29","11":"first","12":"instock","13":"taxable","14":"shipping-taxable","15":"purchasable","16":"product-type-simple"},"acf":[],"aioseo_notices":[],"_links":{"self":[{"href":"https:\/\/ritosa.click.si\/hr\/wp-json\/wp\/v2\/product\/7353","targetHints":{"allow":["GET"]}}],"collection":[{"href":"https:\/\/ritosa.click.si\/hr\/wp-json\/wp\/v2\/product"}],"about":[{"href":"https:\/\/ritosa.click.si\/hr\/wp-json\/wp\/v2\/types\/product"}],"wp:featuredmedia":[{"embeddable":true,"href":"https:\/\/ritosa.click.si\/hr\/wp-json\/wp\/v2\/media\/19307"}],"wp:attachment":[{"href":"https:\/\/ritosa.click.si\/hr\/wp-json\/wp\/v2\/media?parent=7353"}],"wp:term":[{"taxonomy":"product_brand","embeddable":true,"href":"https:\/\/ritosa.click.si\/hr\/wp-json\/wp\/v2\/product_brand?post=7353"},{"taxonomy":"product_cat","embeddable":true,"href":"https:\/\/ritosa.click.si\/hr\/wp-json\/wp\/v2\/product_cat?post=7353"},{"taxonomy":"product_tag","embeddable":true,"href":"https:\/\/ritosa.click.si\/hr\/wp-json\/wp\/v2\/product_tag?post=7353"}],"curies":[{"name":"radni list","href":"https:\/\/api.w.org\/{rel}","templated":true}]}}