{"id":7347,"date":"2010-05-18T12:35:49","date_gmt":"2010-05-18T12:35:49","guid":{"rendered":"https:\/\/ritosa.click.si\/?post_type=product&#038;p=7347"},"modified":"2025-09-05T11:14:45","modified_gmt":"2025-09-05T09:14:45","slug":"blatnik-pvc-zadnji-24-26","status":"publish","type":"product","link":"https:\/\/ritosa.click.si\/hr\/ducan\/biciklizam\/oprema-za-biciklizam\/dodatna-oprema-in-rezervni-deli\/blatniki\/blatnik-pvc-zadnji-24-26\/","title":{"rendered":"Prednji blatobran ACID MUD BLOCKER KRATKI"},"content":{"rendered":"<p data-start=\"45\" data-end=\"84\"><strong data-start=\"45\" data-end=\"84\">ACID blokator blata \u2013 prednji blatobran<\/strong><\/p>\n<p data-start=\"86\" data-end=\"355\"><strong data-start=\"86\" data-end=\"106\">Blokator blata ACID<\/strong> je sve \u0161to vam je potrebno za vo\u017enju u blatnjavim i mokrim uvjetima. Dolazi s setom vezova za jednostavnu ugradnju, prozirnom za\u0161titnom folijom za za\u0161titu vilice od ogrebotina, \u0161irinom od <strong data-start=\"288\" data-end=\"297\">87 mm<\/strong> ali je prikladan za ve\u0107inu <strong data-start=\"323\" data-end=\"344\">26\u2033, 27,5\u2033 i 29\u2033<\/strong> MTB bicikli.<\/p>\n<p data-start=\"357\" data-end=\"381\"><strong data-start=\"357\" data-end=\"381\">Dodatne zna\u010dajke:<\/strong><\/p>\n<ul>\n<li data-start=\"385\" data-end=\"416\">Za\u0161tita od blata i prskanja<\/li>\n<li data-start=\"419\" data-end=\"448\">Visokokvalitetni plasti\u010dni materijal<\/li>\n<li data-start=\"451\" data-end=\"487\">Pogodno za kota\u010de od 26&quot;, 27,5&quot; i 29&quot;<\/li>\n<li data-start=\"490\" data-end=\"526\">Maksimalna \u0161irina gume: <strong data-start=\"518\" data-end=\"526\">2,6\u2033<\/strong><\/li>\n<li data-start=\"529\" data-end=\"561\">Uklju\u010duje <strong data-start=\"539\" data-end=\"550\">6 nerije\u0161enih rezultata<\/strong> za monta\u017eu<\/li>\n<li data-start=\"564\" data-end=\"603\">Prilo\u017eeno <strong data-start=\"574\" data-end=\"593\">za\u0161titne folije<\/strong> za vilice<\/li>\n<li data-start=\"606\" data-end=\"632\"><strong data-start=\"606\" data-end=\"619\">Materijal:<\/strong> Polipropilen<\/li>\n<li data-start=\"635\" data-end=\"671\"><strong data-start=\"635\" data-end=\"657\">Dimenzije (\u0160 x D):<\/strong> 87 x 340 mm<\/li>\n<li data-start=\"674\" data-end=\"688\"><strong data-start=\"674\" data-end=\"683\">Te\u017eina:<\/strong> 89 g<\/li>\n<\/ul>","protected":false},"excerpt":{"rendered":"<p>Prednji blatobran pogodan za MTB bicikle veli\u010dina 26&quot;, 27,5&quot; i 29&quot;<\/p>","protected":false},"featured_media":19306,"template":"","meta":{"_acf_changed":false,"inline_featured_image":false},"product_brand":[1192],"product_cat":[552],"product_tag":[1391,1392],"class_list":{"0":"post-7347","1":"product","2":"type-product","3":"status-publish","4":"has-post-thumbnail","6":"product_brand-cube","7":"product_cat-blatniki","8":"product_tag-blatnik-za-kolo","9":"product_tag-sprednji-blatnik","11":"first","12":"instock","13":"taxable","14":"shipping-taxable","15":"purchasable","16":"product-type-simple"},"acf":[],"_links":{"self":[{"href":"https:\/\/ritosa.click.si\/hr\/wp-json\/wp\/v2\/product\/7347","targetHints":{"allow":["GET"]}}],"collection":[{"href":"https:\/\/ritosa.click.si\/hr\/wp-json\/wp\/v2\/product"}],"about":[{"href":"https:\/\/ritosa.click.si\/hr\/wp-json\/wp\/v2\/types\/product"}],"wp:featuredmedia":[{"embeddable":true,"href":"https:\/\/ritosa.click.si\/hr\/wp-json\/wp\/v2\/media\/19306"}],"wp:attachment":[{"href":"https:\/\/ritosa.click.si\/hr\/wp-json\/wp\/v2\/media?parent=7347"}],"wp:term":[{"taxonomy":"product_brand","embeddable":true,"href":"https:\/\/ritosa.click.si\/hr\/wp-json\/wp\/v2\/product_brand?post=7347"},{"taxonomy":"product_cat","embeddable":true,"href":"https:\/\/ritosa.click.si\/hr\/wp-json\/wp\/v2\/product_cat?post=7347"},{"taxonomy":"product_tag","embeddable":true,"href":"https:\/\/ritosa.click.si\/hr\/wp-json\/wp\/v2\/product_tag?post=7347"}],"curies":[{"name":"radni list","href":"https:\/\/api.w.org\/{rel}","templated":true}]}}