{"id":7312,"date":"2010-05-18T07:36:40","date_gmt":"2010-05-18T07:36:40","guid":{"rendered":"https:\/\/ritosa.click.si\/?post_type=product&#038;p=7312"},"modified":"2026-03-14T13:23:31","modified_gmt":"2026-03-14T12:23:31","slug":"kosara-sprednja-z-nosilcem-za-pritrditev","status":"publish","type":"product","link":"https:\/\/ritosa.click.si\/hr\/ducan\/biciklizam\/oprema-za-biciklizam\/dodatna-oprema-in-rezervni-deli\/kosare\/kosara-sprednja-z-nosilcem-za-pritrditev\/","title":{"rendered":"Prednja ko\u0161ara Belelli s nosa\u010dem za monta\u017eu"},"content":{"rendered":"<p>Nosa\u010d je uklju\u010den.<\/p>\n<p>Dimenzije (Dx\u0160xV): 26 cm x 38 cm x 25 cm<\/p>\n<p>Prednja torba za bicikl Belelli tako\u0111er stane na isti nosa\u010d.<\/p>","protected":false},"excerpt":{"rendered":"<p>Prednja PVC ko\u0161ara Belelli s ru\u010dkom i brzo-otpu\u0161taju\u0107im nosa\u010dem za monta\u017eu na upravlja\u010d.<\/p>","protected":false},"featured_media":7313,"template":"","meta":{"_acf_changed":false,"inline_featured_image":false,"_monsterinsights_skip_tracking":false,"_monsterinsights_sitenote_active":false,"_monsterinsights_sitenote_note":"","_monsterinsights_sitenote_category":0},"product_brand":[1643],"product_cat":[536],"product_tag":[],"class_list":{"0":"post-7312","1":"product","2":"type-product","3":"status-publish","4":"has-post-thumbnail","6":"product_brand-bellelli","7":"product_cat-kosare","9":"first","10":"instock","11":"taxable","12":"shipping-taxable","13":"purchasable","14":"product-type-simple"},"acf":[],"aioseo_notices":[],"_links":{"self":[{"href":"https:\/\/ritosa.click.si\/hr\/wp-json\/wp\/v2\/product\/7312","targetHints":{"allow":["GET"]}}],"collection":[{"href":"https:\/\/ritosa.click.si\/hr\/wp-json\/wp\/v2\/product"}],"about":[{"href":"https:\/\/ritosa.click.si\/hr\/wp-json\/wp\/v2\/types\/product"}],"wp:featuredmedia":[{"embeddable":true,"href":"https:\/\/ritosa.click.si\/hr\/wp-json\/wp\/v2\/media\/7313"}],"wp:attachment":[{"href":"https:\/\/ritosa.click.si\/hr\/wp-json\/wp\/v2\/media?parent=7312"}],"wp:term":[{"taxonomy":"product_brand","embeddable":true,"href":"https:\/\/ritosa.click.si\/hr\/wp-json\/wp\/v2\/product_brand?post=7312"},{"taxonomy":"product_cat","embeddable":true,"href":"https:\/\/ritosa.click.si\/hr\/wp-json\/wp\/v2\/product_cat?post=7312"},{"taxonomy":"product_tag","embeddable":true,"href":"https:\/\/ritosa.click.si\/hr\/wp-json\/wp\/v2\/product_tag?post=7312"}],"curies":[{"name":"radni list","href":"https:\/\/api.w.org\/{rel}","templated":true}]}}