{"id":7297,"date":"2010-04-30T13:35:17","date_gmt":"2010-04-30T13:35:17","guid":{"rendered":"https:\/\/ritosa.click.si\/?post_type=product&#038;p=7297"},"modified":"2026-03-10T10:44:31","modified_gmt":"2026-03-10T09:44:31","slug":"nosilec-koles-arezzo-za-3-kolesa","status":"publish","type":"product","link":"https:\/\/ritosa.click.si\/hr\/ducan\/biciklizam\/nosilci-koles\/za-avto\/nosilec-koles-arezzo-za-3-kolesa\/","title":{"rendered":"Nosa\u010d za bicikle Arezzo za 3 bicikla"},"content":{"rendered":"<p>Nosa\u010d za bicikle s monta\u017enom kukom za automobil, model je pogodan za prijevoz 3 bicikla.<\/p>\n<ul>\n<li>Izra\u0111eno od metala<\/li>\n<li>Za 3 bicikla<\/li>\n<li>Jednostavno za instalaciju i uklanjanje<\/li>\n<li>Bilo koji nagib za lak\u0161e utovarivanje bicikla<\/li>\n<\/ul>\n<p>&nbsp;<\/p>\n<p>&nbsp;<\/p>\n<p>&nbsp;<\/p>","protected":false},"excerpt":{"rendered":"<p>Nosilec koles z monta\u017eo na avto kljuko, primeren za prevoz 3 koles.<\/p>","protected":false},"featured_media":21267,"template":"","meta":{"_acf_changed":false,"inline_featured_image":false},"product_brand":[685],"product_cat":[527],"product_tag":[1285,1288,1290],"class_list":{"0":"post-7297","1":"product","2":"type-product","3":"status-publish","4":"has-post-thumbnail","6":"product_brand-peruzzo","7":"product_cat-za-avto","8":"product_tag-nosilec-koles","9":"product_tag-nosilec-koles-za-na-avto","10":"product_tag-nosilec-za-na-kljuko","12":"first","13":"instock","14":"sale","15":"taxable","16":"shipping-taxable","17":"purchasable","18":"product-type-simple"},"acf":[],"_links":{"self":[{"href":"https:\/\/ritosa.click.si\/hr\/wp-json\/wp\/v2\/product\/7297","targetHints":{"allow":["GET"]}}],"collection":[{"href":"https:\/\/ritosa.click.si\/hr\/wp-json\/wp\/v2\/product"}],"about":[{"href":"https:\/\/ritosa.click.si\/hr\/wp-json\/wp\/v2\/types\/product"}],"wp:featuredmedia":[{"embeddable":true,"href":"https:\/\/ritosa.click.si\/hr\/wp-json\/wp\/v2\/media\/21267"}],"wp:attachment":[{"href":"https:\/\/ritosa.click.si\/hr\/wp-json\/wp\/v2\/media?parent=7297"}],"wp:term":[{"taxonomy":"product_brand","embeddable":true,"href":"https:\/\/ritosa.click.si\/hr\/wp-json\/wp\/v2\/product_brand?post=7297"},{"taxonomy":"product_cat","embeddable":true,"href":"https:\/\/ritosa.click.si\/hr\/wp-json\/wp\/v2\/product_cat?post=7297"},{"taxonomy":"product_tag","embeddable":true,"href":"https:\/\/ritosa.click.si\/hr\/wp-json\/wp\/v2\/product_tag?post=7297"}],"curies":[{"name":"radni list","href":"https:\/\/api.w.org\/{rel}","templated":true}]}}