{"id":7293,"date":"2010-04-29T13:31:50","date_gmt":"2010-04-29T13:31:50","guid":{"rendered":"https:\/\/ritosa.click.si\/?post_type=product&#038;p=7293"},"modified":"2025-09-02T12:33:47","modified_gmt":"2025-09-02T10:33:47","slug":"nosilec-koles-rolle","status":"publish","type":"product","link":"https:\/\/ritosa.click.si\/hr\/ducan\/biciklizam\/nosilci-koles\/za-avto\/nosilec-koles-rolle\/","title":{"rendered":"Nosa\u010d za bicikle na kota\u010dima Rolle"},"content":{"rendered":"<p>Nosa\u010d za bicikle koji se montira na pre\u010dke (\u0161irine do 70 mm). Pogodan za prijevoz bicikala uklanjanjem prednje gume s manjim otporom zraka i jo\u0161 ja\u010dim pri\u010dvr\u0161\u0107ivanjem bicikla<\/p>\n<div class=\"tab-content\">\n<div id=\"tab-description\" class=\"tab-pane active\">\n<p><strong>TEHNI\u010cKI PODACI:<\/strong><\/p>\n<ul>\n<li>Mali, lagan i jednostavan za kori\u0161tenje.<\/li>\n<li>Univerzalno: pogodno za sve vrste bicikala<\/li>\n<li>Monta\u017ea 1 bicikla te\u017eine do 15 kg<\/li>\n<li>Tako\u0111er pogodno za bicikle s disk ko\u010dnicama<\/li>\n<li>Sigurnosni pojasevi testirani do 150 kg<\/li>\n<li>Pri\u010dvr\u0161\u0107ivanje kota\u010da bez dodatnog alata.<\/li>\n<\/ul>\n<\/div>\n<\/div>","protected":false},"excerpt":{"rendered":"<p>Univerzalni nosa\u010d za bicikle za monta\u017eu na krov<\/p>","protected":false},"featured_media":7294,"template":"","meta":{"_acf_changed":false,"inline_featured_image":false,"_monsterinsights_skip_tracking":false,"_monsterinsights_sitenote_active":false,"_monsterinsights_sitenote_note":"","_monsterinsights_sitenote_category":0},"product_brand":[685],"product_cat":[527],"product_tag":[1346,1347,1312],"class_list":{"0":"post-7293","1":"product","2":"type-product","3":"status-publish","4":"has-post-thumbnail","6":"product_brand-peruzzo","7":"product_cat-za-avto","8":"product_tag-noislec-rolle","9":"product_tag-nosilec-rolle-za-na-streho","10":"product_tag-nosilec-za-na-streho","12":"first","13":"instock","14":"sale","15":"taxable","16":"shipping-taxable","17":"purchasable","18":"product-type-simple"},"acf":[],"aioseo_notices":[],"_links":{"self":[{"href":"https:\/\/ritosa.click.si\/hr\/wp-json\/wp\/v2\/product\/7293","targetHints":{"allow":["GET"]}}],"collection":[{"href":"https:\/\/ritosa.click.si\/hr\/wp-json\/wp\/v2\/product"}],"about":[{"href":"https:\/\/ritosa.click.si\/hr\/wp-json\/wp\/v2\/types\/product"}],"wp:featuredmedia":[{"embeddable":true,"href":"https:\/\/ritosa.click.si\/hr\/wp-json\/wp\/v2\/media\/7294"}],"wp:attachment":[{"href":"https:\/\/ritosa.click.si\/hr\/wp-json\/wp\/v2\/media?parent=7293"}],"wp:term":[{"taxonomy":"product_brand","embeddable":true,"href":"https:\/\/ritosa.click.si\/hr\/wp-json\/wp\/v2\/product_brand?post=7293"},{"taxonomy":"product_cat","embeddable":true,"href":"https:\/\/ritosa.click.si\/hr\/wp-json\/wp\/v2\/product_cat?post=7293"},{"taxonomy":"product_tag","embeddable":true,"href":"https:\/\/ritosa.click.si\/hr\/wp-json\/wp\/v2\/product_tag?post=7293"}],"curies":[{"name":"radni list","href":"https:\/\/api.w.org\/{rel}","templated":true}]}}