{"id":7261,"date":"2008-10-02T00:17:12","date_gmt":"2008-10-02T00:17:12","guid":{"rendered":"https:\/\/ritosa.click.si\/?post_type=product&#038;p=7261"},"modified":"2026-03-30T09:03:07","modified_gmt":"2026-03-30T07:03:07","slug":"invalidski-pripomocek-tgr-veverica","status":"publish","type":"product","link":"https:\/\/ritosa.click.si\/hr\/ducan\/invalidski-pripomocki\/pripomocki\/invalidski-pripomocek-tgr-veverica\/","title":{"rendered":"Invalidsko pomagalo TGR Vjeverica"},"content":{"rendered":"<p style=\"text-align: justify\">Zahvaljuju\u0107i pogonskom sustavu, ure\u0111aj ne zahtijeva nikakve fiksne dodatke. Za savladavanje prepreka potreban je asistent. Zahvaljuju\u0107i trokutastoj konfiguraciji kota\u010da, omogu\u0107uje savladavanje svih vrsta stepenica, kao \u0161to so ravne, kose, spiralne ili trapezoidne stepenice. Sjedalo ima preklopne naslone za ruke, naslon za glavu i podesive oslonce za noge, \u0161to omogu\u0107uje pacijentu pravilno dr\u017eanje tijela tijekom kori\u0161tenja ure\u0111aja.<\/p>\n<p>Pogledajte demonstracijske videozapise za svaki model.<\/p>\n<p>Vjeverica 2000<\/p>\n<p><span style=\"background-attachment: scroll\">Dva prednja okretna kota\u010da omogu\u0107uju da se Squirrel koristi i kao obi\u010dna invalidska kolica.<\/span><br \/>\n<span style=\"background-attachment: scroll\">Kako bi bio svestraniji, dostupan je u dvije verzije, koje se razlikuju po veli\u010dini sjedala.<\/span><span style=\"background-attachment: scroll\">(2000\/L (veliki), <\/span><span style=\"background-attachment: scroll\">2000\/S (uski)\u00a0<\/span><\/p>\n<p>Vjeverica 2000\/E<\/p>\n<p><span style=\"background-attachment: scroll\">Ovaj model se razlikuje od gore navedenog po tome \u0161to korisniku omogu\u0107uje samostalno kretanje po ravnim povr\u0161inama.<\/span><br \/>\n<span style=\"background-attachment: scroll\">Opremljen je okretnim prednjim kota\u010dem, kojim se upravlja pomo\u0107u prakti\u010dne palice. Savr\u0161en je za kretanje u zatvorenom prostoru. <\/span><span style=\"background-attachment: scroll\">Kako bi bio svestraniji, dostupan je u dvije verzije, koje se razlikuju po veli\u010dini sjedala.<\/span><span style=\"background-attachment: scroll\">2000\/EL (velik), <\/span><span style=\"background-attachment: scroll\">2000\/ES (ozek)).<\/span><\/p>\n<p>Za cijenu ovog modela kontaktirajte nas.<\/p>","protected":false},"excerpt":{"rendered":"<p>Udobna elektri\u010dna invalidska kolica namijenjena osobama s invaliditetom, za brzo i jednostavno savladavanje arhitektonskih prepreka (stepenica).<\/p>\n<p>Proizvod dostupan isklju\u010divo po narud\u017ebi.<\/p>","protected":false},"featured_media":7262,"template":"","meta":{"_acf_changed":false,"inline_featured_image":false,"_monsterinsights_skip_tracking":false,"_monsterinsights_sitenote_active":false,"_monsterinsights_sitenote_note":"","_monsterinsights_sitenote_category":0},"product_brand":[],"product_cat":[544],"product_tag":[],"class_list":{"0":"post-7261","1":"product","2":"type-product","3":"status-publish","4":"has-post-thumbnail","6":"product_cat-pripomocki","8":"first","9":"onbackorder","10":"sale","11":"taxable","12":"shipping-taxable","13":"purchasable","14":"product-type-simple"},"acf":[],"aioseo_notices":[],"_links":{"self":[{"href":"https:\/\/ritosa.click.si\/hr\/wp-json\/wp\/v2\/product\/7261","targetHints":{"allow":["GET"]}}],"collection":[{"href":"https:\/\/ritosa.click.si\/hr\/wp-json\/wp\/v2\/product"}],"about":[{"href":"https:\/\/ritosa.click.si\/hr\/wp-json\/wp\/v2\/types\/product"}],"wp:featuredmedia":[{"embeddable":true,"href":"https:\/\/ritosa.click.si\/hr\/wp-json\/wp\/v2\/media\/7262"}],"wp:attachment":[{"href":"https:\/\/ritosa.click.si\/hr\/wp-json\/wp\/v2\/media?parent=7261"}],"wp:term":[{"taxonomy":"product_brand","embeddable":true,"href":"https:\/\/ritosa.click.si\/hr\/wp-json\/wp\/v2\/product_brand?post=7261"},{"taxonomy":"product_cat","embeddable":true,"href":"https:\/\/ritosa.click.si\/hr\/wp-json\/wp\/v2\/product_cat?post=7261"},{"taxonomy":"product_tag","embeddable":true,"href":"https:\/\/ritosa.click.si\/hr\/wp-json\/wp\/v2\/product_tag?post=7261"}],"curies":[{"name":"radni list","href":"https:\/\/api.w.org\/{rel}","templated":true}]}}