{"id":7250,"date":"2008-09-02T12:18:39","date_gmt":"2008-09-02T12:18:39","guid":{"rendered":"https:\/\/ritosa.click.si\/?post_type=product&#038;p=7250"},"modified":"2025-09-23T13:14:29","modified_gmt":"2025-09-23T11:14:29","slug":"rocke-krmila-pony-holland","status":"publish","type":"product","link":"https:\/\/ritosa.click.si\/hr\/ducan\/biciklizam\/oprema-za-biciklizam\/dodatna-oprema-in-rezervni-deli\/rocke-in-trakovi-krmila\/rocke-krmila-pony-holland\/","title":{"rendered":"Pony\/Holland gripovi"},"content":{"rendered":"<p>Ru\u010dke za volan Pony Holland. Klasi\u010dne ru\u010dke za sve volane, trenutno dostupne u bijeloj, crnoj i sme\u0111oj boji.<\/p>\n<ul>\n<li>Duljina: 110 mm<\/li>\n<li>Materijal: PVC<\/li>\n<\/ul>","protected":false},"excerpt":{"rendered":"<p>Gripovi za volan Pony Holland. Trenutno na zalihi u crnoj, bijeloj i sme\u0111oj boji. Ru\u010dke dolaze u paru.<\/p>","protected":false},"featured_media":19666,"template":"","meta":{"_acf_changed":false,"inline_featured_image":false,"_monsterinsights_skip_tracking":false,"_monsterinsights_sitenote_active":false,"_monsterinsights_sitenote_note":"","_monsterinsights_sitenote_category":0},"product_brand":[1530],"product_cat":[542],"product_tag":[1636,1615,1637,1634,1638],"class_list":{"0":"post-7250","1":"product","2":"type-product","3":"status-publish","4":"has-post-thumbnail","6":"product_brand-wag","7":"product_cat-rocke-in-trakovi-krmila","8":"product_tag-pony","9":"product_tag-rocaji","10":"product_tag-rocke","11":"product_tag-rocke-za-pony-kolo","12":"product_tag-rog-pony","13":"pa_barva-bela","14":"pa_barva-crna","15":"pa_barva-rjava","17":"first","18":"instock","19":"sale","20":"taxable","21":"shipping-taxable","22":"purchasable","23":"product-type-variable"},"acf":[],"aioseo_notices":[],"_links":{"self":[{"href":"https:\/\/ritosa.click.si\/hr\/wp-json\/wp\/v2\/product\/7250","targetHints":{"allow":["GET"]}}],"collection":[{"href":"https:\/\/ritosa.click.si\/hr\/wp-json\/wp\/v2\/product"}],"about":[{"href":"https:\/\/ritosa.click.si\/hr\/wp-json\/wp\/v2\/types\/product"}],"wp:featuredmedia":[{"embeddable":true,"href":"https:\/\/ritosa.click.si\/hr\/wp-json\/wp\/v2\/media\/19666"}],"wp:attachment":[{"href":"https:\/\/ritosa.click.si\/hr\/wp-json\/wp\/v2\/media?parent=7250"}],"wp:term":[{"taxonomy":"product_brand","embeddable":true,"href":"https:\/\/ritosa.click.si\/hr\/wp-json\/wp\/v2\/product_brand?post=7250"},{"taxonomy":"product_cat","embeddable":true,"href":"https:\/\/ritosa.click.si\/hr\/wp-json\/wp\/v2\/product_cat?post=7250"},{"taxonomy":"product_tag","embeddable":true,"href":"https:\/\/ritosa.click.si\/hr\/wp-json\/wp\/v2\/product_tag?post=7250"}],"curies":[{"name":"radni list","href":"https:\/\/api.w.org\/{rel}","templated":true}]}}