{"id":7236,"date":"2008-09-02T10:27:01","date_gmt":"2008-09-02T10:27:01","guid":{"rendered":"https:\/\/ritosa.click.si\/?post_type=product&#038;p=7236"},"modified":"2026-03-14T09:35:57","modified_gmt":"2026-03-14T08:35:57","slug":"sedez-trekking-bravo-soft-gel","status":"publish","type":"product","link":"https:\/\/ritosa.click.si\/hr\/ducan\/biciklizam\/oprema-za-biciklizam\/dodatna-oprema-in-rezervni-deli\/sedezi\/sedez-trekking-bravo-soft-gel\/","title":{"rendered":"Treking sjedalo Selle Montegrappa Bravo Soft Gel"},"content":{"rendered":"<p>Sastav: umetak od sky carbona\/gela<\/p>\n<p>Dimenzije: 275 \u00d7 190 mm<\/p>\n<p>Te\u017eina: 685 g<\/p>","protected":false},"excerpt":{"rendered":"<p>Trekking sjedalo za udobnu vo\u017enju. Gornja strana presvu\u010dena gelom i neoprenom, te dodatno opru\u017ena.<\/p>","protected":false},"featured_media":21578,"template":"","meta":{"_acf_changed":false,"inline_featured_image":false,"_monsterinsights_skip_tracking":false,"_monsterinsights_sitenote_active":false,"_monsterinsights_sitenote_note":"","_monsterinsights_sitenote_category":0},"product_brand":[2264],"product_cat":[541],"product_tag":[],"class_list":{"0":"post-7236","1":"product","2":"type-product","3":"status-publish","4":"has-post-thumbnail","6":"product_brand-selle-monte-grappa","7":"product_cat-sedezi","9":"first","10":"instock","11":"taxable","12":"shipping-taxable","13":"purchasable","14":"product-type-simple"},"acf":[],"aioseo_notices":[],"_links":{"self":[{"href":"https:\/\/ritosa.click.si\/hr\/wp-json\/wp\/v2\/product\/7236","targetHints":{"allow":["GET"]}}],"collection":[{"href":"https:\/\/ritosa.click.si\/hr\/wp-json\/wp\/v2\/product"}],"about":[{"href":"https:\/\/ritosa.click.si\/hr\/wp-json\/wp\/v2\/types\/product"}],"wp:featuredmedia":[{"embeddable":true,"href":"https:\/\/ritosa.click.si\/hr\/wp-json\/wp\/v2\/media\/21578"}],"wp:attachment":[{"href":"https:\/\/ritosa.click.si\/hr\/wp-json\/wp\/v2\/media?parent=7236"}],"wp:term":[{"taxonomy":"product_brand","embeddable":true,"href":"https:\/\/ritosa.click.si\/hr\/wp-json\/wp\/v2\/product_brand?post=7236"},{"taxonomy":"product_cat","embeddable":true,"href":"https:\/\/ritosa.click.si\/hr\/wp-json\/wp\/v2\/product_cat?post=7236"},{"taxonomy":"product_tag","embeddable":true,"href":"https:\/\/ritosa.click.si\/hr\/wp-json\/wp\/v2\/product_tag?post=7236"}],"curies":[{"name":"radni list","href":"https:\/\/api.w.org\/{rel}","templated":true}]}}