{"id":7222,"date":"2008-09-02T09:52:19","date_gmt":"2008-09-02T09:52:19","guid":{"rendered":"https:\/\/ritosa.click.si\/?post_type=product&#038;p=7222"},"modified":"2026-03-14T10:23:57","modified_gmt":"2026-03-14T09:23:57","slug":"sedez-treking-bravo-gel","status":"publish","type":"product","link":"https:\/\/ritosa.click.si\/hr\/ducan\/biciklizam\/oprema-za-biciklizam\/dodatna-oprema-in-rezervni-deli\/sedezi\/sedez-treking-bravo-gel\/","title":{"rendered":"Treking sjedalo Selle Montegrappa Bravo Gel"},"content":{"rendered":"<ul>\n<li>Pogodno za: Trekking bicikle, gradske bicikle te za one koji stavljaju udobnost na prvo mjesto na brdskim biciklima.<\/li>\n<li>Sastav: refleksni ulo\u017eak\/gel ulo\u017eak<\/li>\n<li>Dimenzije: 260\u00d7200 mm<\/li>\n<li>Te\u017eina: 570 g<\/li>\n<\/ul>","protected":false},"excerpt":{"rendered":"<p>Trekking sjedalo za udobnu vo\u017enju u gradu i na stazama izvan grada. Oblo\u017eeno gelom i neoprenom s gornje strane, te dodatno opru\u017eno. Vrlo mekano sjedalo pogodno za mu\u0161karce i \u017eene, nudi zaista udobnu dugu vo\u017enju.<\/p>","protected":false},"featured_media":21588,"template":"","meta":{"_acf_changed":false,"inline_featured_image":false,"_monsterinsights_skip_tracking":false,"_monsterinsights_sitenote_active":false,"_monsterinsights_sitenote_note":"","_monsterinsights_sitenote_category":0},"product_brand":[2264],"product_cat":[541],"product_tag":[1200,1199],"class_list":{"0":"post-7222","1":"product","2":"type-product","3":"status-publish","4":"has-post-thumbnail","6":"product_brand-selle-monte-grappa","7":"product_cat-sedezi","8":"product_tag-moski","9":"product_tag-zenske","11":"first","12":"instock","13":"sale","14":"taxable","15":"shipping-taxable","16":"purchasable","17":"product-type-simple"},"acf":[],"aioseo_notices":[],"_links":{"self":[{"href":"https:\/\/ritosa.click.si\/hr\/wp-json\/wp\/v2\/product\/7222","targetHints":{"allow":["GET"]}}],"collection":[{"href":"https:\/\/ritosa.click.si\/hr\/wp-json\/wp\/v2\/product"}],"about":[{"href":"https:\/\/ritosa.click.si\/hr\/wp-json\/wp\/v2\/types\/product"}],"wp:featuredmedia":[{"embeddable":true,"href":"https:\/\/ritosa.click.si\/hr\/wp-json\/wp\/v2\/media\/21588"}],"wp:attachment":[{"href":"https:\/\/ritosa.click.si\/hr\/wp-json\/wp\/v2\/media?parent=7222"}],"wp:term":[{"taxonomy":"product_brand","embeddable":true,"href":"https:\/\/ritosa.click.si\/hr\/wp-json\/wp\/v2\/product_brand?post=7222"},{"taxonomy":"product_cat","embeddable":true,"href":"https:\/\/ritosa.click.si\/hr\/wp-json\/wp\/v2\/product_cat?post=7222"},{"taxonomy":"product_tag","embeddable":true,"href":"https:\/\/ritosa.click.si\/hr\/wp-json\/wp\/v2\/product_tag?post=7222"}],"curies":[{"name":"radni list","href":"https:\/\/api.w.org\/{rel}","templated":true}]}}