{"id":7193,"date":"2008-08-25T10:46:45","date_gmt":"2008-08-25T10:46:45","guid":{"rendered":"https:\/\/ritosa.click.si\/?post_type=product&#038;p=7193"},"modified":"2025-09-23T16:42:30","modified_gmt":"2025-09-23T14:42:30","slug":"otroski-sedez-bellelli-rabbit-sprednji-b-fix","status":"publish","type":"product","link":"https:\/\/ritosa.click.si\/hr\/ducan\/biciklizam\/oprema-za-biciklizam\/dodatna-oprema-in-rezervni-deli\/otroski-sedezi\/otroski-sedez-bellelli-rabbit-sprednji-b-fix\/","title":{"rendered":"Bellelli Rabbit prednja dje\u010dja sjedalica B-FIX"},"content":{"rendered":"<p>Prednja dje\u010dja sjedalica za bicikle proizvo\u0111a\u010da Bellelli, montirana na okvir, na donju cijev izme\u0111u upravlja\u010da i pogonskog sklopa. T\u00dcV certifikat.<\/p>\n<ul>\n<li>Pogodno za djecu od 9 mjeseci do 4 godine. Maksimalno preporu\u010deno optere\u0107enje 15 kg.<\/li>\n<li>Montiranje dje\u010dje sjedalice na okvir omogu\u0107uje vi\u0161e prostora za ostalu prtljagu.<\/li>\n<li>Podesivi sigurnosni pojas i oslonci za noge. Pojas je dizajniran tako da ga dijete ne mo\u017ee samo otvoriti.<\/li>\n<li>Za bicikle s obru\u010dima od 26\u201d do 28\u201d, uklju\u010duju\u0107i \u017eenske ili mu\u0161ke trekking, cross-country, brdske i hibridne bicikle.<\/li>\n<li>Ugradnja je mogu\u0107a na cijevima promjera od 25 do 46 mm.<\/li>\n<\/ul>\n<p><img decoding=\"async\" class=\"alignnone size-full wp-image-19681\" src=\"https:\/\/ritosa.click.si\/wp-content\/uploads\/2008\/08\/attacco.jpg\" alt=\"\" width=\"143\" height=\"143\" srcset=\"https:\/\/ritosa.click.si\/wp-content\/uploads\/2008\/08\/attacco.jpg 143w, https:\/\/ritosa.click.si\/wp-content\/uploads\/2008\/08\/attacco-12x12.jpg 12w, https:\/\/ritosa.click.si\/wp-content\/uploads\/2008\/08\/attacco-100x100.jpg 100w\" sizes=\"(max-width: 143px) 100vw, 143px\" \/><\/p>\n<p>Dje\u010dju sjedalicu mo\u017eete naru\u010diti u na\u0161oj internetskoj trgovini ili je preuzeti u na\u0161em biciklisti\u010dkom centru Rito\u0161a Izola.<\/p>","protected":false},"excerpt":{"rendered":"<p>Prednja dje\u010dja sjedalica za bicikle proizvo\u0111a\u010da Bellelli, montirana na okvir, na donju cijev izme\u0111u upravlja\u010da i pogonskog sklopa. T\u00dcV certifikat.<\/p>","protected":false},"featured_media":7196,"template":"","meta":{"_acf_changed":false,"inline_featured_image":false,"_monsterinsights_skip_tracking":false,"_monsterinsights_sitenote_active":false,"_monsterinsights_sitenote_note":"","_monsterinsights_sitenote_category":0},"product_brand":[1643],"product_cat":[538],"product_tag":[1641,1198,1642,1654,1640],"class_list":{"0":"post-7193","1":"product","2":"type-product","3":"status-publish","4":"has-post-thumbnail","6":"product_brand-bellelli","7":"product_cat-otroski-sedezi","8":"product_tag-bellelli","9":"product_tag-otroci","10":"product_tag-otroski-sedez","11":"product_tag-otroski-sedez-bellelli","12":"product_tag-otroski-sedez-za-na-kolo","13":"pa_barva-roza","14":"pa_barva-temno-siva","16":"first","17":"instock","18":"sale","19":"taxable","20":"shipping-taxable","21":"purchasable","22":"product-type-simple"},"acf":[],"aioseo_notices":[],"_links":{"self":[{"href":"https:\/\/ritosa.click.si\/hr\/wp-json\/wp\/v2\/product\/7193","targetHints":{"allow":["GET"]}}],"collection":[{"href":"https:\/\/ritosa.click.si\/hr\/wp-json\/wp\/v2\/product"}],"about":[{"href":"https:\/\/ritosa.click.si\/hr\/wp-json\/wp\/v2\/types\/product"}],"wp:featuredmedia":[{"embeddable":true,"href":"https:\/\/ritosa.click.si\/hr\/wp-json\/wp\/v2\/media\/7196"}],"wp:attachment":[{"href":"https:\/\/ritosa.click.si\/hr\/wp-json\/wp\/v2\/media?parent=7193"}],"wp:term":[{"taxonomy":"product_brand","embeddable":true,"href":"https:\/\/ritosa.click.si\/hr\/wp-json\/wp\/v2\/product_brand?post=7193"},{"taxonomy":"product_cat","embeddable":true,"href":"https:\/\/ritosa.click.si\/hr\/wp-json\/wp\/v2\/product_cat?post=7193"},{"taxonomy":"product_tag","embeddable":true,"href":"https:\/\/ritosa.click.si\/hr\/wp-json\/wp\/v2\/product_tag?post=7193"}],"curies":[{"name":"radni list","href":"https:\/\/api.w.org\/{rel}","templated":true}]}}