{"id":7191,"date":"2008-08-22T13:17:22","date_gmt":"2008-08-22T13:17:22","guid":{"rendered":"https:\/\/ritosa.click.si\/?post_type=product&#038;p=7191"},"modified":"2025-09-19T13:00:13","modified_gmt":"2025-09-19T11:00:13","slug":"luc-zadnja-5-led","status":"publish","type":"product","link":"https:\/\/ritosa.click.si\/hr\/ducan\/biciklizam\/oprema-za-biciklizam\/dodatna-oprema-in-rezervni-deli\/luci-zarometi\/luc-zadnja-5-led\/","title":{"rendered":"Svjetlo na stra\u017enjem blatobranu"},"content":{"rendered":"<p data-start=\"45\" data-end=\"156\">\u2022 3 crvene LED diode<br data-start=\"64\" data-end=\"67\" \/>\u2022 Uklju\u010duju\u0107i maticu i podlo\u0161ku<br data-start=\"98\" data-end=\"101\" \/>\u2022 Baterije: 2 komada &quot;AAA&quot; (Art. 54 615 0050 - uklju\u010dene)<\/p>\n<p data-start=\"158\" data-end=\"185\"><strong data-start=\"158\" data-end=\"185\">Tehni\u010dke specifikacije:<\/strong><\/p>\n<ul>\n<li data-start=\"189\" data-end=\"220\">Polo\u017eaj svjetla: Stra\u017enji, blatobran<\/li>\n<li data-start=\"223\" data-end=\"248\">Vrsta napajanja: Baterija<\/li>\n<li data-start=\"251\" data-end=\"275\">Punjenje preko USB-a: Ne<\/li>\n<li data-start=\"278\" data-end=\"320\">Prikladno za elektri\u010dne bicikle (E-Bike): Ne<\/li>\n<\/ul>","protected":false},"excerpt":{"rendered":"<p>Stra\u017enje svjetlo s monta\u017eom na blatobran, na baterije.<\/p>","protected":false},"featured_media":19554,"template":"","meta":{"_acf_changed":false,"inline_featured_image":false,"_monsterinsights_skip_tracking":false,"_monsterinsights_sitenote_active":false,"_monsterinsights_sitenote_note":"","_monsterinsights_sitenote_category":0},"product_brand":[1530],"product_cat":[534],"product_tag":[1563,1579,1578,1540],"class_list":{"0":"post-7191","1":"product","2":"type-product","3":"status-publish","4":"has-post-thumbnail","6":"product_brand-wag","7":"product_cat-luci-zarometi","8":"product_tag-luc-wag","9":"product_tag-luc-za-na-blatnik","10":"product_tag-wag","11":"product_tag-zadnja-luc","13":"first","14":"instock","15":"taxable","16":"shipping-taxable","17":"purchasable","18":"product-type-simple"},"acf":[],"aioseo_notices":[],"_links":{"self":[{"href":"https:\/\/ritosa.click.si\/hr\/wp-json\/wp\/v2\/product\/7191","targetHints":{"allow":["GET"]}}],"collection":[{"href":"https:\/\/ritosa.click.si\/hr\/wp-json\/wp\/v2\/product"}],"about":[{"href":"https:\/\/ritosa.click.si\/hr\/wp-json\/wp\/v2\/types\/product"}],"wp:featuredmedia":[{"embeddable":true,"href":"https:\/\/ritosa.click.si\/hr\/wp-json\/wp\/v2\/media\/19554"}],"wp:attachment":[{"href":"https:\/\/ritosa.click.si\/hr\/wp-json\/wp\/v2\/media?parent=7191"}],"wp:term":[{"taxonomy":"product_brand","embeddable":true,"href":"https:\/\/ritosa.click.si\/hr\/wp-json\/wp\/v2\/product_brand?post=7191"},{"taxonomy":"product_cat","embeddable":true,"href":"https:\/\/ritosa.click.si\/hr\/wp-json\/wp\/v2\/product_cat?post=7191"},{"taxonomy":"product_tag","embeddable":true,"href":"https:\/\/ritosa.click.si\/hr\/wp-json\/wp\/v2\/product_tag?post=7191"}],"curies":[{"name":"radni list","href":"https:\/\/api.w.org\/{rel}","templated":true}]}}