{"id":7186,"date":"2008-08-20T09:31:06","date_gmt":"2008-08-20T09:31:06","guid":{"rendered":"https:\/\/ritosa.click.si\/?post_type=product&#038;p=7186"},"modified":"2025-08-28T16:07:10","modified_gmt":"2025-08-28T14:07:10","slug":"stenski-nosilec-za-4-kolesa","status":"publish","type":"product","link":"https:\/\/ritosa.click.si\/hr\/ducan\/biciklizam\/nosilci-koles\/za-dom\/stenski-nosilec-za-4-kolesa\/","title":{"rendered":"Zidni nosa\u010d za 4 bicikla"},"content":{"rendered":"<p>Nosa\u010d za bicikle za pohranu bicikala u spremi\u0161tima za bicikle, u ku\u0107i, stambenim zgradama itd. Postavlja se na okomiti zid i omogu\u0107uje vam vje\u0161anje do \u010detiri bicikla.<\/p>\n<p>Dimenzije: 76 cm x 45 cm<\/p>\n<p>Dostupni su i model sa 6 kota\u010da i model s 2 kota\u010da.<\/p>\n<p>Nosa\u010d je tako\u0111er na zalihi u BICIKLISTI\u010cKOM CENTRU RITO\u0160A u Izoli.<\/p>","protected":false},"excerpt":{"rendered":"<p>Nosa\u010d za bicikle za pohranu bicikala u spremi\u0161tima za bicikle, u ku\u0107i, stambenim zgradama itd. Postavlja se na okomiti zid i omogu\u0107uje vam vje\u0161anje do \u010detiri bicikla.<\/p>","protected":false},"featured_media":7187,"template":"","meta":{"_acf_changed":false,"inline_featured_image":false,"_monsterinsights_skip_tracking":false,"_monsterinsights_sitenote_active":false,"_monsterinsights_sitenote_note":"","_monsterinsights_sitenote_category":0},"product_brand":[],"product_cat":[528],"product_tag":[1279,1269,1268],"class_list":{"0":"post-7186","1":"product","2":"type-product","3":"status-publish","4":"has-post-thumbnail","6":"product_cat-za-dom","7":"product_tag-nosilec-za-na-steno","8":"product_tag-stenski-nosilec","9":"product_tag-stenski-nosilec-za-kolesa","11":"first","12":"instock","13":"taxable","14":"shipping-taxable","15":"purchasable","16":"product-type-simple"},"acf":[],"aioseo_notices":[],"_links":{"self":[{"href":"https:\/\/ritosa.click.si\/hr\/wp-json\/wp\/v2\/product\/7186","targetHints":{"allow":["GET"]}}],"collection":[{"href":"https:\/\/ritosa.click.si\/hr\/wp-json\/wp\/v2\/product"}],"about":[{"href":"https:\/\/ritosa.click.si\/hr\/wp-json\/wp\/v2\/types\/product"}],"wp:featuredmedia":[{"embeddable":true,"href":"https:\/\/ritosa.click.si\/hr\/wp-json\/wp\/v2\/media\/7187"}],"wp:attachment":[{"href":"https:\/\/ritosa.click.si\/hr\/wp-json\/wp\/v2\/media?parent=7186"}],"wp:term":[{"taxonomy":"product_brand","embeddable":true,"href":"https:\/\/ritosa.click.si\/hr\/wp-json\/wp\/v2\/product_brand?post=7186"},{"taxonomy":"product_cat","embeddable":true,"href":"https:\/\/ritosa.click.si\/hr\/wp-json\/wp\/v2\/product_cat?post=7186"},{"taxonomy":"product_tag","embeddable":true,"href":"https:\/\/ritosa.click.si\/hr\/wp-json\/wp\/v2\/product_tag?post=7186"}],"curies":[{"name":"radni list","href":"https:\/\/api.w.org\/{rel}","templated":true}]}}