{"id":7169,"date":"2008-08-19T11:16:23","date_gmt":"2008-08-19T11:16:23","guid":{"rendered":"https:\/\/ritosa.click.si\/?post_type=product&#038;p=7169"},"modified":"2025-09-16T11:00:03","modified_gmt":"2025-09-16T09:00:03","slug":"kljucavnica-na-3-stevilsko-kombinacijo","status":"publish","type":"product","link":"https:\/\/ritosa.click.si\/hr\/ducan\/biciklizam\/oprema-za-biciklizam\/dodatna-oprema-in-rezervni-deli\/kljucavnice\/kljucavnica-na-3-stevilsko-kombinacijo\/","title":{"rendered":"Lokot s kombinacijom od tri broja"},"content":{"rendered":"<div class=\"clearfix text-formatted field field--name-field-summary field--type-text-long field--label-hidden field__item\">\n<p>Klasi\u010dni lokot za bicikl s broj\u010danikom za osnovnu za\u0161titu.<\/p>\n<\/div>\n<div class=\"clearfix text-formatted field field--name-body field--type-text-with-summary field--label-hidden field__item\">\n<p><strong>Zna\u010dajke:<\/strong><\/p>\n<ul>\n<li>Na\u010din zaklju\u010davanja: broj\u010danik<\/li>\n<li>Duljina: 55 cm<\/li>\n<li>Promjer: 6 mm<\/li>\n<li>Razina za\u0161tite 3\/10<\/li>\n<li>Boja: ljubi\u010dasta<\/li>\n<\/ul>\n<\/div>","protected":false},"excerpt":{"rendered":"<p>Lokot s kombinacijom od tri broja u ljubi\u010dastoj boji.<\/p>","protected":false},"featured_media":7175,"template":"","meta":{"_acf_changed":false,"inline_featured_image":false,"_monsterinsights_skip_tracking":false,"_monsterinsights_sitenote_active":false,"_monsterinsights_sitenote_note":"","_monsterinsights_sitenote_category":0},"product_brand":[1469],"product_cat":[535],"product_tag":[1498,1510,1513],"class_list":{"0":"post-7169","1":"product","2":"type-product","3":"status-publish","4":"has-post-thumbnail","6":"product_brand-masterlock","7":"product_cat-kljucavnice","8":"product_tag-kljucavnica","9":"product_tag-kljucavnica-na-stevilke","10":"product_tag-masterlock","11":"pa_barva-bordo","12":"pa_barva-rna","13":"pa_barva-modra","14":"pa_barva-viola","15":"pa_barva-zelena","17":"first","18":"instock","19":"taxable","20":"shipping-taxable","21":"purchasable","22":"product-type-simple"},"acf":[],"aioseo_notices":[],"_links":{"self":[{"href":"https:\/\/ritosa.click.si\/hr\/wp-json\/wp\/v2\/product\/7169","targetHints":{"allow":["GET"]}}],"collection":[{"href":"https:\/\/ritosa.click.si\/hr\/wp-json\/wp\/v2\/product"}],"about":[{"href":"https:\/\/ritosa.click.si\/hr\/wp-json\/wp\/v2\/types\/product"}],"wp:featuredmedia":[{"embeddable":true,"href":"https:\/\/ritosa.click.si\/hr\/wp-json\/wp\/v2\/media\/7175"}],"wp:attachment":[{"href":"https:\/\/ritosa.click.si\/hr\/wp-json\/wp\/v2\/media?parent=7169"}],"wp:term":[{"taxonomy":"product_brand","embeddable":true,"href":"https:\/\/ritosa.click.si\/hr\/wp-json\/wp\/v2\/product_brand?post=7169"},{"taxonomy":"product_cat","embeddable":true,"href":"https:\/\/ritosa.click.si\/hr\/wp-json\/wp\/v2\/product_cat?post=7169"},{"taxonomy":"product_tag","embeddable":true,"href":"https:\/\/ritosa.click.si\/hr\/wp-json\/wp\/v2\/product_tag?post=7169"}],"curies":[{"name":"radni list","href":"https:\/\/api.w.org\/{rel}","templated":true}]}}