{"id":7143,"date":"2008-07-30T14:20:14","date_gmt":"2008-07-30T14:20:14","guid":{"rendered":"https:\/\/ritosa.click.si\/?post_type=product&#038;p=7143"},"modified":"2025-08-29T15:03:43","modified_gmt":"2025-08-29T13:03:43","slug":"nosilec-koles-zidni-roda","status":"publish","type":"product","link":"https:\/\/ritosa.click.si\/hr\/ducan\/biciklizam\/nosilci-koles\/za-dom\/nosilec-koles-zidni-roda\/","title":{"rendered":"Nosa\u010d za bicikle Roda"},"content":{"rendered":"<p>Nosa\u010d za bicikle Roda za pohranu bicikala u okomitom polo\u017eaju. Ima plasti\u010dni \u0161titnik koji \u0161titi obru\u010d i \u017ebice.<\/p>\n<p>&nbsp;<\/p>","protected":false},"excerpt":{"rendered":"<p>Nosa\u010d za bicikle Roda za pohranu bicikala u vertikalnom polo\u017eaju.<\/p>\n<p>Dostupno u bijeloj boji.<\/p>\n<p>&nbsp;<\/p>","protected":false},"featured_media":19206,"template":"","meta":{"_acf_changed":false,"inline_featured_image":false,"_monsterinsights_skip_tracking":false,"_monsterinsights_sitenote_active":false,"_monsterinsights_sitenote_note":"","_monsterinsights_sitenote_category":0},"product_brand":[685],"product_cat":[528],"product_tag":[1271,1281,1269,1280],"class_list":{"0":"post-7143","1":"product","2":"type-product","3":"status-publish","4":"has-post-thumbnail","6":"product_brand-peruzzo","7":"product_cat-za-dom","8":"product_tag-nosilec-koles-za-na-steno","9":"product_tag-peruzzo-nosilec-za-kolo","10":"product_tag-stenski-nosilec","11":"product_tag-stenski-nosilec-peruzzo","13":"first","14":"instock","15":"sale","16":"taxable","17":"shipping-taxable","18":"purchasable","19":"product-type-simple"},"acf":[],"aioseo_notices":[],"_links":{"self":[{"href":"https:\/\/ritosa.click.si\/hr\/wp-json\/wp\/v2\/product\/7143","targetHints":{"allow":["GET"]}}],"collection":[{"href":"https:\/\/ritosa.click.si\/hr\/wp-json\/wp\/v2\/product"}],"about":[{"href":"https:\/\/ritosa.click.si\/hr\/wp-json\/wp\/v2\/types\/product"}],"wp:featuredmedia":[{"embeddable":true,"href":"https:\/\/ritosa.click.si\/hr\/wp-json\/wp\/v2\/media\/19206"}],"wp:attachment":[{"href":"https:\/\/ritosa.click.si\/hr\/wp-json\/wp\/v2\/media?parent=7143"}],"wp:term":[{"taxonomy":"product_brand","embeddable":true,"href":"https:\/\/ritosa.click.si\/hr\/wp-json\/wp\/v2\/product_brand?post=7143"},{"taxonomy":"product_cat","embeddable":true,"href":"https:\/\/ritosa.click.si\/hr\/wp-json\/wp\/v2\/product_cat?post=7143"},{"taxonomy":"product_tag","embeddable":true,"href":"https:\/\/ritosa.click.si\/hr\/wp-json\/wp\/v2\/product_tag?post=7143"}],"curies":[{"name":"radni list","href":"https:\/\/api.w.org\/{rel}","templated":true}]}}