{"id":7139,"date":"2008-07-26T18:45:39","date_gmt":"2008-07-26T18:45:39","guid":{"rendered":"https:\/\/ritosa.click.si\/?post_type=product&#038;p=7139"},"modified":"2025-08-29T15:37:18","modified_gmt":"2025-08-29T13:37:18","slug":"pomozna-cev-za-zensko-kolo","status":"publish","type":"product","link":"https:\/\/ritosa.click.si\/hr\/ducan\/biciklizam\/nosilci-koles\/za-avto\/pomozna-cev-za-zensko-kolo\/","title":{"rendered":"Pomo\u0107na cijev za \u017eenski bicikl"},"content":{"rendered":"<p>Pomo\u0107na cijev za monta\u017eu \u017eenskog ili bicikla s punim ovjesom na nosa\u010de koji se pri\u010dvr\u0161\u0107uju na okvir.<strong><br \/>\n<\/strong><\/p>\n<p>Duljina od 450 do 750 mm.<\/p>","protected":false},"excerpt":{"rendered":"<p>Pomo\u0107na cijev za monta\u017eu \u017eenskog ili bicikla s punim ovjesom na nosa\u010de koji se pri\u010dvr\u0161\u0107uju na okvir.<\/p>","protected":false},"featured_media":7140,"template":"","meta":{"_acf_changed":false,"inline_featured_image":false},"product_brand":[],"product_cat":[527],"product_tag":[1293,1292,1294],"class_list":{"0":"post-7139","1":"product","2":"type-product","3":"status-publish","4":"has-post-thumbnail","6":"product_cat-za-avto","7":"product_tag-cev-za-zensko-kolo","8":"product_tag-pomoizna-cev-za-zensko-kolo","9":"product_tag-pomozna-cev","11":"first","12":"instock","13":"sale","14":"taxable","15":"shipping-taxable","16":"purchasable","17":"product-type-simple"},"acf":[],"_links":{"self":[{"href":"https:\/\/ritosa.click.si\/hr\/wp-json\/wp\/v2\/product\/7139","targetHints":{"allow":["GET"]}}],"collection":[{"href":"https:\/\/ritosa.click.si\/hr\/wp-json\/wp\/v2\/product"}],"about":[{"href":"https:\/\/ritosa.click.si\/hr\/wp-json\/wp\/v2\/types\/product"}],"wp:featuredmedia":[{"embeddable":true,"href":"https:\/\/ritosa.click.si\/hr\/wp-json\/wp\/v2\/media\/7140"}],"wp:attachment":[{"href":"https:\/\/ritosa.click.si\/hr\/wp-json\/wp\/v2\/media?parent=7139"}],"wp:term":[{"taxonomy":"product_brand","embeddable":true,"href":"https:\/\/ritosa.click.si\/hr\/wp-json\/wp\/v2\/product_brand?post=7139"},{"taxonomy":"product_cat","embeddable":true,"href":"https:\/\/ritosa.click.si\/hr\/wp-json\/wp\/v2\/product_cat?post=7139"},{"taxonomy":"product_tag","embeddable":true,"href":"https:\/\/ritosa.click.si\/hr\/wp-json\/wp\/v2\/product_tag?post=7139"}],"curies":[{"name":"radni list","href":"https:\/\/api.w.org\/{rel}","templated":true}]}}