{"id":7134,"date":"2008-06-16T13:11:25","date_gmt":"2008-06-16T13:11:25","guid":{"rendered":"https:\/\/ritosa.click.si\/?post_type=product&#038;p=7134"},"modified":"2026-03-30T09:03:07","modified_gmt":"2026-03-30T07:03:07","slug":"tricikel-trokolo-special-24-6-prestav","status":"publish","type":"product","link":"https:\/\/ritosa.click.si\/hr\/ducan\/invalidski-pripomocki\/tricikli\/tricikel-trokolo-special-24-6-prestav\/","title":{"rendered":"Tricikl Special 24\u201d - 6 brzina"},"content":{"rendered":"<ul>\n<li>Okvir: aluminij<\/li>\n<li>Vilice: hi-ten<\/li>\n<li>Prednja ko\u010dnica: aluminijski V-brake<\/li>\n<li>Zadnja ko\u010dnica: mehani\u010dki disk<\/li>\n<li>Ko\u010dione ru\u010dice: aluminij s zaklju\u010davanjem<\/li>\n<li>Kaseta: Shimano 6 brzina<\/li>\n<li>Mjenja\u010di: Shimano Revoshift<\/li>\n<li>Gonilica: hi-ten jednostruka<\/li>\n<li>Dodatna oprema: svjetla na baterije, blatobrani, stra\u017enja ko\u0161ara 56 \u00d7 52 \u00d7 23 cm<\/li>\n<li>Vanjske gume: 24 \u00d7 1.75<\/li>\n<li>Dimenzije: \u0161irina 79 cm, du\u017eina 175 cm, visina 90 cm<\/li>\n<li>Maksimalna nosivost: 90 kg voza\u010d, 25 kg ko\u0161ara<\/li>\n<li>Te\u017eina: 20 kg<\/li>\n<\/ul>\n<p>Ovaj model je prikladan za osobe visine iznad 170 cm.<\/p>","protected":false},"excerpt":{"rendered":"<p>Tricikl (trokolica) 24\u2033 za odrasle s aluminijskim okvirom i 6 Shimano brzina pru\u017ea stabilnu, udobnu i sigurnu vo\u017enju. Opremljen je velikom stra\u017enjom ko\u0161arom za prijevoz namirnica ili prtljage, \u0161to ga \u010dini idealnim za vo\u017enju po gradu i svakodnevne obaveze.<\/p>","protected":false},"featured_media":21678,"template":"","meta":{"_acf_changed":false,"inline_featured_image":false,"_monsterinsights_skip_tracking":false,"_monsterinsights_sitenote_active":false,"_monsterinsights_sitenote_note":"","_monsterinsights_sitenote_category":0},"product_brand":[],"product_cat":[496],"product_tag":[2267,2269,2268],"class_list":{"0":"post-7134","1":"product","2":"type-product","3":"status-publish","4":"has-post-thumbnail","6":"product_cat-tricikli","7":"product_tag-tricikel","8":"product_tag-tricikel-24","9":"product_tag-trikolo","10":"pa_barva-modra","11":"pa_barva-rdeca","12":"pa_barva-srebrna","14":"first","15":"instock","16":"taxable","17":"shipping-taxable","18":"purchasable","19":"product-type-variable"},"acf":[],"aioseo_notices":[],"_links":{"self":[{"href":"https:\/\/ritosa.click.si\/hr\/wp-json\/wp\/v2\/product\/7134","targetHints":{"allow":["GET"]}}],"collection":[{"href":"https:\/\/ritosa.click.si\/hr\/wp-json\/wp\/v2\/product"}],"about":[{"href":"https:\/\/ritosa.click.si\/hr\/wp-json\/wp\/v2\/types\/product"}],"wp:featuredmedia":[{"embeddable":true,"href":"https:\/\/ritosa.click.si\/hr\/wp-json\/wp\/v2\/media\/21678"}],"wp:attachment":[{"href":"https:\/\/ritosa.click.si\/hr\/wp-json\/wp\/v2\/media?parent=7134"}],"wp:term":[{"taxonomy":"product_brand","embeddable":true,"href":"https:\/\/ritosa.click.si\/hr\/wp-json\/wp\/v2\/product_brand?post=7134"},{"taxonomy":"product_cat","embeddable":true,"href":"https:\/\/ritosa.click.si\/hr\/wp-json\/wp\/v2\/product_cat?post=7134"},{"taxonomy":"product_tag","embeddable":true,"href":"https:\/\/ritosa.click.si\/hr\/wp-json\/wp\/v2\/product_tag?post=7134"}],"curies":[{"name":"radni list","href":"https:\/\/api.w.org\/{rel}","templated":true}]}}