{"id":7114,"date":"2008-06-11T21:12:37","date_gmt":"2008-06-11T21:12:37","guid":{"rendered":"https:\/\/ritosa.click.si\/?post_type=product&#038;p=7114"},"modified":"2026-03-10T11:17:27","modified_gmt":"2026-03-10T10:17:27","slug":"nosilec-koles-roma-tandem","status":"publish","type":"product","link":"https:\/\/ritosa.click.si\/hr\/ducan\/biciklizam\/nosilci-koles\/za-avto\/nosilec-koles-roma-tandem\/","title":{"rendered":"Nosa\u010d za bicikle Roma Tandem"},"content":{"rendered":"<p>Nosa\u010d Roma prikladan je za prijevoz tandem bicikala. Nosa\u010d je u potpunosti izra\u0111en od aluminija i uklju\u010duje bravu. Mo\u017ee se podesiti za razli\u010dite debljine okvira. Pogodan je za nosa\u010de prtljage do promjera cijevi 70x50 mm.<\/p>\n<p>Duljina grede je 2,05 m.<br \/>\nTe\u017eina: 3 kg.<br \/>\nNosivost: jedan tandem bicikl.<\/p>\n<p>&nbsp;<\/p>\n<p>&nbsp;<\/p>","protected":false},"excerpt":{"rendered":"<p>Nosa\u010d Roma za prijevoz tandem bicikala.<\/p>","protected":false},"featured_media":21278,"template":"","meta":{"_acf_changed":false,"inline_featured_image":false},"product_brand":[685],"product_cat":[527],"product_tag":[1343,1344,1342,1345],"class_list":{"0":"post-7114","1":"product","2":"type-product","3":"status-publish","4":"has-post-thumbnail","6":"product_brand-peruzzo","7":"product_cat-za-avto","8":"product_tag-kolo-tandem-nosilec","9":"product_tag-nosilec-za-kolo-tandem","10":"product_tag-nosilec-za-tandem","11":"product_tag-nosilec-za-tandem-kolo","13":"first","14":"instock","15":"sale","16":"taxable","17":"shipping-taxable","18":"purchasable","19":"product-type-simple"},"acf":[],"_links":{"self":[{"href":"https:\/\/ritosa.click.si\/hr\/wp-json\/wp\/v2\/product\/7114","targetHints":{"allow":["GET"]}}],"collection":[{"href":"https:\/\/ritosa.click.si\/hr\/wp-json\/wp\/v2\/product"}],"about":[{"href":"https:\/\/ritosa.click.si\/hr\/wp-json\/wp\/v2\/types\/product"}],"wp:featuredmedia":[{"embeddable":true,"href":"https:\/\/ritosa.click.si\/hr\/wp-json\/wp\/v2\/media\/21278"}],"wp:attachment":[{"href":"https:\/\/ritosa.click.si\/hr\/wp-json\/wp\/v2\/media?parent=7114"}],"wp:term":[{"taxonomy":"product_brand","embeddable":true,"href":"https:\/\/ritosa.click.si\/hr\/wp-json\/wp\/v2\/product_brand?post=7114"},{"taxonomy":"product_cat","embeddable":true,"href":"https:\/\/ritosa.click.si\/hr\/wp-json\/wp\/v2\/product_cat?post=7114"},{"taxonomy":"product_tag","embeddable":true,"href":"https:\/\/ritosa.click.si\/hr\/wp-json\/wp\/v2\/product_tag?post=7114"}],"curies":[{"name":"radni list","href":"https:\/\/api.w.org\/{rel}","templated":true}]}}