{"id":7112,"date":"2008-06-11T20:59:27","date_gmt":"2008-06-11T20:59:27","guid":{"rendered":"https:\/\/ritosa.click.si\/?post_type=product&#038;p=7112"},"modified":"2025-09-02T12:15:42","modified_gmt":"2025-09-02T10:15:42","slug":"nosilec-koles-profesional-tour-za-dirkalna-gorska-kolesa","status":"publish","type":"product","link":"https:\/\/ritosa.click.si\/hr\/ducan\/biciklizam\/nosilci-koles\/za-avto\/nosilec-koles-profesional-tour-za-dirkalna-gorska-kolesa\/","title":{"rendered":"Profesionalni nosa\u010d za bicikle Tour za trka\u0107e\/brdske bicikle"},"content":{"rendered":"<p>Nosa\u010d za bicikle na krovu.<\/p>\n<p>Nosa\u010d za bicikl pri\u010dvr\u0161\u0107uje se na krov automobila. Na njega se pri\u010dvr\u0161\u0107uje prednja vilica trka\u0107eg, trekking ili brdskog bicikla. Jednostavna monta\u017ea bez alata.<br \/>\nNosa\u010d je izra\u0111en od metala i plastike te zadovoljava sve standarde.<\/p>\n<p>Te\u017eina: 0,8 kg.<br \/>\nNosivost: 15 kg.<strong><br \/>\n<\/strong><\/p>\n<p><strong>T\u00dcV certifikat homologacije.<\/strong><\/p>\n<p>&nbsp;<\/p>","protected":false},"excerpt":{"rendered":"<p>Nosa\u010d za bicikle na krovu.<\/p>","protected":false},"featured_media":7113,"template":"","meta":{"_acf_changed":false,"inline_featured_image":false},"product_brand":[685],"product_cat":[527],"product_tag":[1311,1341,1340],"class_list":{"0":"post-7112","1":"product","2":"type-product","3":"status-publish","4":"has-post-thumbnail","6":"product_brand-peruzzo","7":"product_cat-za-avto","8":"product_tag-nosilec-koles-za-na-streho","9":"product_tag-nosilec-koles-za-na-streho-avtomobila","10":"product_tag-stresni-nosilec-koles","12":"first","13":"instock","14":"sale","15":"taxable","16":"shipping-taxable","17":"purchasable","18":"product-type-simple"},"acf":[],"_links":{"self":[{"href":"https:\/\/ritosa.click.si\/hr\/wp-json\/wp\/v2\/product\/7112","targetHints":{"allow":["GET"]}}],"collection":[{"href":"https:\/\/ritosa.click.si\/hr\/wp-json\/wp\/v2\/product"}],"about":[{"href":"https:\/\/ritosa.click.si\/hr\/wp-json\/wp\/v2\/types\/product"}],"wp:featuredmedia":[{"embeddable":true,"href":"https:\/\/ritosa.click.si\/hr\/wp-json\/wp\/v2\/media\/7113"}],"wp:attachment":[{"href":"https:\/\/ritosa.click.si\/hr\/wp-json\/wp\/v2\/media?parent=7112"}],"wp:term":[{"taxonomy":"product_brand","embeddable":true,"href":"https:\/\/ritosa.click.si\/hr\/wp-json\/wp\/v2\/product_brand?post=7112"},{"taxonomy":"product_cat","embeddable":true,"href":"https:\/\/ritosa.click.si\/hr\/wp-json\/wp\/v2\/product_cat?post=7112"},{"taxonomy":"product_tag","embeddable":true,"href":"https:\/\/ritosa.click.si\/hr\/wp-json\/wp\/v2\/product_tag?post=7112"}],"curies":[{"name":"radni list","href":"https:\/\/api.w.org\/{rel}","templated":true}]}}