{"id":7108,"date":"2008-06-11T20:33:04","date_gmt":"2008-06-11T20:33:04","guid":{"rendered":"https:\/\/ritosa.click.si\/?post_type=product&#038;p=7108"},"modified":"2026-03-10T11:24:07","modified_gmt":"2026-03-10T10:24:07","slug":"nosilec-koles-streha-top-bike-stresni-s-kljucavnico","status":"publish","type":"product","link":"https:\/\/ritosa.click.si\/hr\/ducan\/biciklizam\/nosilci-koles\/za-avto\/nosilec-koles-streha-top-bike-stresni-s-kljucavnico\/","title":{"rendered":"Nosa\u010d za bicikle Top Bike"},"content":{"rendered":"<p>Krovni nosa\u010d za bicikle s bravom za zaklju\u010davanje bicikla.<br \/>\nNosa\u010d zadovoljava sve standarde i prikladan je i za bicikle s debljim okvirima (do 50 mm). Izra\u0111en je od robusnog metala.<\/p>\n<p>Nosa\u010d za bicikle na krov automobila mo\u017eete pogledati u na\u0161em biciklisti\u010dkom centru Rito\u0161a u Izoli.<\/p>\n<p>Te\u017eina: 2,5 kg.<br \/>\nNosivost: 15 kg.<strong><br \/>\n<\/strong><\/p>\n<p><strong>T\u00dcV certifikat homologacije.<\/strong><\/p>\n<p>&nbsp;<\/p>\n<p><img fetchpriority=\"high\" decoding=\"async\" class=\"alignnone wp-image-19230\" src=\"https:\/\/ritosa.click.si\/wp-content\/uploads\/2008\/06\/peruzzo_topbike_2-251x200.jpg\" alt=\"\" width=\"356\" height=\"284\" srcset=\"https:\/\/ritosa.click.si\/wp-content\/uploads\/2008\/06\/peruzzo_topbike_2-251x200.jpg 251w, https:\/\/ritosa.click.si\/wp-content\/uploads\/2008\/06\/peruzzo_topbike_2-150x120.jpg 150w, https:\/\/ritosa.click.si\/wp-content\/uploads\/2008\/06\/peruzzo_topbike_2-15x12.jpg 15w, https:\/\/ritosa.click.si\/wp-content\/uploads\/2008\/06\/peruzzo_topbike_2-300x239.jpg 300w, https:\/\/ritosa.click.si\/wp-content\/uploads\/2008\/06\/peruzzo_topbike_2.jpg 400w\" sizes=\"(max-width: 356px) 100vw, 356px\" \/><\/p>","protected":false},"excerpt":{"rendered":"<p>Krovni nosa\u010d bicikla Top Bike s bravom.<\/p>","protected":false},"featured_media":21286,"template":"","meta":{"_acf_changed":false,"inline_featured_image":false,"_monsterinsights_skip_tracking":false,"_monsterinsights_sitenote_active":false,"_monsterinsights_sitenote_note":"","_monsterinsights_sitenote_category":0},"product_brand":[685],"product_cat":[527],"product_tag":[1285,1311,1312,1313],"class_list":{"0":"post-7108","1":"product","2":"type-product","3":"status-publish","4":"has-post-thumbnail","6":"product_brand-peruzzo","7":"product_cat-za-avto","8":"product_tag-nosilec-koles","9":"product_tag-nosilec-koles-za-na-streho","10":"product_tag-nosilec-za-na-streho","11":"product_tag-stresni-nosilec","13":"first","14":"instock","15":"sale","16":"taxable","17":"shipping-taxable","18":"purchasable","19":"product-type-simple"},"acf":[],"aioseo_notices":[],"_links":{"self":[{"href":"https:\/\/ritosa.click.si\/hr\/wp-json\/wp\/v2\/product\/7108","targetHints":{"allow":["GET"]}}],"collection":[{"href":"https:\/\/ritosa.click.si\/hr\/wp-json\/wp\/v2\/product"}],"about":[{"href":"https:\/\/ritosa.click.si\/hr\/wp-json\/wp\/v2\/types\/product"}],"wp:featuredmedia":[{"embeddable":true,"href":"https:\/\/ritosa.click.si\/hr\/wp-json\/wp\/v2\/media\/21286"}],"wp:attachment":[{"href":"https:\/\/ritosa.click.si\/hr\/wp-json\/wp\/v2\/media?parent=7108"}],"wp:term":[{"taxonomy":"product_brand","embeddable":true,"href":"https:\/\/ritosa.click.si\/hr\/wp-json\/wp\/v2\/product_brand?post=7108"},{"taxonomy":"product_cat","embeddable":true,"href":"https:\/\/ritosa.click.si\/hr\/wp-json\/wp\/v2\/product_cat?post=7108"},{"taxonomy":"product_tag","embeddable":true,"href":"https:\/\/ritosa.click.si\/hr\/wp-json\/wp\/v2\/product_tag?post=7108"}],"curies":[{"name":"radni list","href":"https:\/\/api.w.org\/{rel}","templated":true}]}}