{"id":7102,"date":"2008-06-11T18:51:58","date_gmt":"2008-06-11T18:51:58","guid":{"rendered":"https:\/\/ritosa.click.si\/?post_type=product&#038;p=7102"},"modified":"2025-09-02T16:27:01","modified_gmt":"2025-09-02T14:27:01","slug":"nosilec-koles-na-zad-vrata-alu-milano","status":"publish","type":"product","link":"https:\/\/ritosa.click.si\/hr\/ducan\/biciklizam\/nosilci-koles\/za-avto\/nosilec-koles-na-zad-vrata-alu-milano\/","title":{"rendered":"Nosa\u010d za bicikle ALU Milano"},"content":{"rendered":"<p>Nosa\u010d za bicikle Milano za stra\u017enja vrata. Pogodan za ve\u0107e automobile, kamp-ku\u0107ice, kombije, mala transportna vozila. Monta\u017ea sa 6 remena. Dvostruko pode\u0161avanje. Izra\u0111en od aluminija i omogu\u0107uje prijevoz tri bicikla. Zadovoljava sve standarde.<\/p>\n<p>NIJE PRIKLADNO ZA AUTOMOBILE S DEKORATIVNIM SPOJLERIMA.<\/p>\n<p>Te\u017eina: 3,7 kg.<br \/>\nNosivost: 45 kg.<strong><br \/>\n<\/strong><\/p>\n<p>Provjerite odgovara li nosa\u010d va\u0161em vozilu:<span style=\"color: #ff0000\"><strong>\u00a0https:\/\/ritosa.si\/userfiles\/peruzzo_milano.pdf\u00a0<\/strong><\/span><\/p>\n<p><strong>T\u00dcV certifikat homologacije.<\/strong><\/p>\n<table style=\"width: 488px;height: 65px\" border=\"1\" cellspacing=\"1\" cellpadding=\"1\">\n<tbody>\n<tr>\n<td><span style=\"color: #ff0000\"><strong>UPOZORENJE<\/strong><\/span>Registarska plo\u010dica i svjetla moraju biti jasno vidljivi tijekom vo\u017enje s dr\u017ea\u010dem. Ako nisu, mo\u017eete koristiti opcionalni pribor: Dr\u017ea\u010d registarske plo\u010dice s dodatnim svjetlima (7-pinski konektor s kabelom od 1,5 m).<\/p>\n<p><img decoding=\"async\" class=\"alignnone size-medium wp-image-19271\" src=\"https:\/\/ritosa.click.si\/wp-content\/uploads\/2008\/06\/peruzzo_plate_holder-300x118.jpg\" alt=\"\" width=\"300\" height=\"118\" srcset=\"https:\/\/ritosa.click.si\/wp-content\/uploads\/2008\/06\/peruzzo_plate_holder-300x118.jpg 300w, https:\/\/ritosa.click.si\/wp-content\/uploads\/2008\/06\/peruzzo_plate_holder-150x59.jpg 150w, https:\/\/ritosa.click.si\/wp-content\/uploads\/2008\/06\/peruzzo_plate_holder-18x7.jpg 18w, https:\/\/ritosa.click.si\/wp-content\/uploads\/2008\/06\/peruzzo_plate_holder.jpg 388w\" sizes=\"(max-width: 300px) 100vw, 300px\" \/><\/td>\n<\/tr>\n<\/tbody>\n<\/table>\n<p>&nbsp;<\/p>\n<p>&nbsp;<\/p>\n<p><strong>OPCIJA: POMO\u0106NA CIJEV ZA MONTA\u017dU \u017dENSKOG KOTA\u010cA<\/strong><\/p>\n<p><img fetchpriority=\"high\" decoding=\"async\" class=\"alignnone size-medium wp-image-19218\" src=\"https:\/\/ritosa.click.si\/wp-content\/uploads\/2008\/06\/peruzzo_donna_adapter-267x200.jpg\" alt=\"\" width=\"267\" height=\"200\" srcset=\"https:\/\/ritosa.click.si\/wp-content\/uploads\/2008\/06\/peruzzo_donna_adapter-267x200.jpg 267w, https:\/\/ritosa.click.si\/wp-content\/uploads\/2008\/06\/peruzzo_donna_adapter-150x113.jpg 150w, https:\/\/ritosa.click.si\/wp-content\/uploads\/2008\/06\/peruzzo_donna_adapter-16x12.jpg 16w, https:\/\/ritosa.click.si\/wp-content\/uploads\/2008\/06\/peruzzo_donna_adapter-300x225.jpg 300w, https:\/\/ritosa.click.si\/wp-content\/uploads\/2008\/06\/peruzzo_donna_adapter.jpg 400w\" sizes=\"(max-width: 267px) 100vw, 267px\" \/><\/p>\n<p>&nbsp;<\/p>","protected":false},"excerpt":{"rendered":"<p>Nosa\u010d za bicikle Milano za stra\u017enja vrata.<\/p>","protected":false},"featured_media":7107,"template":"","meta":{"_acf_changed":false,"inline_featured_image":false,"_monsterinsights_skip_tracking":false,"_monsterinsights_sitenote_active":false,"_monsterinsights_sitenote_note":"","_monsterinsights_sitenote_category":0},"product_brand":[685],"product_cat":[527],"product_tag":[1285,1303,1349],"class_list":{"0":"post-7102","1":"product","2":"type-product","3":"status-publish","4":"has-post-thumbnail","6":"product_brand-peruzzo","7":"product_cat-za-avto","8":"product_tag-nosilec-koles","9":"product_tag-nosilec-koles-peruzzo","10":"product_tag-nosilec-milano","12":"first","13":"instock","14":"sale","15":"taxable","16":"shipping-taxable","17":"purchasable","18":"product-type-simple"},"acf":[],"aioseo_notices":[],"_links":{"self":[{"href":"https:\/\/ritosa.click.si\/hr\/wp-json\/wp\/v2\/product\/7102","targetHints":{"allow":["GET"]}}],"collection":[{"href":"https:\/\/ritosa.click.si\/hr\/wp-json\/wp\/v2\/product"}],"about":[{"href":"https:\/\/ritosa.click.si\/hr\/wp-json\/wp\/v2\/types\/product"}],"wp:featuredmedia":[{"embeddable":true,"href":"https:\/\/ritosa.click.si\/hr\/wp-json\/wp\/v2\/media\/7107"}],"wp:attachment":[{"href":"https:\/\/ritosa.click.si\/hr\/wp-json\/wp\/v2\/media?parent=7102"}],"wp:term":[{"taxonomy":"product_brand","embeddable":true,"href":"https:\/\/ritosa.click.si\/hr\/wp-json\/wp\/v2\/product_brand?post=7102"},{"taxonomy":"product_cat","embeddable":true,"href":"https:\/\/ritosa.click.si\/hr\/wp-json\/wp\/v2\/product_cat?post=7102"},{"taxonomy":"product_tag","embeddable":true,"href":"https:\/\/ritosa.click.si\/hr\/wp-json\/wp\/v2\/product_tag?post=7102"}],"curies":[{"name":"radni list","href":"https:\/\/api.w.org\/{rel}","templated":true}]}}