{"id":7100,"date":"2008-06-11T18:37:56","date_gmt":"2008-06-11T18:37:56","guid":{"rendered":"https:\/\/ritosa.click.si\/?post_type=product&#038;p=7100"},"modified":"2025-09-02T12:43:09","modified_gmt":"2025-09-02T10:43:09","slug":"nosilec-koles-za-kljuko-za-2-kolesa","status":"publish","type":"product","link":"https:\/\/ritosa.click.si\/hr\/ducan\/biciklizam\/nosilci-koles\/za-avto\/nosilec-koles-za-kljuko-za-2-kolesa\/","title":{"rendered":"Nosa\u010d za bicikle za 2 bicikla"},"content":{"rendered":"<p>Nosa\u010d bicikla za vu\u010dnu kuku za automobil.<br \/>\nOmogu\u0107uje prijevoz dva bicikla. Izra\u0111en je od metala i vrlo je robustan.<\/p>\n<p>Te\u017eina: 4,85 kg.<br \/>\nNosivost: 30 kg.<\/p>\n<table border=\"1\" width=\"500\" cellspacing=\"1\" cellpadding=\"1\">\n<tbody>\n<tr>\n<td><span style=\"color: #ff0000\"><strong>UPOZORENJE<\/strong><\/span>Registarska plo\u010dica i svjetla moraju biti jasno vidljivi tijekom vo\u017enje s dr\u017ea\u010dem. Ako nisu, mo\u017eete koristiti opcionalni pribor: Dr\u017ea\u010d registarske plo\u010dice s dodatnim svjetlima (7-pinski konektor s kabelom od 1,5 m).<img decoding=\"async\" class=\"alignnone size-medium wp-image-19271\" src=\"https:\/\/ritosa.click.si\/wp-content\/uploads\/2008\/06\/peruzzo_plate_holder-300x118.jpg\" alt=\"\" width=\"300\" height=\"118\" srcset=\"https:\/\/ritosa.click.si\/wp-content\/uploads\/2008\/06\/peruzzo_plate_holder-300x118.jpg 300w, https:\/\/ritosa.click.si\/wp-content\/uploads\/2008\/06\/peruzzo_plate_holder-150x59.jpg 150w, https:\/\/ritosa.click.si\/wp-content\/uploads\/2008\/06\/peruzzo_plate_holder-18x7.jpg 18w, https:\/\/ritosa.click.si\/wp-content\/uploads\/2008\/06\/peruzzo_plate_holder.jpg 388w\" sizes=\"(max-width: 300px) 100vw, 300px\" \/><\/td>\n<\/tr>\n<\/tbody>\n<\/table>\n<p><strong>OPCIJA: POMO\u0106NA CIJEV ZA MONTA\u017dU \u017dENSKOG KOTA\u010cA<\/strong><\/p>\n<p><span style=\"color: #ff0000\"><strong><img fetchpriority=\"high\" decoding=\"async\" class=\"alignnone size-medium wp-image-19218\" src=\"https:\/\/ritosa.click.si\/wp-content\/uploads\/2008\/06\/peruzzo_donna_adapter-267x200.jpg\" alt=\"\" width=\"267\" height=\"200\" srcset=\"https:\/\/ritosa.click.si\/wp-content\/uploads\/2008\/06\/peruzzo_donna_adapter-267x200.jpg 267w, https:\/\/ritosa.click.si\/wp-content\/uploads\/2008\/06\/peruzzo_donna_adapter-150x113.jpg 150w, https:\/\/ritosa.click.si\/wp-content\/uploads\/2008\/06\/peruzzo_donna_adapter-16x12.jpg 16w, https:\/\/ritosa.click.si\/wp-content\/uploads\/2008\/06\/peruzzo_donna_adapter-300x225.jpg 300w, https:\/\/ritosa.click.si\/wp-content\/uploads\/2008\/06\/peruzzo_donna_adapter.jpg 400w\" sizes=\"(max-width: 267px) 100vw, 267px\" \/><\/strong><\/span><\/p>","protected":false},"excerpt":{"rendered":"<p>Nosa\u010d bicikla za vu\u010dnu kuku za automobil.<\/p>\n<p>&nbsp;<\/p>","protected":false},"featured_media":7101,"template":"","meta":{"_acf_changed":false,"inline_featured_image":false,"_monsterinsights_skip_tracking":false,"_monsterinsights_sitenote_active":false,"_monsterinsights_sitenote_note":"","_monsterinsights_sitenote_category":0},"product_brand":[685],"product_cat":[527],"product_tag":[1285,1348,1290],"class_list":{"0":"post-7100","1":"product","2":"type-product","3":"status-publish","4":"has-post-thumbnail","6":"product_brand-peruzzo","7":"product_cat-za-avto","8":"product_tag-nosilec-koles","9":"product_tag-nosilec-koles-za-na-kljuko","10":"product_tag-nosilec-za-na-kljuko","12":"first","13":"instock","14":"sale","15":"taxable","16":"shipping-taxable","17":"purchasable","18":"product-type-simple"},"acf":[],"aioseo_notices":[],"_links":{"self":[{"href":"https:\/\/ritosa.click.si\/hr\/wp-json\/wp\/v2\/product\/7100","targetHints":{"allow":["GET"]}}],"collection":[{"href":"https:\/\/ritosa.click.si\/hr\/wp-json\/wp\/v2\/product"}],"about":[{"href":"https:\/\/ritosa.click.si\/hr\/wp-json\/wp\/v2\/types\/product"}],"wp:featuredmedia":[{"embeddable":true,"href":"https:\/\/ritosa.click.si\/hr\/wp-json\/wp\/v2\/media\/7101"}],"wp:attachment":[{"href":"https:\/\/ritosa.click.si\/hr\/wp-json\/wp\/v2\/media?parent=7100"}],"wp:term":[{"taxonomy":"product_brand","embeddable":true,"href":"https:\/\/ritosa.click.si\/hr\/wp-json\/wp\/v2\/product_brand?post=7100"},{"taxonomy":"product_cat","embeddable":true,"href":"https:\/\/ritosa.click.si\/hr\/wp-json\/wp\/v2\/product_cat?post=7100"},{"taxonomy":"product_tag","embeddable":true,"href":"https:\/\/ritosa.click.si\/hr\/wp-json\/wp\/v2\/product_tag?post=7100"}],"curies":[{"name":"radni list","href":"https:\/\/api.w.org\/{rel}","templated":true}]}}