{"id":7070,"date":"2008-04-19T12:18:17","date_gmt":"2008-04-19T12:18:17","guid":{"rendered":"https:\/\/ritosa.click.si\/?post_type=product&#038;p=7070"},"modified":"2026-03-30T09:03:07","modified_gmt":"2026-03-30T07:03:07","slug":"zlozljiv-tricikel-di-blasi-r32","status":"publish","type":"product","link":"https:\/\/ritosa.click.si\/hr\/ducan\/invalidski-pripomocki\/tricikli\/zlozljiv-tricikel-di-blasi-r32\/","title":{"rendered":"Sklopivi tricikl Di Blasi R32"},"content":{"rendered":"<p>Zlo\u017eljiv tricikel Di Blasi za otroke in odrasle. Tricikli, ki vam bojo olaj\u0161ali gibanje. Zlo\u017eljiv tricikel za la\u017eja potovanja, ima prestave.<\/p>\n<ul>\n<li>Kota\u010di: \u017ebice od nehr\u0111aju\u0107eg \u010delika, aluminijski obru\u010di 20\u2033 (48 cm).<\/li>\n<li>Sjedalo: podesivo po visini od 84 cm do 98 cm od tla.<\/li>\n<li>Mjenja\u010d: 5 brzina<\/li>\n<li>Oprema: sklopive pedale, zvono, prednja i stra\u017enja svjetla, poluga za pode\u0161avanje sjedala, stra\u017enji nosa\u010d.<\/li>\n<li>Dimenzije \u2013 sklopljeno: 64 cm \u00d7 28,5 cm \u00d7 62 cm<\/li>\n<li>Te\u017eina: 21,8 kg<\/li>\n<li>Nosivost (maksimalna te\u017eina voza\u010da): 100 kg,<\/li>\n<li>Tricikl ima diferencijal i blokadu ko\u010dnica.<\/li>\n<\/ul>\n<p>Prilikom narud\u017ebe tricikla mogu\u0107a je i opcionalna oprema - razli\u010dite vrste sjedala (ortopedska, ortopedska s naslonom), pedale s remenima, torba za prtlja\u017enik, ko\u0161ara, ogledalo, torba za bicikl itd.<\/p>","protected":false},"excerpt":{"rendered":"<p>Otkrijte udobnost i prakti\u010dnost sa sklopivim triciklom DI Blasi, prikladnim za djecu i odrasle. Zahvaljuju\u0107i stabilnoj konstrukciji i sklopivom okviru, jednostavan je za no\u0161enje i spremanje, idealan za brod, putovanja, izlete ili svakodnevnu vo\u017enju gradom.<\/p>\n<p>&nbsp;<\/p>\n<p>Po naro\u010dilu &#8211; rok dobave pribli\u017eno od 20 do 30 dni.<\/p>\n<p>&nbsp;<\/p>","protected":false},"featured_media":7074,"template":"","meta":{"_acf_changed":false,"inline_featured_image":false},"product_brand":[674],"product_cat":[496],"product_tag":[],"class_list":{"0":"post-7070","1":"product","2":"type-product","3":"status-publish","4":"has-post-thumbnail","6":"product_brand-di-blasi","7":"product_cat-tricikli","8":"pa_barva-atracitno-siva","9":"pa_barva-modra","10":"pa_barva-rdeca","12":"first","13":"onbackorder","14":"sale","15":"taxable","16":"shipping-taxable","17":"purchasable","18":"product-type-variable"},"acf":[],"_links":{"self":[{"href":"https:\/\/ritosa.click.si\/hr\/wp-json\/wp\/v2\/product\/7070","targetHints":{"allow":["GET"]}}],"collection":[{"href":"https:\/\/ritosa.click.si\/hr\/wp-json\/wp\/v2\/product"}],"about":[{"href":"https:\/\/ritosa.click.si\/hr\/wp-json\/wp\/v2\/types\/product"}],"wp:featuredmedia":[{"embeddable":true,"href":"https:\/\/ritosa.click.si\/hr\/wp-json\/wp\/v2\/media\/7074"}],"wp:attachment":[{"href":"https:\/\/ritosa.click.si\/hr\/wp-json\/wp\/v2\/media?parent=7070"}],"wp:term":[{"taxonomy":"product_brand","embeddable":true,"href":"https:\/\/ritosa.click.si\/hr\/wp-json\/wp\/v2\/product_brand?post=7070"},{"taxonomy":"product_cat","embeddable":true,"href":"https:\/\/ritosa.click.si\/hr\/wp-json\/wp\/v2\/product_cat?post=7070"},{"taxonomy":"product_tag","embeddable":true,"href":"https:\/\/ritosa.click.si\/hr\/wp-json\/wp\/v2\/product_tag?post=7070"}],"curies":[{"name":"radni list","href":"https:\/\/api.w.org\/{rel}","templated":true}]}}