{"id":22756,"date":"2026-04-07T14:55:43","date_gmt":"2026-04-07T12:55:43","guid":{"rendered":"https:\/\/ritosa.click.si\/?post_type=product&#038;p=22756"},"modified":"2026-04-07T15:02:12","modified_gmt":"2026-04-07T13:02:12","slug":"kolesarsko-spodnje-perilo-nidelle-z-x-function","status":"publish","type":"product","link":"https:\/\/ritosa.click.si\/hr\/ducan\/biciklizam\/oprema-za-biciklizam\/kolesarska-oblacila\/enska-oblacila\/zenske-hlace\/kolesarsko-spodnje-perilo-nidelle-z-x-function\/","title":{"rendered":"Biciklisti\u010dko donje rublje NIDELLE-Z X-Function"},"content":{"rendered":"<ul>\n<li data-section-id=\"1hg50y4\" data-start=\"70\" data-end=\"118\">Elasti\u010dni mre\u017easti materijal za dobru ventilaciju<\/li>\n<li data-section-id=\"1mjeux6\" data-start=\"119\" data-end=\"136\">Elasti\u010dni pojas<\/li>\n<li data-section-id=\"1jz9oqj\" data-start=\"137\" data-end=\"162\">Elasti\u010dni rub hla\u010dnica<\/li>\n<li data-section-id=\"rvyih7\" data-start=\"163\" data-end=\"180\">Flatlock \u0161avovi<\/li>\n<\/ul>","protected":false},"excerpt":{"rendered":"<p>Funkcionalne \u017eenske unutarnje biciklisti\u010dke hla\u010de s X-Function umetkom.<\/p>","protected":false},"featured_media":22761,"template":"","meta":{"_acf_changed":false,"inline_featured_image":false,"_monsterinsights_skip_tracking":false,"_monsterinsights_sitenote_active":false,"_monsterinsights_sitenote_note":"","_monsterinsights_sitenote_category":0},"product_brand":[682],"product_cat":[633],"product_tag":[2291],"class_list":{"0":"post-22756","1":"product","2":"type-product","3":"status-publish","4":"has-post-thumbnail","6":"product_brand-ziener","7":"product_cat-zenske-hlace","8":"product_tag-zenske-kolesarsko-spodnje-perilo","9":"pa_velikost-718","10":"pa_velikost-742","11":"pa_velikost-766","13":"first","14":"instock","15":"sale","16":"taxable","17":"shipping-taxable","18":"purchasable","19":"product-type-variable"},"acf":[],"aioseo_notices":[],"_links":{"self":[{"href":"https:\/\/ritosa.click.si\/hr\/wp-json\/wp\/v2\/product\/22756","targetHints":{"allow":["GET"]}}],"collection":[{"href":"https:\/\/ritosa.click.si\/hr\/wp-json\/wp\/v2\/product"}],"about":[{"href":"https:\/\/ritosa.click.si\/hr\/wp-json\/wp\/v2\/types\/product"}],"wp:featuredmedia":[{"embeddable":true,"href":"https:\/\/ritosa.click.si\/hr\/wp-json\/wp\/v2\/media\/22761"}],"wp:attachment":[{"href":"https:\/\/ritosa.click.si\/hr\/wp-json\/wp\/v2\/media?parent=22756"}],"wp:term":[{"taxonomy":"product_brand","embeddable":true,"href":"https:\/\/ritosa.click.si\/hr\/wp-json\/wp\/v2\/product_brand?post=22756"},{"taxonomy":"product_cat","embeddable":true,"href":"https:\/\/ritosa.click.si\/hr\/wp-json\/wp\/v2\/product_cat?post=22756"},{"taxonomy":"product_tag","embeddable":true,"href":"https:\/\/ritosa.click.si\/hr\/wp-json\/wp\/v2\/product_tag?post=22756"}],"curies":[{"name":"radni list","href":"https:\/\/api.w.org\/{rel}","templated":true}]}}