{"id":22699,"date":"2026-04-03T17:56:04","date_gmt":"2026-04-03T15:56:04","guid":{"rendered":"https:\/\/ritosa.click.si\/?post_type=product&#038;p=22699"},"modified":"2026-04-03T17:57:09","modified_gmt":"2026-04-03T15:57:09","slug":"kolesarske-rokavice-ziener-cull-z-2","status":"publish","type":"product","link":"https:\/\/ritosa.click.si\/hr\/ducan\/biciklizam\/oprema-za-biciklizam\/kolesarske-rokavice\/otroske-kolesarske-rokavice\/kolesarske-rokavice-ziener-cull-z-2\/","title":{"rendered":"Biciklisti\u010dke rukavice Ziener CULL-Z"},"content":{"rendered":"<p data-start=\"48\" data-end=\"363\">Dje\u010dje biciklisti\u010dke rukavice ZIENER CULL-Z JUNIOR pravi su svestrani model. Posebna GEL podstava na dlanu pru\u017ea maksimalnu udobnost na upravlja\u010du. Izdr\u017eljiv, ko\u017ei sli\u010dan materijal AMARA sprje\u010dava znojenje ruku \u010dak i tijekom du\u017eih vo\u017enji. Posebno oblikovan dio za palac dodatno smanjuje pritisak na ko\u017eu.<\/p>\n<p data-start=\"365\" data-end=\"637\">\u010ci\u010dak zatvaranje i integrirani jezi\u010dci omogu\u0107uju brzo i jednostavno skidanje rukavica. Upotreba upijaju\u0107eg materijala na palcu olak\u0161ava brisanje znoja tijekom vo\u017enje. Dekorativni reflektiraju\u0107i elementi upotpunjuju rukavice i pobolj\u0161avaju vidljivost u uvjetima slabog osvjetljenja.<\/p>","protected":false},"excerpt":{"rendered":"<p>Biciklisti\u010dke rukavice Ziener CULL-Z<\/p>","protected":false},"featured_media":22704,"template":"","meta":{"_acf_changed":false,"inline_featured_image":false},"product_brand":[682],"product_cat":[581],"product_tag":[1198],"class_list":{"0":"post-22699","1":"product","2":"type-product","3":"status-publish","4":"has-post-thumbnail","6":"product_brand-ziener","7":"product_cat-otroske-kolesarske-rokavice","8":"product_tag-otroci","9":"pa_velikost-l","10":"pa_velikost-m","11":"pa_velikost-s","12":"pa_velikost-xl","14":"first","15":"instock","16":"taxable","17":"shipping-taxable","18":"purchasable","19":"product-type-variable"},"acf":[],"_links":{"self":[{"href":"https:\/\/ritosa.click.si\/hr\/wp-json\/wp\/v2\/product\/22699","targetHints":{"allow":["GET"]}}],"collection":[{"href":"https:\/\/ritosa.click.si\/hr\/wp-json\/wp\/v2\/product"}],"about":[{"href":"https:\/\/ritosa.click.si\/hr\/wp-json\/wp\/v2\/types\/product"}],"wp:featuredmedia":[{"embeddable":true,"href":"https:\/\/ritosa.click.si\/hr\/wp-json\/wp\/v2\/media\/22704"}],"wp:attachment":[{"href":"https:\/\/ritosa.click.si\/hr\/wp-json\/wp\/v2\/media?parent=22699"}],"wp:term":[{"taxonomy":"product_brand","embeddable":true,"href":"https:\/\/ritosa.click.si\/hr\/wp-json\/wp\/v2\/product_brand?post=22699"},{"taxonomy":"product_cat","embeddable":true,"href":"https:\/\/ritosa.click.si\/hr\/wp-json\/wp\/v2\/product_cat?post=22699"},{"taxonomy":"product_tag","embeddable":true,"href":"https:\/\/ritosa.click.si\/hr\/wp-json\/wp\/v2\/product_tag?post=22699"}],"curies":[{"name":"radni list","href":"https:\/\/api.w.org\/{rel}","templated":true}]}}