{"id":22428,"date":"2026-03-24T18:03:29","date_gmt":"2026-03-24T17:03:29","guid":{"rendered":"https:\/\/ritosa.click.si\/?post_type=product&#038;p=22428"},"modified":"2026-03-24T18:04:07","modified_gmt":"2026-03-24T17:04:07","slug":"alpina-taunus-gravel-mips-2","status":"publish","type":"product","link":"https:\/\/ritosa.click.si\/hr\/ducan\/biciklizam\/oprema-za-biciklizam\/kolesarske-celade\/odrasle-kolesarske-celade\/alpina-taunus-gravel-mips-2\/","title":{"rendered":"Alpina Taunus Gravel Mips"},"content":{"rendered":"<div class=\"flex max-w-full flex-col flex-grow\">\n<div class=\"min-h-8 text-message relative flex w-full flex-col items-end gap-2 whitespace-normal break-words text-start [.text-message+&amp;]:mt-5\">\n<div class=\"flex w-full flex-col gap-1 empty:hidden first:pt-[3px]\">\n<div class=\"markdown prose w-full break-words dark:prose-invert light\">\n<p data-start=\"0\" data-end=\"213\">\u010celada <strong data-start=\"32\" data-end=\"54\">Taunus Gravel MIPS<\/strong> je popolna izbira za tvojo naslednjo gravel avanturo. S svojim edinstvenim, \u0161portnim in dinami\u010dnim dizajnom poskrbi, da izstopa\u0161 na vsakem makadamu ali stezi.<\/p>\n<p data-start=\"215\" data-end=\"575\">Oznaka <strong data-start=\"222\" data-end=\"230\">MIPS<\/strong> v imenu pomeni dodatno raven za\u0161\u010dite \u2013 sistem <strong data-start=\"277\" data-end=\"323\">Multi-Directional Impact Protection System<\/strong>, ki zmanj\u0161uje rotacijske sile ob padcu in s tem zmanj\u0161uje tveganje za pretres mo\u017eganov. Za dodatno varnost poskrbi kombinacija <strong data-start=\"451\" data-end=\"480\">kerami\u010dne zunanje \u0161koljke<\/strong> in <strong data-start=\"484\" data-end=\"505\">EPS notranje pene<\/strong>, ki zagotavlja odli\u010dno razmerje med trdnostjo, nizko te\u017eo in udobjem.<\/p>\n<p data-start=\"577\" data-end=\"822\">Velike prezra\u010devalne odprtine omogo\u010dajo u\u010dinkovito hlajenje tudi med intenzivno vo\u017enjo, ko prime\u0161 drop krmilo in pospe\u0161i\u0161 do maksimuma. Taunus Gravel MIPS je ustvarjena za raziskovanje neznanih poti \u2013 z njo si vedno pripravljen na novo avanturo.<\/p>\n<h4 data-start=\"577\" data-end=\"822\"><strong data-start=\"829\" data-end=\"842\">Lastnosti<\/strong><\/h4>\n<p data-start=\"577\" data-end=\"822\">\u2022 Podalj\u0161an zadnji del in globlji stranski predel za bolj\u0161o za\u0161\u010dito na gravel terenih<br data-start=\"930\" data-end=\"933\" \/>\u2022 MIPS tehnologija za zmanj\u0161anje rotacijskih sil ob udarcu<br data-start=\"991\" data-end=\"994\" \/>\u2022 Ergo Flex MIPS sistem za enostavno in natan\u010dno prilagoditev<br data-start=\"1055\" data-end=\"1058\" \/>\u2022 Gumiran nosilec za o\u010dala za varno odlaganje o\u010dal na \u010deladi<br data-start=\"1118\" data-end=\"1121\" \/>\u2022 Wide Y-Clip sistem za udobno in stabilno prileganje trakov<br data-start=\"1181\" data-end=\"1184\" \/>\u2022 Velike prezra\u010devalne odprtine za optimalno zra\u010denje<\/p>\n<\/div>\n<\/div>\n<\/div>\n<\/div>\n","protected":false},"excerpt":{"rendered":"<p>Kolesarska \u010delada ALPINA TAUNUS GRAVEL MIPS<\/p>","protected":false},"featured_media":22423,"template":"","meta":{"_acf_changed":false,"inline_featured_image":false},"product_brand":[678],"product_cat":[662],"product_tag":[],"class_list":{"0":"post-22428","1":"product","2":"type-product","3":"status-publish","4":"has-post-thumbnail","6":"product_brand-alpina","7":"product_cat-odrasle-kolesarske-celade","8":"pa_velikost-55-59","10":"first","11":"instock","12":"sale","13":"taxable","14":"shipping-taxable","15":"purchasable","16":"product-type-variable"},"acf":[],"_links":{"self":[{"href":"https:\/\/ritosa.click.si\/hr\/wp-json\/wp\/v2\/product\/22428","targetHints":{"allow":["GET"]}}],"collection":[{"href":"https:\/\/ritosa.click.si\/hr\/wp-json\/wp\/v2\/product"}],"about":[{"href":"https:\/\/ritosa.click.si\/hr\/wp-json\/wp\/v2\/types\/product"}],"wp:featuredmedia":[{"embeddable":true,"href":"https:\/\/ritosa.click.si\/hr\/wp-json\/wp\/v2\/media\/22423"}],"wp:attachment":[{"href":"https:\/\/ritosa.click.si\/hr\/wp-json\/wp\/v2\/media?parent=22428"}],"wp:term":[{"taxonomy":"product_brand","embeddable":true,"href":"https:\/\/ritosa.click.si\/hr\/wp-json\/wp\/v2\/product_brand?post=22428"},{"taxonomy":"product_cat","embeddable":true,"href":"https:\/\/ritosa.click.si\/hr\/wp-json\/wp\/v2\/product_cat?post=22428"},{"taxonomy":"product_tag","embeddable":true,"href":"https:\/\/ritosa.click.si\/hr\/wp-json\/wp\/v2\/product_tag?post=22428"}],"curies":[{"name":"radni list","href":"https:\/\/api.w.org\/{rel}","templated":true}]}}