{"id":22359,"date":"2026-03-24T17:25:07","date_gmt":"2026-03-24T16:25:07","guid":{"rendered":"https:\/\/ritosa.click.si\/?post_type=product&#038;p=22359"},"modified":"2026-03-24T17:29:31","modified_gmt":"2026-03-24T16:29:31","slug":"alpina-carapax-2-0-2","status":"publish","type":"product","link":"https:\/\/ritosa.click.si\/hr\/ducan\/biciklizam\/oprema-za-biciklizam\/kolesarske-celade\/odrasle-kolesarske-celade\/alpina-carapax-2-0-2\/","title":{"rendered":"Alpina Carapax 2.0"},"content":{"rendered":"<p>U podru\u010dju enduro biciklizma, biciklisti\u010dka kaciga CARAPAX 2.0 jedan je od najlak\u0161ih modela dostupnih na tr\u017ei\u0161tu. Njena mala te\u017eina posljedica je Inmold konstrukcije, kod koje je gornja \u0161koljka kacige izravno povezana s Hi-EPS sustavom. Stra\u017enji dio glave i podru\u010dje u podru\u010dju sjene duboko su uvu\u010deni za optimalnu sigurnost na terenu. Rubovi kacige dodatno su za\u0161ti\u0107eni Edge Protect tehnologijom. Veliki otvori za ventilaciju osiguravaju idealnu ventilaciju. Osim toga, oprema uklju\u010duje i visokokvalitetni Run System Ergo Pro, koji je kombiniran s Custom Fit sustavom s pode\u0161avanjem visine - jo\u0161 jedna prednost u pogledu udobnosti no\u0161enja i sigurnosti.<\/p>\n<ul>\n<li>HI-EPS \u2013 optimalna apsorpcija udara zahvaljuju\u0107i Hi-EPS materijalu izra\u0111enom od mikroskopski malih zra\u010dnih d\u017eepova<\/li>\n<li>Inmold Tec \u2013 Mala te\u017eina je zahvaljuju\u0107i Inmold tehnologiji, gdje je gornja \u0161koljka termi\u010dki spojena s Hi-EPS-om. To rezultira \u010dvrstom povr\u0161inskom vezom, pru\u017eaju\u0107i vrlo \u010dvrst dizajn.<\/li>\n<li>Za\u0161tita rubova: za\u0161titni sloj koji kacigu \u010dini otpornijom na lomove i ogrebotine te nudi dodatnu za\u0161titu od vanjskih utjecaja tijekom \u010deste upotrebe<\/li>\n<li>Kerami\u010dka \u0161koljka: naziv za vanjsku \u0161koljku svih Alpina kaciga izra\u0111enih Inmold postupkom. To je tanak, lagan materijal koji je izuzetno otporan na udarce i ogrebotine, sadr\u017ei UV stabilizatore i antistati\u010dki je.<\/li>\n<li>Run System Ergo Flex 2 - sustav finog pode\u0161avanja je fluidan i mekan na dodir, osiguravaju\u0107i najvi\u0161u razinu udobnosti<\/li>\n<li>3D-Fit \u2013 mogu\u0107nost pode\u0161avanja visine Ru sustav<\/li>\n<li>ERGOMATI\u010cNO: kop\u010da koja je bezbroj puta provjerena i testirana koristi se na svim Alpina kacigama. Vi\u0161estupanjsko pode\u0161avanje, kontrolirano samo jednom rukom. Kop\u010da se tako\u0111er ne mo\u017ee sama odkop\u010dati u slu\u010daju nezgode.<\/li>\n<li>Y-KOPNJA: Y-kop\u010da spaja prednje i stra\u017enje remene ispod u\u0161iju. Kada se kop\u010da otkop\u010da, remene se mogu lako premjestiti i fino podesiti. To omogu\u0107uje optimalno pristajanje kacige.<\/li>\n<li>Te\u017eina kacige 270<\/li>\n<li>17 ventilacijskih otvora osigurava idealan protok zraka u unutra\u0161njosti<\/li>\n<li>Mre\u017ea za muhe \u2013 mre\u017ea za za\u0161titu od insekata<\/li>\n<\/ul>","protected":false},"excerpt":{"rendered":"<p>Biciklisti\u010dka kaciga ALPINA CARAPAX 2.0<\/p>","protected":false},"featured_media":22373,"template":"","meta":{"_acf_changed":false,"inline_featured_image":false},"product_brand":[678],"product_cat":[662],"product_tag":[],"class_list":{"0":"post-22359","1":"product","2":"type-product","3":"status-publish","4":"has-post-thumbnail","6":"product_brand-alpina","7":"product_cat-odrasle-kolesarske-celade","8":"pa_velikost-52-57","10":"first","11":"instock","12":"sale","13":"taxable","14":"shipping-taxable","15":"purchasable","16":"product-type-variable"},"acf":[],"_links":{"self":[{"href":"https:\/\/ritosa.click.si\/hr\/wp-json\/wp\/v2\/product\/22359","targetHints":{"allow":["GET"]}}],"collection":[{"href":"https:\/\/ritosa.click.si\/hr\/wp-json\/wp\/v2\/product"}],"about":[{"href":"https:\/\/ritosa.click.si\/hr\/wp-json\/wp\/v2\/types\/product"}],"wp:featuredmedia":[{"embeddable":true,"href":"https:\/\/ritosa.click.si\/hr\/wp-json\/wp\/v2\/media\/22373"}],"wp:attachment":[{"href":"https:\/\/ritosa.click.si\/hr\/wp-json\/wp\/v2\/media?parent=22359"}],"wp:term":[{"taxonomy":"product_brand","embeddable":true,"href":"https:\/\/ritosa.click.si\/hr\/wp-json\/wp\/v2\/product_brand?post=22359"},{"taxonomy":"product_cat","embeddable":true,"href":"https:\/\/ritosa.click.si\/hr\/wp-json\/wp\/v2\/product_cat?post=22359"},{"taxonomy":"product_tag","embeddable":true,"href":"https:\/\/ritosa.click.si\/hr\/wp-json\/wp\/v2\/product_tag?post=22359"}],"curies":[{"name":"radni list","href":"https:\/\/api.w.org\/{rel}","templated":true}]}}