{"id":22330,"date":"2026-03-24T16:32:07","date_gmt":"2026-03-24T15:32:07","guid":{"rendered":"https:\/\/ritosa.click.si\/?post_type=product&#038;p=22330"},"modified":"2026-03-24T16:34:01","modified_gmt":"2026-03-24T15:34:01","slug":"alpina-paranus-urban-3","status":"publish","type":"product","link":"https:\/\/ritosa.click.si\/hr\/ducan\/biciklizam\/oprema-za-biciklizam\/kolesarske-celade\/odrasle-kolesarske-celade\/alpina-paranus-urban-3\/","title":{"rendered":"Alpina Paranus Urban"},"content":{"rendered":"<p>S kacigom Paranus Urban potpuno ste opremljeni za gradske vo\u017enje i svakodnevne vo\u017enje. Kaciga Paranus Urban pru\u017ea sigurnost zahvaljuju\u0107i \u010dvrstoj vanjskoj \u0161koljci, koja je kombinirana s unutarnjom EPS \u0161koljkom za apsorpciju udara. To je \u010dini sigurnom, robusnom, laganom i udobnom za no\u0161enje. Ugra\u0111eno LED svjetlo na baterije na stra\u017enjoj strani pove\u0107ava va\u0161u vidljivost u mraku. Veliki otvori za ventilaciju omogu\u0107uju obilje svje\u017eeg zraka, a za\u0161titna mre\u017eica sprje\u010dava ulazak muha i insekata.<\/p>\n<ul>\n<li>Robusna i lagana gradska kaciga<\/li>\n<li>Optimalna apsorpcija udara zahvaljuju\u0107i Hi-EPS materijalu s mikroskopskim zra\u010dnim komorama<\/li>\n<li>Uklju\u010dena LED svjetlosna traka za bolju vidljivost u mraku<\/li>\n<li>Individualno podesivo kako bi se savr\u0161eno prilagodilo obliku va\u0161e glave<\/li>\n<li>Za\u0161titna mre\u017ea sprje\u010dava ulazak muha i insekata<\/li>\n<\/ul>","protected":false},"excerpt":{"rendered":"<p>Biciklisti\u010dka kaciga ALPINA PARANUS URBAN<\/p>","protected":false},"featured_media":22336,"template":"","meta":{"_acf_changed":false,"inline_featured_image":false,"_monsterinsights_skip_tracking":false,"_monsterinsights_sitenote_active":false,"_monsterinsights_sitenote_note":"","_monsterinsights_sitenote_category":0},"product_brand":[678],"product_cat":[662],"product_tag":[],"class_list":{"0":"post-22330","1":"product","2":"type-product","3":"status-publish","4":"has-post-thumbnail","6":"product_brand-alpina","7":"product_cat-odrasle-kolesarske-celade","8":"pa_velikost-55-59","9":"pa_velikost-59-61","11":"first","12":"instock","13":"sale","14":"taxable","15":"shipping-taxable","16":"purchasable","17":"product-type-variable"},"acf":[],"aioseo_notices":[],"_links":{"self":[{"href":"https:\/\/ritosa.click.si\/hr\/wp-json\/wp\/v2\/product\/22330","targetHints":{"allow":["GET"]}}],"collection":[{"href":"https:\/\/ritosa.click.si\/hr\/wp-json\/wp\/v2\/product"}],"about":[{"href":"https:\/\/ritosa.click.si\/hr\/wp-json\/wp\/v2\/types\/product"}],"wp:featuredmedia":[{"embeddable":true,"href":"https:\/\/ritosa.click.si\/hr\/wp-json\/wp\/v2\/media\/22336"}],"wp:attachment":[{"href":"https:\/\/ritosa.click.si\/hr\/wp-json\/wp\/v2\/media?parent=22330"}],"wp:term":[{"taxonomy":"product_brand","embeddable":true,"href":"https:\/\/ritosa.click.si\/hr\/wp-json\/wp\/v2\/product_brand?post=22330"},{"taxonomy":"product_cat","embeddable":true,"href":"https:\/\/ritosa.click.si\/hr\/wp-json\/wp\/v2\/product_cat?post=22330"},{"taxonomy":"product_tag","embeddable":true,"href":"https:\/\/ritosa.click.si\/hr\/wp-json\/wp\/v2\/product_tag?post=22330"}],"curies":[{"name":"radni list","href":"https:\/\/api.w.org\/{rel}","templated":true}]}}