{"id":22300,"date":"2026-03-24T13:07:39","date_gmt":"2026-03-24T12:07:39","guid":{"rendered":"https:\/\/ritosa.click.si\/?post_type=product&#038;p=22300"},"modified":"2026-03-24T13:24:00","modified_gmt":"2026-03-24T12:24:00","slug":"cube-fleet","status":"publish","type":"product","link":"https:\/\/ritosa.click.si\/hr\/ducan\/biciklizam\/oprema-za-biciklizam\/kolesarske-celade\/otroske-kolesarske-celade\/cube-fleet\/","title":{"rendered":"Cube Fleet"},"content":{"rendered":"<p data-start=\"113\" data-end=\"538\">\u010celada Cube Fleet je zasnovana tako, da izpolnjuje visoke standarde CUBE-ovega koncepta Natural Fit \u2013 naprednega ergonomskega sistema, razvitega znotraj podjetja. Oblika in funkcija sta usklajeni tako, da se popolnoma prilagajata va\u0161i telesni anatomiji. In-mold konstrukcija zagotavlja odli\u010dno stabilnost, nizko te\u017eo in u\u010dinkovito prezra\u010devanje zahvaljujo\u010d 14 velikim prezra\u010devalnim odprtinam ter izbolj\u0161anim zra\u010dnim kanalom.<\/p>\n<p data-start=\"540\" data-end=\"714\">Za dodatno varnost je \u010delada opremljena s <strong data-start=\"582\" data-end=\"644\">sistemom MIPS (Multi-directional Impact Protection System)<\/strong>, ki zmanj\u0161uje rotacijske sile ob padcu in tako dodatno \u0161\u010diti mo\u017egane.<\/p>\n<p data-start=\"716\" data-end=\"1006\">Pameten sistem SNAP 360 Fit omogo\u010da nastavitev z eno roko, prilagodljiva pa je tudi vi\u0161ina, kar zagotavlja varno in udobno prileganje. Odstranljive in pralne blazinice poskrbijo za higieno in sve\u017e ob\u010dutek med vo\u017enjo, na voljo pa so tudi debelej\u0161e blazinice za \u0161e bolj natan\u010dno prilagoditev.<\/p>\n<p data-start=\"1008\" data-end=\"1182\">Sprednja mre\u017eica proti insektom \u0161\u010diti pred mr\u010desom, odstranljiv vizir pa omogo\u010da prilagoditev sloga in uporabe. \u010celada je zdru\u017eljiva tudi z integriranim sistemom zadnje lu\u010di.<\/p>\n<h4 data-start=\"1008\" data-end=\"1182\"><strong data-start=\"1189\" data-end=\"1202\">Zna\u010dajke<\/strong><\/h4>\n<p data-start=\"1008\" data-end=\"1182\">\u2022 MIPS sistem za dodatno za\u0161\u010dito pri rotacijskih udarcih<br data-start=\"1261\" data-end=\"1264\" \/>\u2022 In-mold konstrukcija za nizko te\u017eo in visoko trdnost<br data-start=\"1318\" data-end=\"1321\" \/>\u2022 14 velikih prezra\u010devalnih odprtin<br data-start=\"1356\" data-end=\"1359\" \/>\u2022 Izbolj\u0161ani prezra\u010devalni kanali<br data-start=\"1392\" data-end=\"1395\" \/>\u2022 SNAP 360 Fit sistem z nastavitvijo vi\u0161ine in \u0161irine (upravljanje z eno roko)<br data-start=\"1473\" data-end=\"1476\" \/>\u2022 Mre\u017eica proti insektom v sprednjem delu<br data-start=\"1517\" data-end=\"1520\" \/>\u2022 Odstranljiv vizir<br data-start=\"1539\" data-end=\"1542\" \/>\u2022 Zdru\u017eljivost z integrirano zadnjo lu\u010djo<br data-start=\"1583\" data-end=\"1586\" \/>\u2022 Odstranljive in pralne blazinice<br data-start=\"1620\" data-end=\"1623\" \/>\u2022 Podlo\u017eeno zapenjanje pod brado<br data-start=\"1655\" data-end=\"1658\" \/>\u2022 Natural Fit koncept<\/p>\n<p data-start=\"1008\" data-end=\"1182\">","protected":false},"excerpt":{"rendered":"<p>Kolesarsa \u010delada CUBE FLEET &#8211; z sistemom Mips<\/p>","protected":false},"featured_media":22310,"template":"","meta":{"_acf_changed":false,"inline_featured_image":false},"product_brand":[1192],"product_cat":[577],"product_tag":[1198],"class_list":{"0":"post-22300","1":"product","2":"type-product","3":"status-publish","4":"has-post-thumbnail","6":"product_brand-cube","7":"product_cat-otroske-kolesarske-celade","8":"product_tag-otroci","9":"pa_velikost-49-55","11":"first","12":"instock","13":"taxable","14":"shipping-taxable","15":"purchasable","16":"product-type-variable"},"acf":[],"_links":{"self":[{"href":"https:\/\/ritosa.click.si\/hr\/wp-json\/wp\/v2\/product\/22300","targetHints":{"allow":["GET"]}}],"collection":[{"href":"https:\/\/ritosa.click.si\/hr\/wp-json\/wp\/v2\/product"}],"about":[{"href":"https:\/\/ritosa.click.si\/hr\/wp-json\/wp\/v2\/types\/product"}],"wp:featuredmedia":[{"embeddable":true,"href":"https:\/\/ritosa.click.si\/hr\/wp-json\/wp\/v2\/media\/22310"}],"wp:attachment":[{"href":"https:\/\/ritosa.click.si\/hr\/wp-json\/wp\/v2\/media?parent=22300"}],"wp:term":[{"taxonomy":"product_brand","embeddable":true,"href":"https:\/\/ritosa.click.si\/hr\/wp-json\/wp\/v2\/product_brand?post=22300"},{"taxonomy":"product_cat","embeddable":true,"href":"https:\/\/ritosa.click.si\/hr\/wp-json\/wp\/v2\/product_cat?post=22300"},{"taxonomy":"product_tag","embeddable":true,"href":"https:\/\/ritosa.click.si\/hr\/wp-json\/wp\/v2\/product_tag?post=22300"}],"curies":[{"name":"radni list","href":"https:\/\/api.w.org\/{rel}","templated":true}]}}