{"id":22166,"date":"2026-03-23T22:41:32","date_gmt":"2026-03-23T21:41:32","guid":{"rendered":"https:\/\/ritosa.click.si\/?post_type=product&#038;p=22166"},"modified":"2026-03-23T22:51:23","modified_gmt":"2026-03-23T21:51:23","slug":"mosko-mestno-kolo-28-my-way-21p","status":"publish","type":"product","link":"https:\/\/ritosa.click.si\/hr\/ducan\/biciklizam\/kotaci\/mestna-kolesa\/mosko-mestno-kolo-28-my-way-21p\/","title":{"rendered":"Gradski bicikl 28\u2033 My Way \u2013 21p"},"content":{"rendered":"<p><strong>Mo\u0161ko mestno kolo 28&#8243; My Way &#8211; 21 prestav<\/strong><\/p>\n<p>Velikost okvirja: 50 \/ 54 \/ 58 cm<br data-start=\"53\" data-end=\"56\" \/>Okvir: Aluminij<br data-start=\"71\" data-end=\"74\" \/>Vilica: Hi-ten<br data-start=\"88\" data-end=\"91\" \/>Zavore: Aluminijaste V-zavore<br data-start=\"120\" data-end=\"123\" \/>Ru\u010dice ko\u010dnica: Aluminij<br data-start=\"147\" data-end=\"150\" \/>Obro\u010di \/ kolesa: Aluminij, dvojna stena<br data-start=\"189\" data-end=\"192\" \/>Zadnji menjalnik: Shimano TY300<br data-start=\"223\" data-end=\"226\" \/>Prednji menjalnik: Shimano TY300<br data-start=\"258\" data-end=\"261\" \/>Prestavne ro\u010dice: Shimano Revoshift, 21-stopenjske<br data-start=\"373\" data-end=\"376\" \/>Kaseta: Shimano, 7-stopenjska<br data-start=\"405\" data-end=\"408\" \/>Gonilka: Aluminij, trojna (21 prestav)<br data-start=\"477\" data-end=\"480\" \/>Volan: Hi-ten<br data-start=\"494\" data-end=\"497\" \/>Lula krmila: Aluminij, nastavljiva<br data-start=\"531\" data-end=\"534\" \/>Cijev sjedala: Aluminij<br data-start=\"557\" data-end=\"560\" \/>Pnevmatike: 700x35c<br data-start=\"579\" data-end=\"582\" \/>Dodatna oprema: Lu\u010di, stojalo, prtlja\u017enik, nosilec za ko\u0161aro<br data-start=\"640\" data-end=\"643\" \/>Te\u017ea: 15 kg<\/p>","protected":false},"excerpt":{"rendered":"<p>Mo\u0161ko mestno kolo 28&#8243; My Way &#8211; 21 prestav<\/p>\n<ul>\n<li>Velikost: 54 (M)<\/li>\n<\/ul>","protected":false},"featured_media":22163,"template":"","meta":{"_acf_changed":false,"inline_featured_image":false,"_monsterinsights_skip_tracking":false,"_monsterinsights_sitenote_active":false,"_monsterinsights_sitenote_note":"","_monsterinsights_sitenote_category":0},"product_brand":[681],"product_cat":[500],"product_tag":[1199],"class_list":{"0":"post-22166","1":"product","2":"type-product","3":"status-publish","4":"has-post-thumbnail","6":"product_brand-speedcross","7":"product_cat-mestna-kolesa","8":"product_tag-zenske","10":"first","11":"instock","12":"sale","13":"taxable","14":"shipping-taxable","15":"purchasable","16":"product-type-simple"},"acf":[],"aioseo_notices":[],"_links":{"self":[{"href":"https:\/\/ritosa.click.si\/hr\/wp-json\/wp\/v2\/product\/22166","targetHints":{"allow":["GET"]}}],"collection":[{"href":"https:\/\/ritosa.click.si\/hr\/wp-json\/wp\/v2\/product"}],"about":[{"href":"https:\/\/ritosa.click.si\/hr\/wp-json\/wp\/v2\/types\/product"}],"wp:featuredmedia":[{"embeddable":true,"href":"https:\/\/ritosa.click.si\/hr\/wp-json\/wp\/v2\/media\/22163"}],"wp:attachment":[{"href":"https:\/\/ritosa.click.si\/hr\/wp-json\/wp\/v2\/media?parent=22166"}],"wp:term":[{"taxonomy":"product_brand","embeddable":true,"href":"https:\/\/ritosa.click.si\/hr\/wp-json\/wp\/v2\/product_brand?post=22166"},{"taxonomy":"product_cat","embeddable":true,"href":"https:\/\/ritosa.click.si\/hr\/wp-json\/wp\/v2\/product_cat?post=22166"},{"taxonomy":"product_tag","embeddable":true,"href":"https:\/\/ritosa.click.si\/hr\/wp-json\/wp\/v2\/product_tag?post=22166"}],"curies":[{"name":"radni list","href":"https:\/\/api.w.org\/{rel}","templated":true}]}}