{"id":22161,"date":"2026-03-23T22:31:40","date_gmt":"2026-03-23T21:31:40","guid":{"rendered":"https:\/\/ritosa.click.si\/?post_type=product&#038;p=22161"},"modified":"2026-03-23T22:45:55","modified_gmt":"2026-03-23T21:45:55","slug":"zensko-mestno-kolo-28-season-21p","status":"publish","type":"product","link":"https:\/\/ritosa.click.si\/hr\/ducan\/biciklizam\/kotaci\/mestna-kolesa\/zensko-mestno-kolo-28-season-21p\/","title":{"rendered":"\u017denski gradski bicikl 28\u2033 Season \u2013 21p"},"content":{"rendered":"<p><strong>\u017denski gradski bicikl 28\u2033 Season \u2013 21 brzina<\/strong><\/p>\n<ul>\n<li><strong>VELI\u010cINA:<\/strong> 44 cm<\/li>\n<li><strong>OKVIR:<\/strong> Aluminij<\/li>\n<li><strong>VILICE:<\/strong> Hi-ten ravni \u010delik<\/li>\n<li><strong>KO\u010cNICE:<\/strong> Aluminijske V-ko\u010dnice<\/li>\n<li><strong>RU\u010cICE KO\u010cNICA:<\/strong> Aluminij<\/li>\n<li><strong>PRSTENI:<\/strong> Aluminij, dvostruka stijenka<\/li>\n<li><strong>PRIJENOS:<\/strong> Shimano TY300<\/li>\n<li><strong>PREDNJI MJENJA\u010c:<\/strong> Shimano TY300<\/li>\n<li><strong>RU\u010cICE MJENJA\u010cA:<\/strong> Shimano Stef500<\/li>\n<li><strong>UPRAVLJANJE:<\/strong> Aluminij<\/li>\n<li><strong>NOSA\u010c UPRAVLJA\u010cA:<\/strong> Podesivi aluminij<\/li>\n<li><strong>PODR\u0160KA SJEDALA:<\/strong> Aluminij<\/li>\n<li><strong>KASETA:<\/strong> Shimano 7-brzinski<\/li>\n<li><strong>VOZA\u010c:<\/strong> Aluminij, trostruki<\/li>\n<li><strong>PRIBOR:<\/strong> Svjetla, postolje, nosa\u010d za prtljagu, nosa\u010d ko\u0161are<\/li>\n<li><strong>GUME:<\/strong> 700\u00d738<\/li>\n<li><strong>TE\u017dINA:<\/strong> 15 kg<\/li>\n<\/ul>","protected":false},"excerpt":{"rendered":"<p>\u017denski gradski bicikl 28\u2033 Season \u2013 21 brzina<\/p>","protected":false},"featured_media":22162,"template":"","meta":{"_acf_changed":false,"inline_featured_image":false},"product_brand":[681],"product_cat":[500],"product_tag":[1199],"class_list":{"0":"post-22161","1":"product","2":"type-product","3":"status-publish","4":"has-post-thumbnail","6":"product_brand-speedcross","7":"product_cat-mestna-kolesa","8":"product_tag-zenske","10":"first","11":"instock","12":"sale","13":"taxable","14":"shipping-taxable","15":"purchasable","16":"product-type-simple"},"acf":[],"_links":{"self":[{"href":"https:\/\/ritosa.click.si\/hr\/wp-json\/wp\/v2\/product\/22161","targetHints":{"allow":["GET"]}}],"collection":[{"href":"https:\/\/ritosa.click.si\/hr\/wp-json\/wp\/v2\/product"}],"about":[{"href":"https:\/\/ritosa.click.si\/hr\/wp-json\/wp\/v2\/types\/product"}],"wp:featuredmedia":[{"embeddable":true,"href":"https:\/\/ritosa.click.si\/hr\/wp-json\/wp\/v2\/media\/22162"}],"wp:attachment":[{"href":"https:\/\/ritosa.click.si\/hr\/wp-json\/wp\/v2\/media?parent=22161"}],"wp:term":[{"taxonomy":"product_brand","embeddable":true,"href":"https:\/\/ritosa.click.si\/hr\/wp-json\/wp\/v2\/product_brand?post=22161"},{"taxonomy":"product_cat","embeddable":true,"href":"https:\/\/ritosa.click.si\/hr\/wp-json\/wp\/v2\/product_cat?post=22161"},{"taxonomy":"product_tag","embeddable":true,"href":"https:\/\/ritosa.click.si\/hr\/wp-json\/wp\/v2\/product_tag?post=22161"}],"curies":[{"name":"radni list","href":"https:\/\/api.w.org\/{rel}","templated":true}]}}