{"id":22160,"date":"2026-03-23T22:28:45","date_gmt":"2026-03-23T21:28:45","guid":{"rendered":"https:\/\/ritosa.click.si\/?post_type=product&#038;p=22160"},"modified":"2026-03-23T22:30:05","modified_gmt":"2026-03-23T21:30:05","slug":"zensko-mestno-kolo-28-venus-7p","status":"publish","type":"product","link":"https:\/\/ritosa.click.si\/hr\/ducan\/biciklizam\/kotaci\/mestna-kolesa\/zensko-mestno-kolo-28-venus-7p\/","title":{"rendered":"\u017denski gradski bicikl 28\u2033 Venus \u2013 7p"},"content":{"rendered":"<p><strong>\u017densko mestno kolo 28&#8243; Venus &#8211; 7 prestav<\/strong><\/p>\n<p>OKVIR: Aluminij<br \/>\nVILICA: Hi-ten<br \/>\nKO\u010cNICE: Aluminijske V-ko\u010dnice<br \/>\nRU\u010cICE KO\u010cNICA: Aluminij<br \/>\nPRSTENOVI: Aluminij<br \/>\nMJENJA\u010c: Shimano TY21 (7 brzina)<br \/>\nMJENJA\u010cI: Shimano Revoshift<br \/>\nVOLAN: Hi-ten<br \/>\nUPRAVLJA\u010c: Aluminijski, podesiv<br \/>\nCIJEV SJEDALA: Aluminij<br \/>\nKASETA: Shimano, 7 brzina<br \/>\nKU\u0106I\u0160TE KARTILE: Aluminijsko, jednostruko<br \/>\nDODACI: Svjetla, stalak, nosa\u010d za prtljagu, nosa\u010d ko\u0161are<br \/>\nPNEVMATIKE: 700x35c<br \/>\nTE\u017dINA: 15 kg<\/p>","protected":false},"excerpt":{"rendered":"<p><span style=\"color: #000000\">\u017densko mestno kolo 28&#8221; Venus &#8211; 7 prestav<\/span><\/p>\n<p>&nbsp;<\/p>","protected":false},"featured_media":13754,"template":"","meta":{"_acf_changed":false,"inline_featured_image":false,"_monsterinsights_skip_tracking":false,"_monsterinsights_sitenote_active":false,"_monsterinsights_sitenote_note":"","_monsterinsights_sitenote_category":0},"product_brand":[681],"product_cat":[500],"product_tag":[1199],"class_list":{"0":"post-22160","1":"product","2":"type-product","3":"status-publish","4":"has-post-thumbnail","6":"product_brand-speedcross","7":"product_cat-mestna-kolesa","8":"product_tag-zenske","10":"first","11":"instock","12":"sale","13":"taxable","14":"shipping-taxable","15":"purchasable","16":"product-type-simple"},"acf":[],"aioseo_notices":[],"_links":{"self":[{"href":"https:\/\/ritosa.click.si\/hr\/wp-json\/wp\/v2\/product\/22160","targetHints":{"allow":["GET"]}}],"collection":[{"href":"https:\/\/ritosa.click.si\/hr\/wp-json\/wp\/v2\/product"}],"about":[{"href":"https:\/\/ritosa.click.si\/hr\/wp-json\/wp\/v2\/types\/product"}],"wp:featuredmedia":[{"embeddable":true,"href":"https:\/\/ritosa.click.si\/hr\/wp-json\/wp\/v2\/media\/13754"}],"wp:attachment":[{"href":"https:\/\/ritosa.click.si\/hr\/wp-json\/wp\/v2\/media?parent=22160"}],"wp:term":[{"taxonomy":"product_brand","embeddable":true,"href":"https:\/\/ritosa.click.si\/hr\/wp-json\/wp\/v2\/product_brand?post=22160"},{"taxonomy":"product_cat","embeddable":true,"href":"https:\/\/ritosa.click.si\/hr\/wp-json\/wp\/v2\/product_cat?post=22160"},{"taxonomy":"product_tag","embeddable":true,"href":"https:\/\/ritosa.click.si\/hr\/wp-json\/wp\/v2\/product_tag?post=22160"}],"curies":[{"name":"radni list","href":"https:\/\/api.w.org\/{rel}","templated":true}]}}