{"id":22153,"date":"2026-03-23T15:37:26","date_gmt":"2026-03-23T14:37:26","guid":{"rendered":"https:\/\/ritosa.click.si\/?post_type=product&#038;p=22153"},"modified":"2026-04-03T14:45:58","modified_gmt":"2026-04-03T12:45:58","slug":"otroska-celada-alpina-rupi-5","status":"publish","type":"product","link":"https:\/\/ritosa.click.si\/hr\/ducan\/biciklizam\/oprema-za-biciklizam\/kolesarske-celade\/otroske-kolesarske-celade\/otroska-celada-alpina-rupi-5\/","title":{"rendered":"ALPINA RUPI dje\u010dja kaciga"},"content":{"rendered":"<p>Alpina RUPI je dje\u010dja kaciga za cijelo lice za te\u0161ke planinske rute prekrivene korijenjem i kamenjem te mogu biti prili\u010dno nezgodne. Kaciga nudi svestranu za\u0161titu, unato\u010d izuzetno maloj te\u017eini od samo 385 g, zahvaljuju\u0107i INMOLD tehnologiji koja kombinira vanjsku tvrdu \u0161koljku s unutarnjim Hi-EPS dijelom i tako osigurava najvi\u0161u razinu sigurnosti. Zahvaljuju\u0107i uklonjivom \u0161titniku za bradu, dje\u010dja kaciga prikladna je i za spust i za svakodnevnu upotrebu! Vizir, koji ina\u010de slu\u017ei kao za\u0161tita od sunca, blata i kamenja, tako\u0111er se mo\u017ee uklonjiti. 15 otvora za ventilaciju osigurava da je kaciga vrlo prozra\u010dna.<\/p>\n<ul>\n<li>HI-EPS \u2013 optimalna apsorpcija udara zahvaljuju\u0107i Hi-EPS materijalu s mikroskopski malim zra\u010dnim komorama<\/li>\n<li>Inmold Tec \u2013 Mala te\u017eina je zahvaljuju\u0107i Inmold tehnologiji, gdje je gornja \u0161koljka termi\u010dki spojena s Hi-EPS-om. To rezultira \u010dvrstom povr\u0161inskom vezom, pru\u017eaju\u0107i vrlo \u010dvrst dizajn.<\/li>\n<li>Za\u0161tita rubova: za\u0161titni sloj koji kacigu \u010dini otpornijom na lomove i ogrebotine te nudi dodatnu za\u0161titu od vanjskih utjecaja tijekom \u010deste upotrebe<\/li>\n<li>Kerami\u010dka \u0161koljka: naziv za vanjsku \u0161koljku svih Alpina kaciga izra\u0111enih Inmold postupkom. To je tanak, lagan materijal koji je izuzetno otporan na udarce i ogrebotine, sadr\u017ei UV stabilizatore i antistati\u010dan je.<\/li>\n<li>Run System Classic \u2013 sustav finog pode\u0161avanja je fluidan i mekan na dodir, osiguravaju\u0107i najvi\u0161u razinu udobnosti<\/li>\n<li>Te\u017eina kacige 385 g<\/li>\n<li>15 ventilacijskih otvora osigurava idealan protok zraka unutra<\/li>\n<li>Mre\u017ea za muhe \u2013 mre\u017ea za za\u0161titu od insekata<\/li>\n<\/ul>","protected":false},"excerpt":{"rendered":"<p>ALPINA RUPI dje\u010dja biciklisti\u010dka kaciga s punim licem<\/p>","protected":false},"featured_media":22152,"template":"","meta":{"_acf_changed":false,"inline_featured_image":false},"product_brand":[678],"product_cat":[577],"product_tag":[1198],"class_list":{"0":"post-22153","1":"product","2":"type-product","3":"status-publish","4":"has-post-thumbnail","6":"product_brand-alpina","7":"product_cat-otroske-kolesarske-celade","8":"product_tag-otroci","9":"pa_velikost-50-55","11":"first","12":"instock","13":"sale","14":"taxable","15":"shipping-taxable","16":"purchasable","17":"product-type-variable"},"acf":[],"_links":{"self":[{"href":"https:\/\/ritosa.click.si\/hr\/wp-json\/wp\/v2\/product\/22153","targetHints":{"allow":["GET"]}}],"collection":[{"href":"https:\/\/ritosa.click.si\/hr\/wp-json\/wp\/v2\/product"}],"about":[{"href":"https:\/\/ritosa.click.si\/hr\/wp-json\/wp\/v2\/types\/product"}],"wp:featuredmedia":[{"embeddable":true,"href":"https:\/\/ritosa.click.si\/hr\/wp-json\/wp\/v2\/media\/22152"}],"wp:attachment":[{"href":"https:\/\/ritosa.click.si\/hr\/wp-json\/wp\/v2\/media?parent=22153"}],"wp:term":[{"taxonomy":"product_brand","embeddable":true,"href":"https:\/\/ritosa.click.si\/hr\/wp-json\/wp\/v2\/product_brand?post=22153"},{"taxonomy":"product_cat","embeddable":true,"href":"https:\/\/ritosa.click.si\/hr\/wp-json\/wp\/v2\/product_cat?post=22153"},{"taxonomy":"product_tag","embeddable":true,"href":"https:\/\/ritosa.click.si\/hr\/wp-json\/wp\/v2\/product_tag?post=22153"}],"curies":[{"name":"radni list","href":"https:\/\/api.w.org\/{rel}","templated":true}]}}